{"id":13,"date":"2025-01-27T15:32:27","date_gmt":"2025-01-27T15:32:27","guid":{"rendered":"https:\/\/zgyo.com.tr\/?page_id=13"},"modified":"2025-04-23T06:08:37","modified_gmt":"2025-04-23T06:08:37","slug":"surdurulebilirlik","status":"publish","type":"page","link":"https:\/\/zgyo.com.tr\/en\/surdurulebilirlik\/","title":{"rendered":"Sustainability"},"content":{"rendered":"<p>&nbsp;<\/p>\r\n\r\n\r\n\r\n<p class=\"has-text-align-center\"><strong>Sustainability<\/strong><br \/>As ZGYO, we put sustainability at the center of our business processes. We act in accordance with the principles of environmental, social and economic sustainability in all our investments and operations, and aim to leave a more livable world to future generations.<\/p>\r\n\r\n\r\n\r\n<p class=\"has-text-align-center\"><br \/><strong>Environmental Sustainability<\/strong><br \/>Environmental sensitivity is among our main priorities in our real estate projects. We carry out our construction processes in accordance with environmental sensitivities without harming nature. Especially in areas close to sensitive ecosystems such as forests and water basins, we realize our projects without harming these areas. We are committed to minimizing environmental impacts, protecting natural resources and implementing environmentally friendly practices in our projects.<\/p>\r\n\r\n\r\n\r\n<p class=\"has-text-align-center\"><br \/><strong>Energy Efficiency and Environmentally Friendly Buildings<\/strong><br \/>We aim to reduce our environmental impact by using energy-efficient technologies in our projects. We prefer sustainable materials in our construction processes and build environmentally sensitive structures. In this way, we both reduce energy consumption and take steps to minimize our carbon footprint.<\/p>\r\n\r\n\r\n\r\n<p class=\"has-text-align-center\"><strong>Social Sustainability<\/strong><br \/>We develop social sustainability projects to support social development. We touch the lives of young people and girls, especially through our investments in education and sports. Our scholarship programs that contribute to equal opportunity in education and our support for young athletes strengthen our mission to touch every segment of society.<\/p>\r\n\r\n\r\n\r\n<p class=\"has-text-align-center\"><br \/><strong>Economic Sustainability<\/strong><br \/>We act with risk management and long-term investment strategies to ensure financial sustainability. By using our resources efficiently in our investments, we create economic value that benefits both our investors and society.<\/p>","protected":false},"excerpt":{"rendered":"<p>&nbsp; S\u00fcrd\u00fcr\u00fclebilirlikZGYO olarak, s\u00fcrd\u00fcr\u00fclebilirli\u011fi i\u015f yap\u0131\u015f s\u00fcre\u00e7lerimizin merkezine al\u0131yoruz. T\u00fcm yat\u0131r\u0131mlar\u0131m\u0131zda ve operasyonlar\u0131m\u0131zda \u00e7evresel, sosyal ve ekonomik s\u00fcrd\u00fcr\u00fclebilirlik ilkelerine uygun hareket ediyor, gelecek nesillere daha ya\u015fanabilir bir d\u00fcnya b\u0131rakmay\u0131 hedefliyoruz. \u00c7evresel S\u00fcrd\u00fcr\u00fclebilirlikGayrimenkul projelerimizde \u00e7evreye duyarl\u0131l\u0131k, temel \u00f6nceliklerimiz aras\u0131ndad\u0131r. \u0130n\u015faat s\u00fcre\u00e7lerimizi do\u011faya zarar vermeden, \u00e7evresel hassasiyetlere uygun bir \u015fekilde ger\u00e7ekle\u015ftiriyoruz. \u00d6zellikle orman ve su havzalar\u0131 gibi hassas ekosistemlere yak\u0131n b\u00f6lgelerde, bu alanlara zarar vermeden projelerimizi hayata ge\u00e7iriyoruz. \u00c7evresel etkileri minimumda tutarak, do\u011fal kaynaklar\u0131 korumay\u0131 ve projelerimizde [&hellip;]<\/p>\n","protected":false},"author":1,"featured_media":317,"parent":0,"menu_order":0,"comment_status":"closed","ping_status":"closed","template":"","meta":{"inspiro_page_layout":"narrow","inspiro_hide_title":false,"footnotes":""},"class_list":["post-13","page","type-page","status-publish","has-post-thumbnail","hentry"],"_links":{"self":[{"href":"https:\/\/zgyo.com.tr\/en\/wp-json\/wp\/v2\/pages\/13","targetHints":{"allow":["GET"]}}],"collection":[{"href":"https:\/\/zgyo.com.tr\/en\/wp-json\/wp\/v2\/pages"}],"about":[{"href":"https:\/\/zgyo.com.tr\/en\/wp-json\/wp\/v2\/types\/page"}],"author":[{"embeddable":true,"href":"https:\/\/zgyo.com.tr\/en\/wp-json\/wp\/v2\/users\/1"}],"replies":[{"embeddable":true,"href":"https:\/\/zgyo.com.tr\/en\/wp-json\/wp\/v2\/comments?post=13"}],"version-history":[{"count":0,"href":"https:\/\/zgyo.com.tr\/en\/wp-json\/wp\/v2\/pages\/13\/revisions"}],"wp:featuredmedia":[{"embeddable":true,"href":"https:\/\/zgyo.com.tr\/en\/wp-json\/wp\/v2\/media\/317"}],"wp:attachment":[{"href":"https:\/\/zgyo.com.tr\/en\/wp-json\/wp\/v2\/media?parent=13"}],"curies":[{"name":"wp","href":"https:\/\/api.w.org\/{rel}","templated":true}]}}