{"id":308,"date":"2025-01-28T17:23:47","date_gmt":"2025-01-28T17:23:47","guid":{"rendered":"https:\/\/zgyo.com.tr\/?page_id=308"},"modified":"2025-04-23T06:08:24","modified_gmt":"2025-04-23T06:08:24","slug":"sosyal-sorumluluk","status":"publish","type":"page","link":"https:\/\/zgyo.com.tr\/en\/sosyal-sorumluluk\/","title":{"rendered":"Social Responsibility"},"content":{"rendered":"<p class=\"has-text-align-center\"><strong>Social Responsibility<\/strong><\/p>\n\n\n\n<p class=\"has-text-align-center\">At ZGYO, we attach great importance not only to investment projects but also to bringing sustainable values to society. We aim to improve human life, respect the environment and promote economic sustainability by fulfilling our social responsibility in every field we operate. With this sense of responsibility, we contribute to the development of society, especially in the fields of education and sports.<\/p>\n\n\n\n<p class=\"has-text-align-center\"><br><strong>Education Scholarships for Girls<\/strong><\/p>\n\n\n\n<p class=\"has-text-align-center\">ZGYO offers various scholarship programs to ensure equal opportunities in education. In this context, we support girls in particular to continue their education by providing them with educational scholarships. With these programs aiming to eliminate the gender gap in education, we are proud to contribute to the preparation of female students for the future in a stronger and better equipped way.<\/p>\n\n\n\n<p class=\"has-text-align-center\"><br><strong>TED Ankara College Basketball Team Sponsor<\/strong><\/p>\n\n\n\n<p class=\"has-text-align-center\">We continue our commitment to sports and youth development with our sponsorship of the TED Ankara College basketball team. With this sponsorship, we contribute to both the physical and personal development of young athletes. ZGYO continues to support the development of young people as healthy and successful individuals by enabling them to develop skills such as discipline, teamwork and leadership through sports.<\/p>\n\n\n\n<p class=\"has-text-align-center\"><br><strong>Social Investments<\/strong><\/p>\n\n\n\n<p class=\"has-text-align-center\">We aim to improve the welfare of society through various projects in the fields of education, health and social assistance. We increase educational opportunities for young people and support aid campaigns for disadvantaged groups. We aim to build a stronger and more sustainable social structure through our contributions to local communities.<\/p>\n\n\n\n<p class=\"has-text-align-center\"><br><strong>Employee Rights and Equality<\/strong><\/p>\n\n\n\n<p class=\"has-text-align-center\">Z GYO adopts respect for employee rights as a fundamental value. We offer a working environment where everyone has equal opportunities regardless of gender, age, ethnic origin or belief. We organize various programs to contribute to the personal and professional development of our employees, while continuously improving occupational health and safety standards.<\/p>\n\n\n\n<p><\/p>","protected":false},"excerpt":{"rendered":"<p>Sosyal Sorumluluk ZGYO olarak, yaln\u0131zca yat\u0131r\u0131m projelerine de\u011fil, topluma s\u00fcrd\u00fcr\u00fclebilir de\u011ferler kazand\u0131rmaya da b\u00fcy\u00fck \u00f6nem veriyoruz. Faaliyet g\u00f6sterdi\u011fimiz her alanda toplumsal sorumlulu\u011fumuzu yerine getirerek, insan hayat\u0131n\u0131 iyile\u015ftirmeyi, \u00e7evreye sayg\u0131 g\u00f6stermeyi ve ekonomik s\u00fcrd\u00fcr\u00fclebilirli\u011fi te\u015fvik etmeyi ama\u00e7l\u0131yoruz. Bu sorumluluk bilinciyle, \u00f6zellikle e\u011fitim ve spor alanlar\u0131nda toplumun geli\u015fimine katk\u0131 sa\u011fl\u0131yoruz. K\u0131z \u00c7ocuklar\u0131na E\u011fitim Burslar\u0131 ZGYO, e\u011fitimde f\u0131rsat e\u015fitli\u011fini sa\u011flamak ad\u0131na \u00e7e\u015fitli burs programlar\u0131 sunmaktad\u0131r. Bu kapsamda, \u00f6zellikle k\u0131z \u00e7ocuklar\u0131na e\u011fitim burslar\u0131 sa\u011flayarak onlar\u0131n e\u011fitim hayatlar\u0131na devam etmelerine [&hellip;]<\/p>\n","protected":false},"author":1,"featured_media":309,"parent":0,"menu_order":0,"comment_status":"closed","ping_status":"closed","template":"","meta":{"inspiro_page_layout":"narrow","inspiro_hide_title":false,"footnotes":""},"class_list":["post-308","page","type-page","status-publish","has-post-thumbnail","hentry"],"_links":{"self":[{"href":"https:\/\/zgyo.com.tr\/en\/wp-json\/wp\/v2\/pages\/308","targetHints":{"allow":["GET"]}}],"collection":[{"href":"https:\/\/zgyo.com.tr\/en\/wp-json\/wp\/v2\/pages"}],"about":[{"href":"https:\/\/zgyo.com.tr\/en\/wp-json\/wp\/v2\/types\/page"}],"author":[{"embeddable":true,"href":"https:\/\/zgyo.com.tr\/en\/wp-json\/wp\/v2\/users\/1"}],"replies":[{"embeddable":true,"href":"https:\/\/zgyo.com.tr\/en\/wp-json\/wp\/v2\/comments?post=308"}],"version-history":[{"count":0,"href":"https:\/\/zgyo.com.tr\/en\/wp-json\/wp\/v2\/pages\/308\/revisions"}],"wp:featuredmedia":[{"embeddable":true,"href":"https:\/\/zgyo.com.tr\/en\/wp-json\/wp\/v2\/media\/309"}],"wp:attachment":[{"href":"https:\/\/zgyo.com.tr\/en\/wp-json\/wp\/v2\/media?parent=308"}],"curies":[{"name":"wp","href":"https:\/\/api.w.org\/{rel}","templated":true}]}}