{"id":6988,"date":"2025-02-27T07:57:28","date_gmt":"2025-02-27T07:57:28","guid":{"rendered":"https:\/\/zgyo.com.tr\/?page_id=6988"},"modified":"2025-12-30T22:50:22","modified_gmt":"2025-12-30T19:50:22","slug":"proje-taslak","status":"publish","type":"page","link":"https:\/\/zgyo.com.tr\/en\/proje-taslak\/","title":{"rendered":"Projects"},"content":{"rendered":"<style>.elementor-6988 .elementor-element.elementor-element-4fbb693c > .elementor-container > .elementor-column > .elementor-widget-wrap{align-content:center;align-items:center;}.elementor-6988 .elementor-element.elementor-element-4fbb693c:not(.elementor-motion-effects-element-type-background), .elementor-6988 .elementor-element.elementor-element-4fbb693c > .elementor-motion-effects-container > .elementor-motion-effects-layer{background-color:#101010;}.elementor-6988 .elementor-element.elementor-element-4fbb693c{transition:background 0.3s, border 0.3s, border-radius 0.3s, box-shadow 0.3s;margin-top:50px;margin-bottom:0px;padding:0px 0px 0px 0px;}.elementor-6988 .elementor-element.elementor-element-4fbb693c > .elementor-background-overlay{transition:background 0.3s, border-radius 0.3s, opacity 0.3s;}.elementor-6988 .elementor-element.elementor-element-7ce16bf5.elementor-column > .elementor-widget-wrap{justify-content:center;}.elementor-6988 .elementor-element.elementor-element-7ce16bf5 .elementor-element-populated a{color:#FFFFFFB8;}.elementor-6988 .elementor-element.elementor-element-7ce16bf5 .elementor-element-populated a:hover{color:#FFFFFF;}.elementor-6988 .elementor-element.elementor-element-7ce16bf5 > .elementor-element-populated{margin:0px 0px 0px 0px;--e-column-margin-right:0px;--e-column-margin-left:0px;padding:0px 0px 0px 0px;}.elementor-6988 .elementor-element.elementor-element-42a49057{text-align:center;}.elementor-6988 .elementor-element.elementor-element-42a49057 .elementor-heading-title{font-family:\"Montserrat\", Sans-serif;font-size:26px;font-weight:700;text-transform:uppercase;color:#FFFFFF;}.elementor-6988 .elementor-element.elementor-element-42a49057 > .elementor-widget-container{margin:0px 0px 0px 0px;padding:0px 0px 0px 0px;}.elementor-6988 .elementor-element.elementor-element-202f3b52 .wpz-directors-nav ul li, .elementor-6988 .elementor-element.elementor-element-202f3b52 .wpz-directors-nav ul li a{font-family:\"Poppins\", Sans-serif;font-size:36px;font-weight:400;color:#FFFFFF;}.elementor-6988 .elementor-element.elementor-element-202f3b52 .wpz-directors-nav ul li:hover, .elementor-6988 .elementor-element.elementor-element-202f3b52 .wpz-directors-nav ul li a:hover{color:#C37E59;}.elementor-6988 .elementor-element.elementor-element-202f3b52 .wpz-directors-nav:hover li:not(:hover),.elementor-6988 .elementor-element.elementor-element-202f3b52 .wpz-directors-nav:hover li a:not(:hover){opacity:0.3;}.elementor-6988 .elementor-element.elementor-element-202f3b52 .wpz-director-object-container{opacity:1;}.elementor-6988 .elementor-element.elementor-element-202f3b52 > .elementor-widget-container{padding:100px 0px 50px 0px;}:root{--page-title-display:none;}@media(max-width:1024px){.elementor-6988 .elementor-element.elementor-element-202f3b52 .wpz-directors-nav ul li, .elementor-6988 .elementor-element.elementor-element-202f3b52 .wpz-directors-nav ul li a{font-size:41px;}}@media(max-width:767px){.elementor-6988 .elementor-element.elementor-element-42a49057 > .elementor-widget-container{margin:30px 30px 30px 30px;}.elementor-6988 .elementor-element.elementor-element-202f3b52 .wpz-directors-nav ul li, .elementor-6988 .elementor-element.elementor-element-202f3b52 .wpz-directors-nav ul li a{font-size:24px;}}<\/style>\t\t<div data-elementor-type=\"wp-page\" data-elementor-id=\"6988\" class=\"elementor elementor-6988\" data-elementor-post-type=\"page\">\n\t\t\t\t\t\t<section class=\"elementor-section elementor-top-section elementor-element elementor-element-4fbb693c elementor-section-full_width elementor-section-content-middle elementor-section-height-default elementor-section-height-default\" data-id=\"4fbb693c\" data-element_type=\"section\" data-e-type=\"section\" data-settings=\"{&quot;background_background&quot;:&quot;classic&quot;}\">\n\t\t\t\t\t\t<div class=\"elementor-container elementor-column-gap-default\">\n\t\t\t\t\t<div class=\"elementor-column elementor-col-100 elementor-top-column elementor-element elementor-element-7ce16bf5\" data-id=\"7ce16bf5\" data-element_type=\"column\" data-e-type=\"column\">\n\t\t\t<div class=\"elementor-widget-wrap elementor-element-populated\">\n\t\t\t\t\t\t<div class=\"elementor-element elementor-element-42a49057 elementor-widget elementor-widget-heading\" data-id=\"42a49057\" data-element_type=\"widget\" data-e-type=\"widget\" data-widget_type=\"heading.default\">\n\t\t\t\t<div class=\"elementor-widget-container\">\n\t\t\t\t\t<h2 class=\"elementor-heading-title elementor-size-default\">Directors<\/h2>\t\t\t\t<\/div>\n\t\t\t\t<\/div>\n\t\t\t\t<div class=\"elementor-element elementor-element-202f3b52 elementor-widget elementor-widget-wpzoom-elementor-addons-directors\" data-id=\"202f3b52\" data-element_type=\"widget\" data-e-type=\"widget\" data-widget_type=\"wpzoom-elementor-addons-directors.default\">\n\t\t\t\t<div class=\"elementor-widget-container\">\n\t\t\t\t\t\t<div id=\"wpz-directors\" class=\"wpz-directors-wrapper wpz-fullview-directors\" data-active-onhover=\"true\" data-active-onhover-options=\"{&quot;triggers&quot;:&quot;.wpz-directors-nav li&quot;,&quot;targets&quot;:&quot;.wpz-director-object-container .wpz-director-bg&quot;}\">\n\t\t\t\t<div class=\"wpz-director-object-container\">\n\t\t\t\t\t\t\t\t\t\t\t\t\t\t<div class=\"wpz-director-bg\">\n\t\t\t\t\t\t\t\t\t<video data-video-bg=\"true\" autoplay loop muted class=\"wpzoom-elementor-video\" src=\"https:\/\/zgyo.com.tr\/wp-content\/uploads\/2025\/03\/vlla-fnl.mp4\" ><\/video>\n\t\t\t\t\t\t\t\t<\/div>\n\t\t\t\t\t\t\t\t\t\t\t\t\t\t\t\t<div class=\"wpz-director-bg\">\n\t\t\t\t\t\t\t\t\t<video data-video-bg=\"true\" autoplay loop muted class=\"wpzoom-elementor-video\" src=\"https:\/\/zgyo.com.tr\/wp-content\/uploads\/2025\/03\/Lagun-Country-Club_Kis-v2.mp4\" ><\/video>\n\t\t\t\t\t\t\t\t<\/div>\n\t\t\t\t\t\t\t\t\t\t\t\t\t\t\t\t<div class=\"wpz-director-bg\">\n\t\t\t\t\t\t\t\t\t<video data-video-bg=\"true\" autoplay loop muted class=\"wpzoom-elementor-video\" src=\"https:\/\/zgyo.com.tr\/wp-content\/uploads\/2025\/03\/ffrest.mp4\" ><\/video>\n\t\t\t\t\t\t\t\t<\/div>\n\t\t\t\t\t\t\t\t\t\t\n\t\t\t\t\t\t\t\t\t\t\t<div class=\"wpz-director-bg\" data-responsive-bg=\"true\">\n\t\t\t\t\t\t\t<figure>\n\t\t\t\t\t\t\t\t<img decoding=\"async\" class=\"wpz-directors-img\" src=\"https:\/\/zgyo.com.tr\/wp-content\/uploads\/2014\/08\/z.jpg\" alt=\"KARAKUSUNLAR KARMA PROJES\u0130\">\n\t\t\t\t\t\t\t<\/figure>\n\t\t\t\t\t\t<\/div>\n\t\t\t\t\t\t\t\t\t\n\t\t\t\t\t\t\t\t\t\t\t\t\t\t<div class=\"wpz-director-bg\">\n\t\t\t\t\t\t\t\t\t<video data-video-bg=\"true\" autoplay loop muted class=\"wpzoom-elementor-video\" src=\"https:\/\/zgyo.com.tr\/wp-content\/uploads\/2025\/03\/Bilfen-Cukurambarr.mp4\" ><\/video>\n\t\t\t\t\t\t\t\t<\/div>\n\t\t\t\t\t\t\t<\/div><!--\/\/.wpz-directors-bg-container-->\n\t\t\n\n\t\t<nav class=\"wpz-directors-nav\">\n\t\t\t<ul>\n\t\t\t\t\t\t\t\t\t\t\t\t\t\t\t\t\t<li class=\"wpz-director-nav-item\">\n\t\t\t\t\t\t\t\t\t\t\t\t\t\t\t\t\t\t\t<a class=\"wpz-director-item-link\" href=\"https:\/\/zgyo.com.tr\/en\/z-lagun-villa\/\">\n\t\t\t\t\t\t\t\t\t\t\t\t\t\t<span>Z LAGUN V\u0130LLA (Diplomatik Site Projesi)<\/span>\n\t\t\t\t\t\t\t\t\t\t\t\t\t<\/a>\n\t\t\t\t\t\t\t\t\t\t\t\t<hr\/>\n\t\t\t\t\t<\/li>\n\t\t\t\t\t\t\t\t\t\t\t\t\t\t\t\t\t\t\t\t\t<li class=\"wpz-director-nav-item\">\n\t\t\t\t\t\t\t\t\t\t\t\t\t\t\t\t\t\t\t<a class=\"wpz-director-item-link\" href=\"https:\/\/zgyo.com.tr\/en\/lagun-country-club\/\">\n\t\t\t\t\t\t\t\t\t\t\t\t\t\t<span>LAGUN COUNTRY CLUB<\/span>\n\t\t\t\t\t\t\t\t\t\t\t\t\t<\/a>\n\t\t\t\t\t\t\t\t\t\t\t\t<hr\/>\n\t\t\t\t\t<\/li>\n\t\t\t\t\t\t\t\t\t\t\t\t\t\t\t\t\t\t\t\t\t<li class=\"wpz-director-nav-item\">\n\t\t\t\t\t\t\t\t\t\t\t\t\t\t\t\t\t\t\t<a class=\"wpz-director-item-link\" href=\"https:\/\/zgyo.com.tr\/en\/zforest2\/\">\n\t\t\t\t\t\t\t\t\t\t\t\t\t\t<span>LAGUN COUNTRY CLUB 2 (Z Forest)<\/span>\n\t\t\t\t\t\t\t\t\t\t\t\t\t<\/a>\n\t\t\t\t\t\t\t\t\t\t\t\t<hr\/>\n\t\t\t\t\t<\/li>\n\t\t\t\t\t\t\t\t\t\t\t\t\t\t\t\t\t\t\t\t\t<li class=\"wpz-director-nav-item\">\n\t\t\t\t\t\t\t\t\t\t\t\t\t\t\t\t\t\t\t<a class=\"wpz-director-item-link\" href=\"https:\/\/zgyo.com.tr\/en\/karakusunlar\/\">\n\t\t\t\t\t\t\t\t\t\t\t\t\t\t<span>KARAKUSUNLAR KARMA PROJES\u0130<\/span>\n\t\t\t\t\t\t\t\t\t\t\t\t\t<\/a>\n\t\t\t\t\t\t\t\t\t\t\t\t<hr\/>\n\t\t\t\t\t<\/li>\n\t\t\t\t\t\t\t\t\t\t\t\t\t\t\t\t\t\t\t\t\t<li class=\"wpz-director-nav-item\">\n\t\t\t\t\t\t\t\t\t\t\t\t\t\t\t\t\t\t\t<a class=\"wpz-director-item-link\" href=\"https:\/\/zgyo.com.tr\/en\/cukurambar-egitim-kampusu\/\">\n\t\t\t\t\t\t\t\t\t\t\t\t\t\t<span>\u00c7UKURAMBAR E\u011e\u0130T\u0130M KAMP\u00dcS\u00dc<\/span>\n\t\t\t\t\t\t\t\t\t\t\t\t\t<\/a>\n\t\t\t\t\t\t\t\t\t\t\t\t<hr\/>\n\t\t\t\t\t<\/li>\n\t\t\t\t\t\t\t\t\t\t<\/ul>\n\t\t<\/nav>\n\n\n\t<\/div><!--\/\/.wpz-directors-wrapper-->\n\n\t\t\t\t<\/div>\n\t\t\t\t<\/div>\n\t\t\t\t\t<\/div>\n\t\t<\/div>\n\t\t\t\t\t<\/div>\n\t\t<\/section>\n\t\t\t\t<\/div>","protected":false},"excerpt":{"rendered":"<p>Directors Z LAGUN V\u0130LLA (Diplomatik Site Projesi) LAGUN COUNTRY CLUB LAGUN COUNTRY CLUB 2 (Z Forest) KARAKUSUNLAR KARMA PROJES\u0130 \u00c7UKURAMBAR E\u011e\u0130T\u0130M KAMP\u00dcS\u00dc<\/p>","protected":false},"author":1,"featured_media":0,"parent":0,"menu_order":0,"comment_status":"closed","ping_status":"closed","template":"elementor_header_footer","meta":{"inspiro_page_layout":"narrow","inspiro_hide_title":false,"footnotes":""},"class_list":["post-6988","page","type-page","status-publish","hentry"],"_links":{"self":[{"href":"https:\/\/zgyo.com.tr\/en\/wp-json\/wp\/v2\/pages\/6988","targetHints":{"allow":["GET"]}}],"collection":[{"href":"https:\/\/zgyo.com.tr\/en\/wp-json\/wp\/v2\/pages"}],"about":[{"href":"https:\/\/zgyo.com.tr\/en\/wp-json\/wp\/v2\/types\/page"}],"author":[{"embeddable":true,"href":"https:\/\/zgyo.com.tr\/en\/wp-json\/wp\/v2\/users\/1"}],"replies":[{"embeddable":true,"href":"https:\/\/zgyo.com.tr\/en\/wp-json\/wp\/v2\/comments?post=6988"}],"version-history":[{"count":9,"href":"https:\/\/zgyo.com.tr\/en\/wp-json\/wp\/v2\/pages\/6988\/revisions"}],"predecessor-version":[{"id":8613,"href":"https:\/\/zgyo.com.tr\/en\/wp-json\/wp\/v2\/pages\/6988\/revisions\/8613"}],"wp:attachment":[{"href":"https:\/\/zgyo.com.tr\/en\/wp-json\/wp\/v2\/media?parent=6988"}],"curies":[{"name":"wp","href":"https:\/\/api.w.org\/{rel}","templated":true}]}}