{"id":8788,"date":"2026-03-17T21:02:30","date_gmt":"2026-03-17T18:02:30","guid":{"rendered":"https:\/\/zgyo.com.tr\/?page_id=8788"},"modified":"2026-03-17T21:03:19","modified_gmt":"2026-03-17T18:03:19","slug":"varsayimlara-iliskin-degerlendirme-raporu","status":"publish","type":"page","link":"https:\/\/zgyo.com.tr\/en\/varsayimlara-iliskin-degerlendirme-raporu\/","title":{"rendered":"Varsay\u0131mlara \u0130li\u015fkin De\u011ferlendirme Raporu"},"content":{"rendered":"<style>.elementor-8788 .elementor-element.elementor-element-91cc6dd{--display:flex;--flex-direction:column;--container-widget-width:100%;--container-widget-height:initial;--container-widget-flex-grow:0;--container-widget-align-self:initial;--flex-wrap-mobile:wrap;}.elementor-8788 .elementor-element.elementor-element-ed263f9{--display:flex;--min-height:223px;--flex-direction:column;--container-widget-width:100%;--container-widget-height:initial;--container-widget-flex-grow:0;--container-widget-align-self:initial;--flex-wrap-mobile:wrap;}.elementor-8788 .elementor-element.elementor-element-9200598 .elementor-button .elementor-button-content-wrapper{justify-content:center;}.elementor-8788 .elementor-element.elementor-element-9200598 .elementor-button{font-weight:600;fill:#000000;color:#000000;background-color:#E2E2E2;border-style:none;}.elementor-8788 .elementor-element.elementor-element-9200598.elementor-element{--flex-grow:0;--flex-shrink:0;}@media(max-width:767px){.elementor-8788 .elementor-element.elementor-element-9200598 .elementor-button .elementor-button-content-wrapper{justify-content:center;}}<\/style>\t\t<div data-elementor-type=\"wp-page\" data-elementor-id=\"8788\" class=\"elementor elementor-8788\" data-elementor-post-type=\"page\">\n\t\t\t\t<div class=\"elementor-element elementor-element-91cc6dd e-flex e-con-boxed e-con e-parent\" data-id=\"91cc6dd\" data-element_type=\"container\" data-e-type=\"container\">\n\t\t\t\t\t<div class=\"e-con-inner\">\n\t\t<div class=\"elementor-element elementor-element-ed263f9 e-con-full e-flex e-con e-child\" data-id=\"ed263f9\" data-element_type=\"container\" data-e-type=\"container\">\n\t\t\t\t<div class=\"elementor-element elementor-element-9200598 elementor-align-justify elementor-mobile-align-justify elementor-widget elementor-widget-button\" data-id=\"9200598\" data-element_type=\"widget\" data-e-type=\"widget\" data-widget_type=\"button.default\">\n\t\t\t\t<div class=\"elementor-widget-container\">\n\t\t\t\t\t\t\t\t\t<div class=\"elementor-button-wrapper\">\n\t\t\t\t\t<a class=\"elementor-button elementor-button-link elementor-size-sm\" href=\"https:\/\/zgyo.com.tr\/wp-content\/uploads\/2026\/03\/Varsayimlarin-Gerceklesmesi-Raporu-_31122025.pdf\">\n\t\t\t\t\t\t<span class=\"elementor-button-content-wrapper\">\n\t\t\t\t\t\t\t\t\t<span class=\"elementor-button-text\">Varsay\u0131mlara \u0130li\u015fkin De\u011ferlendirme Raporu<\/span>\n\t\t\t\t\t<\/span>\n\t\t\t\t\t<\/a>\n\t\t\t\t<\/div>\n\t\t\t\t\t\t\t\t<\/div>\n\t\t\t\t<\/div>\n\t\t\t\t<\/div>\n\t\t\t\t\t<\/div>\n\t\t\t\t<\/div>\n\t\t\t\t<\/div>","protected":false},"excerpt":{"rendered":"<p>Varsay\u0131mlara \u0130li\u015fkin De\u011ferlendirme Raporu<\/p>","protected":false},"author":3,"featured_media":0,"parent":0,"menu_order":0,"comment_status":"closed","ping_status":"closed","template":"","meta":{"inspiro_page_layout":"narrow","inspiro_hide_title":false,"footnotes":""},"class_list":["post-8788","page","type-page","status-publish","hentry"],"_links":{"self":[{"href":"https:\/\/zgyo.com.tr\/en\/wp-json\/wp\/v2\/pages\/8788","targetHints":{"allow":["GET"]}}],"collection":[{"href":"https:\/\/zgyo.com.tr\/en\/wp-json\/wp\/v2\/pages"}],"about":[{"href":"https:\/\/zgyo.com.tr\/en\/wp-json\/wp\/v2\/types\/page"}],"author":[{"embeddable":true,"href":"https:\/\/zgyo.com.tr\/en\/wp-json\/wp\/v2\/users\/3"}],"replies":[{"embeddable":true,"href":"https:\/\/zgyo.com.tr\/en\/wp-json\/wp\/v2\/comments?post=8788"}],"version-history":[{"count":4,"href":"https:\/\/zgyo.com.tr\/en\/wp-json\/wp\/v2\/pages\/8788\/revisions"}],"predecessor-version":[{"id":8796,"href":"https:\/\/zgyo.com.tr\/en\/wp-json\/wp\/v2\/pages\/8788\/revisions\/8796"}],"wp:attachment":[{"href":"https:\/\/zgyo.com.tr\/en\/wp-json\/wp\/v2\/media?parent=8788"}],"curies":[{"name":"wp","href":"https:\/\/api.w.org\/{rel}","templated":true}]}}