{"id":13,"date":"2025-01-27T15:32:27","date_gmt":"2025-01-27T15:32:27","guid":{"rendered":"https:\/\/zgyo.com.tr\/?page_id=13"},"modified":"2025-04-23T06:08:37","modified_gmt":"2025-04-23T06:08:37","slug":"surdurulebilirlik","status":"publish","type":"page","link":"https:\/\/zgyo.com.tr\/tr\/surdurulebilirlik\/","title":{"rendered":"S\u00fcrd\u00fcr\u00fclebilirlik"},"content":{"rendered":"\r\n<p>&nbsp;<\/p>\r\n\r\n\r\n\r\n<p class=\"has-text-align-center\"><strong>S\u00fcrd\u00fcr\u00fclebilirlik<\/strong><br \/>ZGYO olarak, s\u00fcrd\u00fcr\u00fclebilirli\u011fi i\u015f yap\u0131\u015f s\u00fcre\u00e7lerimizin merkezine al\u0131yoruz. T\u00fcm yat\u0131r\u0131mlar\u0131m\u0131zda ve operasyonlar\u0131m\u0131zda \u00e7evresel, sosyal ve ekonomik s\u00fcrd\u00fcr\u00fclebilirlik ilkelerine uygun hareket ediyor, gelecek nesillere daha ya\u015fanabilir bir d\u00fcnya b\u0131rakmay\u0131 hedefliyoruz.<\/p>\r\n\r\n\r\n\r\n<p class=\"has-text-align-center\"><br \/><strong>\u00c7evresel S\u00fcrd\u00fcr\u00fclebilirlik<\/strong><br \/>Gayrimenkul projelerimizde \u00e7evreye duyarl\u0131l\u0131k, temel \u00f6nceliklerimiz aras\u0131ndad\u0131r. \u0130n\u015faat s\u00fcre\u00e7lerimizi do\u011faya zarar vermeden, \u00e7evresel hassasiyetlere uygun bir \u015fekilde ger\u00e7ekle\u015ftiriyoruz. \u00d6zellikle orman ve su havzalar\u0131 gibi hassas ekosistemlere yak\u0131n b\u00f6lgelerde, bu alanlara zarar vermeden projelerimizi hayata ge\u00e7iriyoruz. \u00c7evresel etkileri minimumda tutarak, do\u011fal kaynaklar\u0131 korumay\u0131 ve projelerimizde \u00e7evre dostu uygulamalar\u0131 hayata ge\u00e7irmeyi taahh\u00fct ediyoruz.<\/p>\r\n\r\n\r\n\r\n<p class=\"has-text-align-center\"><br \/><strong>Enerji Verimlili\u011fi ve \u00c7evreye Duyarl\u0131 Yap\u0131lar<\/strong><br \/>Projelerimizde enerji verimlili\u011fi sa\u011flayan teknolojileri kullanarak, \u00e7evresel etkimizi azaltmay\u0131 hedefliyoruz. \u0130n\u015faat s\u00fcre\u00e7lerimizde s\u00fcrd\u00fcr\u00fclebilir malzemeler tercih ediyor, \u00e7evresel olarak duyarl\u0131 yap\u0131lar in\u015fa ediyoruz. Bu sayede, hem enerji t\u00fcketimini azalt\u0131yor hem de karbon ayak izimizi en aza indirmeye y\u00f6nelik ad\u0131mlar at\u0131yoruz.<\/p>\r\n\r\n\r\n\r\n<p class=\"has-text-align-center\"><strong>Sosyal S\u00fcrd\u00fcr\u00fclebilirlik<\/strong><br \/>Toplumsal geli\u015fimi desteklemek amac\u0131yla, sosyal s\u00fcrd\u00fcr\u00fclebilirlik projeleri geli\u015ftiriyoruz. \u00d6zellikle e\u011fitim ve spora yapt\u0131\u011f\u0131m\u0131z yat\u0131r\u0131mlarla, gen\u00e7lerin ve k\u0131z \u00e7ocuklar\u0131n\u0131n hayatlar\u0131na dokunuyoruz. E\u011fitimde f\u0131rsat e\u015fitli\u011fine katk\u0131 sa\u011flayan burs programlar\u0131m\u0131z ve gen\u00e7 sporculara verdi\u011fimiz destek, toplumun her kesimine dokunma misyonumuzu g\u00fc\u00e7lendiriyor.<\/p>\r\n\r\n\r\n\r\n<p class=\"has-text-align-center\"><br \/><strong>Ekonomik S\u00fcrd\u00fcr\u00fclebilirlik<\/strong><br \/>Finansal s\u00fcrd\u00fcr\u00fclebilirli\u011fi sa\u011flamak ad\u0131na, risk y\u00f6netimi ve uzun vadeli yat\u0131r\u0131m stratejileri ile hareket ediyoruz. Yat\u0131r\u0131mlar\u0131m\u0131zda kaynaklar\u0131m\u0131z\u0131 verimli kullanarak, hem yat\u0131r\u0131mc\u0131lar\u0131m\u0131za hem de topluma fayda sa\u011flayan ekonomik de\u011ferler yarat\u0131yoruz.<\/p>\r\n","protected":false},"excerpt":{"rendered":"<p>&nbsp; S\u00fcrd\u00fcr\u00fclebilirlikZGYO olarak, s\u00fcrd\u00fcr\u00fclebilirli\u011fi i\u015f yap\u0131\u015f s\u00fcre\u00e7lerimizin merkezine al\u0131yoruz. T\u00fcm yat\u0131r\u0131mlar\u0131m\u0131zda ve operasyonlar\u0131m\u0131zda \u00e7evresel, sosyal ve ekonomik s\u00fcrd\u00fcr\u00fclebilirlik ilkelerine uygun hareket ediyor, gelecek nesillere daha ya\u015fanabilir bir d\u00fcnya b\u0131rakmay\u0131 hedefliyoruz. \u00c7evresel S\u00fcrd\u00fcr\u00fclebilirlikGayrimenkul projelerimizde \u00e7evreye duyarl\u0131l\u0131k, temel \u00f6nceliklerimiz aras\u0131ndad\u0131r. \u0130n\u015faat s\u00fcre\u00e7lerimizi do\u011faya zarar vermeden, \u00e7evresel hassasiyetlere uygun bir \u015fekilde ger\u00e7ekle\u015ftiriyoruz. \u00d6zellikle orman ve su havzalar\u0131 gibi hassas ekosistemlere yak\u0131n b\u00f6lgelerde, bu alanlara zarar vermeden projelerimizi hayata ge\u00e7iriyoruz. \u00c7evresel etkileri minimumda tutarak, do\u011fal kaynaklar\u0131 korumay\u0131 ve projelerimizde [&hellip;]<\/p>\n","protected":false},"author":1,"featured_media":317,"parent":0,"menu_order":0,"comment_status":"closed","ping_status":"closed","template":"","meta":{"inspiro_page_layout":"narrow","inspiro_hide_title":false,"footnotes":""},"class_list":["post-13","page","type-page","status-publish","has-post-thumbnail","hentry"],"_links":{"self":[{"href":"https:\/\/zgyo.com.tr\/tr\/wp-json\/wp\/v2\/pages\/13","targetHints":{"allow":["GET"]}}],"collection":[{"href":"https:\/\/zgyo.com.tr\/tr\/wp-json\/wp\/v2\/pages"}],"about":[{"href":"https:\/\/zgyo.com.tr\/tr\/wp-json\/wp\/v2\/types\/page"}],"author":[{"embeddable":true,"href":"https:\/\/zgyo.com.tr\/tr\/wp-json\/wp\/v2\/users\/1"}],"replies":[{"embeddable":true,"href":"https:\/\/zgyo.com.tr\/tr\/wp-json\/wp\/v2\/comments?post=13"}],"version-history":[{"count":0,"href":"https:\/\/zgyo.com.tr\/tr\/wp-json\/wp\/v2\/pages\/13\/revisions"}],"wp:featuredmedia":[{"embeddable":true,"href":"https:\/\/zgyo.com.tr\/tr\/wp-json\/wp\/v2\/media\/317"}],"wp:attachment":[{"href":"https:\/\/zgyo.com.tr\/tr\/wp-json\/wp\/v2\/media?parent=13"}],"curies":[{"name":"wp","href":"https:\/\/api.w.org\/{rel}","templated":true}]}}