{"id":174,"date":"2025-01-28T13:11:58","date_gmt":"2025-01-28T13:11:58","guid":{"rendered":"https:\/\/zgyo.com.tr\/?page_id=174"},"modified":"2026-03-17T21:06:05","modified_gmt":"2026-03-17T18:06:05","slug":"yatirimci-iliskileri","status":"publish","type":"page","link":"https:\/\/zgyo.com.tr\/tr\/yatirimci-iliskileri\/","title":{"rendered":"Yat\u0131r\u0131mc\u0131 \u0130li\u015fkileri"},"content":{"rendered":"<style>.elementor-174 .elementor-element.elementor-element-f075ccd{--display:flex;--min-height:500px;--flex-direction:column;--container-widget-width:100%;--container-widget-height:initial;--container-widget-flex-grow:0;--container-widget-align-self:initial;--flex-wrap-mobile:wrap;--flex-wrap:wrap;--margin-top:-221px;--margin-bottom:0px;--margin-left:0px;--margin-right:0px;--padding-top:0px;--padding-bottom:0px;--padding-left:0px;--padding-right:0px;}.elementor-174 .elementor-element.elementor-element-f075ccd.e-con{--flex-grow:0;--flex-shrink:0;}.elementor-174 .elementor-element.elementor-element-2c07ff1 img{width:100%;max-width:100%;height:500px;}.elementor-174 .elementor-element.elementor-element-d0b42a7 .elementor-heading-title{font-size:55px;color:#0D3049;}.elementor-174 .elementor-element.elementor-element-d0b42a7 > .elementor-widget-container{margin:-86px 0px 0px 0px;padding:0px 0px 0px 104px;}.elementor-174 .elementor-element.elementor-element-d0b42a7{width:var( --container-widget-width, 100% );max-width:100%;--container-widget-width:100%;--container-widget-flex-grow:0;}.elementor-174 .elementor-element.elementor-element-b4665a0{--display:flex;}.elementor-174 .elementor-element.elementor-element-5f376c0{--divider-border-style:solid;--divider-color:#00000000;--divider-border-width:6.4px;}.elementor-174 .elementor-element.elementor-element-5f376c0 .elementor-divider-separator{width:100%;}.elementor-174 .elementor-element.elementor-element-5f376c0 .elementor-divider{padding-block-start:50px;padding-block-end:50px;}.elementor-174 .elementor-element.elementor-element-7da28de3{--display:flex;}.elementor-174 .elementor-element.elementor-element-915b500{--display:flex;}.elementor-174 .elementor-element.elementor-element-1b6ff5e{--display:flex;}.elementor-174 .elementor-element.elementor-element-5f01def{--display:flex;}.elementor-174 .elementor-element.elementor-element-0d28a63{--display:flex;}.elementor-174 .elementor-element.elementor-element-bff22d7{--display:flex;}.elementor-174 .elementor-element.elementor-element-d2d36cb{--divider-border-style:solid;--divider-color:#00000000;--divider-border-width:1px;}.elementor-174 .elementor-element.elementor-element-d2d36cb .elementor-divider-separator{width:100%;}.elementor-174 .elementor-element.elementor-element-d2d36cb .elementor-divider{padding-block-start:50px;padding-block-end:50px;}:root{--page-title-display:none;}@media(min-width:768px){.elementor-174 .elementor-element.elementor-element-f075ccd{--width:105.789%;}}<\/style>\t\t<div data-elementor-type=\"wp-page\" data-elementor-id=\"174\" class=\"elementor elementor-174\" data-elementor-post-type=\"page\">\n\t\t\t\t<div class=\"elementor-element elementor-element-f075ccd e-con-full e-flex e-con e-parent\" data-id=\"f075ccd\" data-element_type=\"container\" data-e-type=\"container\">\n\t\t\t\t<div class=\"elementor-element elementor-element-2c07ff1 elementor-widget elementor-widget-image\" data-id=\"2c07ff1\" data-element_type=\"widget\" data-e-type=\"widget\" data-widget_type=\"image.default\">\n\t\t\t\t<div class=\"elementor-widget-container\">\n\t\t\t\t\t\t\t\t\t\t\t\t\t\t\t<img fetchpriority=\"high\" decoding=\"async\" width=\"930\" height=\"430\" src=\"https:\/\/zgyo.com.tr\/wp-content\/uploads\/2025\/05\/yatirimci-iliskileri-1-1024x474.png\" class=\"attachment-large size-large wp-image-8197\" alt=\"\" srcset=\"https:\/\/zgyo.com.tr\/wp-content\/uploads\/2025\/05\/yatirimci-iliskileri-1-1024x474.png 1024w, https:\/\/zgyo.com.tr\/wp-content\/uploads\/2025\/05\/yatirimci-iliskileri-1-300x139.png 300w, https:\/\/zgyo.com.tr\/wp-content\/uploads\/2025\/05\/yatirimci-iliskileri-1-768x356.png 768w, https:\/\/zgyo.com.tr\/wp-content\/uploads\/2025\/05\/yatirimci-iliskileri-1-200x93.png 200w, https:\/\/zgyo.com.tr\/wp-content\/uploads\/2025\/05\/yatirimci-iliskileri-1-1000x463.png 1000w, https:\/\/zgyo.com.tr\/wp-content\/uploads\/2025\/05\/yatirimci-iliskileri-1-600x278.png 600w, https:\/\/zgyo.com.tr\/wp-content\/uploads\/2025\/05\/yatirimci-iliskileri-1.png 1080w\" sizes=\"(max-width: 930px) 100vw, 930px\" \/>\t\t\t\t\t\t\t\t\t\t\t\t\t\t\t<\/div>\n\t\t\t\t<\/div>\n\t\t\t\t<div class=\"elementor-element elementor-element-d0b42a7 elementor-widget__width-initial elementor-widget elementor-widget-heading\" data-id=\"d0b42a7\" data-element_type=\"widget\" data-e-type=\"widget\" data-widget_type=\"heading.default\">\n\t\t\t\t<div class=\"elementor-widget-container\">\n\t\t\t\t\t<h2 class=\"elementor-heading-title elementor-size-default\">Yat\u0131r\u0131mc\u0131 \u0130li\u015fkileri<\/h2>\t\t\t\t<\/div>\n\t\t\t\t<\/div>\n\t\t\t\t<\/div>\n\t\t<div class=\"elementor-element elementor-element-b4665a0 e-flex e-con-boxed e-con e-parent\" data-id=\"b4665a0\" data-element_type=\"container\" data-e-type=\"container\">\n\t\t\t\t\t<div class=\"e-con-inner\">\n\t\t\t\t<div class=\"elementor-element elementor-element-5f376c0 elementor-widget-divider--view-line elementor-widget elementor-widget-divider\" data-id=\"5f376c0\" data-element_type=\"widget\" data-e-type=\"widget\" data-widget_type=\"divider.default\">\n\t\t\t\t<div class=\"elementor-widget-container\">\n\t\t\t\t\t\t\t<div class=\"elementor-divider\">\n\t\t\t<span class=\"elementor-divider-separator\">\n\t\t\t\t\t\t<\/span>\n\t\t<\/div>\n\t\t\t\t\t\t<\/div>\n\t\t\t\t<\/div>\n\t\t\t\t\t<\/div>\n\t\t\t\t<\/div>\n\t\t<div class=\"elementor-element elementor-element-7da28de3 e-flex e-con-boxed e-con e-parent\" data-id=\"7da28de3\" data-element_type=\"container\" data-e-type=\"container\">\n\t\t\t\t\t<div class=\"e-con-inner\">\n\t\t\t\t<div class=\"elementor-element elementor-element-1deae9 elementor-widget elementor-widget-text-editor\" data-id=\"1deae9\" data-element_type=\"widget\" data-e-type=\"widget\" data-widget_type=\"text-editor.default\">\n\t\t\t\t<div class=\"elementor-widget-container\">\n\t\t\t\t\t\t\t\t\t<div style=\"display: flex; gap: 24px; justify-content: center; flex-wrap: wrap; max-width: 1200px; margin: auto;\"><div class=\"wp-block-button\" style=\"flex: 1; min-width: 300px; max-width: 350px;\"><a class=\"wp-block-button__link\" style=\"display: flex; align-items: center; justify-content: center; min-height: 140px; background-color: transparent; color: #c37e59; border: 2px solid #c37e59; padding: 0 36px; text-transform: uppercase; text-decoration: none; font-weight: 600; text-align: center; font-size: 18px; transition: background-color 0.3s ease, color 0.3s ease;\" href=\"https:\/\/zgyo.com.tr\/halka-arz-bilgileri\/\">Halka Arz Bilgileri<br \/><\/a><\/div><\/div>\t\t\t\t\t\t\t\t<\/div>\n\t\t\t\t<\/div>\n\t\t<div class=\"elementor-element elementor-element-915b500 e-con-full e-flex e-con e-child\" data-id=\"915b500\" data-element_type=\"container\" data-e-type=\"container\">\n\t\t\t\t<div class=\"elementor-element elementor-element-1e55725 elementor-widget elementor-widget-text-editor\" data-id=\"1e55725\" data-element_type=\"widget\" data-e-type=\"widget\" data-widget_type=\"text-editor.default\">\n\t\t\t\t<div class=\"elementor-widget-container\">\n\t\t\t\t\t\t\t\t\t<div style=\"display: flex; gap: 24px; justify-content: center; flex-wrap: wrap; max-width: 1200px; margin: auto;\"><div class=\"wp-block-button\" style=\"flex: 1; min-width: 300px; max-width: 350px;\"><a class=\"wp-block-button__link\" style=\"display: flex; align-items: center; justify-content: center; min-height: 140px; background-color: transparent; color: #c37e59; border: 2px solid #c37e59; padding: 0 36px; text-transform: uppercase; text-decoration: none; font-weight: 600; text-align: center; font-size: 18px; transition: background-color 0.3s ease, color 0.3s ease;\" href=\"https:\/\/zgyo.com.tr\/tr\/gayrimenkul-degerleme-raporlari\/\">Gayrimenkul de\u011ferleme raporlar\u0131<\/a><\/div><\/div>\t\t\t\t\t\t\t\t<\/div>\n\t\t\t\t<\/div>\n\t\t\t\t<\/div>\n\t\t<div class=\"elementor-element elementor-element-1b6ff5e e-con-full e-flex e-con e-child\" data-id=\"1b6ff5e\" data-element_type=\"container\" data-e-type=\"container\">\n\t\t\t\t<div class=\"elementor-element elementor-element-44666d1 elementor-widget elementor-widget-text-editor\" data-id=\"44666d1\" data-element_type=\"widget\" data-e-type=\"widget\" data-widget_type=\"text-editor.default\">\n\t\t\t\t<div class=\"elementor-widget-container\">\n\t\t\t\t\t\t\t\t\t<div style=\"display: flex; gap: 24px; justify-content: center; flex-wrap: wrap; max-width: 1200px; margin: auto;\"><div class=\"wp-block-button\" style=\"flex: 1; min-width: 300px; max-width: 350px;\"><a class=\"wp-block-button__link\" style=\"display: flex; align-items: center; justify-content: center; min-height: 140px; background-color: transparent; color: #c37e59; border: 2px solid #c37e59; padding: 0 36px; text-transform: uppercase; text-decoration: none; font-weight: 600; text-align: center; font-size: 18px; transition: background-color 0.3s ease, color 0.3s ease;\" href=\"https:\/\/zgyo.com.tr\/tr\/faaliyet-raporlari\/\">Faaliyet raporlar\u0131<\/a><\/div><\/div>\t\t\t\t\t\t\t\t<\/div>\n\t\t\t\t<\/div>\n\t\t<div class=\"elementor-element elementor-element-5f01def e-con-full e-flex e-con e-child\" data-id=\"5f01def\" data-element_type=\"container\" data-e-type=\"container\">\n\t\t\t\t<div class=\"elementor-element elementor-element-7c48e86 elementor-widget elementor-widget-text-editor\" data-id=\"7c48e86\" data-element_type=\"widget\" data-e-type=\"widget\" data-widget_type=\"text-editor.default\">\n\t\t\t\t<div class=\"elementor-widget-container\">\n\t\t\t\t\t\t\t\t\t<div style=\"display: flex; gap: 24px; justify-content: center; flex-wrap: wrap; max-width: 1200px; margin: auto;\"><div class=\"wp-block-button\" style=\"flex: 1; min-width: 300px; max-width: 350px;\"><a class=\"wp-block-button__link\" style=\"display: flex; align-items: center; justify-content: center; min-height: 140px; background-color: transparent; color: #c37e59; border: 2px solid #c37e59; padding: 0 36px; text-transform: uppercase; text-decoration: none; font-weight: 600; text-align: center; font-size: 18px; transition: background-color 0.3s ease, color 0.3s ease;\" href=\"https:\/\/zgyo.com.tr\/tr\/finansal-rapor\/\">Finansal rapor<br \/><\/a><\/div><\/div>\t\t\t\t\t\t\t\t<\/div>\n\t\t\t\t<\/div>\n\t\t<div class=\"elementor-element elementor-element-0d28a63 e-con-full e-flex e-con e-child\" data-id=\"0d28a63\" data-element_type=\"container\" data-e-type=\"container\">\n\t\t\t\t<div class=\"elementor-element elementor-element-c2f4e92 elementor-widget elementor-widget-text-editor\" data-id=\"c2f4e92\" data-element_type=\"widget\" data-e-type=\"widget\" data-widget_type=\"text-editor.default\">\n\t\t\t\t<div class=\"elementor-widget-container\">\n\t\t\t\t\t\t\t\t\t<div style=\"display: flex; gap: 24px; justify-content: center; flex-wrap: wrap; max-width: 1200px; margin: auto;\"><div class=\"wp-block-button\" style=\"flex: 1; min-width: 300px; max-width: 350px;\"><a class=\"wp-block-button__link\" style=\"display: flex; align-items: center; justify-content: center; min-height: 140px; background-color: transparent; color: #c37e59; border: 2px solid #c37e59; padding: 0 36px; text-transform: uppercase; text-decoration: none; font-weight: 600; text-align: center; font-size: 18px; transition: background-color 0.3s ease, color 0.3s ease;\" href=\"https:\/\/zgyo.com.tr\/tr\/varsayimlara-iliskin-degerlendirme-raporu\/\">Varsay\u0131mlara \u0130li\u015fkin De\u011ferlendirme Raporu<br \/><\/a><\/div><\/div>\t\t\t\t\t\t\t\t<\/div>\n\t\t\t\t<\/div>\n\t\t\t\t<\/div>\n\t\t\t\t<\/div>\n\t\t\t\t<\/div>\n\t\t\t\t\t<\/div>\n\t\t\t\t<\/div>\n\t\t<div class=\"elementor-element elementor-element-bff22d7 e-flex e-con-boxed e-con e-parent\" data-id=\"bff22d7\" data-element_type=\"container\" data-e-type=\"container\">\n\t\t\t\t\t<div class=\"e-con-inner\">\n\t\t\t\t<div class=\"elementor-element elementor-element-d2d36cb elementor-widget-divider--view-line elementor-widget elementor-widget-divider\" data-id=\"d2d36cb\" data-element_type=\"widget\" data-e-type=\"widget\" data-widget_type=\"divider.default\">\n\t\t\t\t<div class=\"elementor-widget-container\">\n\t\t\t\t\t\t\t<div class=\"elementor-divider\">\n\t\t\t<span class=\"elementor-divider-separator\">\n\t\t\t\t\t\t<\/span>\n\t\t<\/div>\n\t\t\t\t\t\t<\/div>\n\t\t\t\t<\/div>\n\t\t\t\t\t<\/div>\n\t\t\t\t<\/div>\n\t\t\t\t<\/div>\n\t\t","protected":false},"excerpt":{"rendered":"<p>Yat\u0131r\u0131mc\u0131 \u0130li\u015fkileri Halka Arz BilgileriGayrimenkul de\u011ferleme raporlar\u0131Faaliyet raporlar\u0131Finansal raporVarsay\u0131mlara \u0130li\u015fkin De\u011ferlendirme Raporu<\/p>\n","protected":false},"author":1,"featured_media":0,"parent":0,"menu_order":0,"comment_status":"closed","ping_status":"closed","template":"elementor_header_footer","meta":{"inspiro_page_layout":"narrow","inspiro_hide_title":false,"footnotes":""},"class_list":["post-174","page","type-page","status-publish","hentry"],"_links":{"self":[{"href":"https:\/\/zgyo.com.tr\/tr\/wp-json\/wp\/v2\/pages\/174","targetHints":{"allow":["GET"]}}],"collection":[{"href":"https:\/\/zgyo.com.tr\/tr\/wp-json\/wp\/v2\/pages"}],"about":[{"href":"https:\/\/zgyo.com.tr\/tr\/wp-json\/wp\/v2\/types\/page"}],"author":[{"embeddable":true,"href":"https:\/\/zgyo.com.tr\/tr\/wp-json\/wp\/v2\/users\/1"}],"replies":[{"embeddable":true,"href":"https:\/\/zgyo.com.tr\/tr\/wp-json\/wp\/v2\/comments?post=174"}],"version-history":[{"count":9,"href":"https:\/\/zgyo.com.tr\/tr\/wp-json\/wp\/v2\/pages\/174\/revisions"}],"predecessor-version":[{"id":8799,"href":"https:\/\/zgyo.com.tr\/tr\/wp-json\/wp\/v2\/pages\/174\/revisions\/8799"}],"wp:attachment":[{"href":"https:\/\/zgyo.com.tr\/tr\/wp-json\/wp\/v2\/media?parent=174"}],"curies":[{"name":"wp","href":"https:\/\/api.w.org\/{rel}","templated":true}]}}