{"id":218,"date":"2025-01-28T15:46:44","date_gmt":"2025-01-28T15:46:44","guid":{"rendered":"https:\/\/zgyo.com.tr\/?page_id=218"},"modified":"2025-12-30T23:28:51","modified_gmt":"2025-12-30T20:28:51","slug":"z-forest2","status":"publish","type":"page","link":"https:\/\/zgyo.com.tr\/tr\/z-forest2\/","title":{"rendered":"Lagun Country Club 2 (Z Forest)"},"content":{"rendered":"<style>.elementor-218 .elementor-element.elementor-element-b3e5edf{--display:grid;--e-con-grid-template-columns:repeat(3, 1fr);--e-con-grid-template-rows:repeat(2, 1fr);--grid-auto-flow:row;}.elementor-218 .elementor-element.elementor-element-6174f87{--display:flex;}.elementor-218 .elementor-element.elementor-element-6174f87.e-con{--flex-grow:0;--flex-shrink:0;}.elementor-218 .elementor-element.elementor-element-4b2d74a{columns:1;text-align:center;}.elementor-218 .elementor-element.elementor-element-4b2d74a > .elementor-widget-container{margin:0px 0px 0px 0px;padding:18px 18px 18px 18px;}.elementor-218 .elementor-element.elementor-element-4b2d74a.elementor-element{--align-self:center;}@media(min-width:768px){.elementor-218 .elementor-element.elementor-element-6174f87{--width:108.316%;}}@media(max-width:1024px){.elementor-218 .elementor-element.elementor-element-b3e5edf{--grid-auto-flow:row;}}@media(max-width:767px){.elementor-218 .elementor-element.elementor-element-b3e5edf{--e-con-grid-template-columns:repeat(1, 1fr);--e-con-grid-template-rows:repeat(2, 1fr);--grid-auto-flow:row;}}<\/style>\t\t<div data-elementor-type=\"wp-page\" data-elementor-id=\"218\" class=\"elementor elementor-218\" data-elementor-post-type=\"page\">\n\t\t\t\t<div class=\"elementor-element elementor-element-b3e5edf e-grid e-con-boxed e-con e-parent\" data-id=\"b3e5edf\" data-element_type=\"container\" data-e-type=\"container\">\n\t\t\t\t\t<div class=\"e-con-inner\">\n\t\t\t\t<div class=\"elementor-element elementor-element-6185c0d elementor-widget elementor-widget-image\" data-id=\"6185c0d\" data-element_type=\"widget\" data-e-type=\"widget\" data-widget_type=\"image.default\">\n\t\t\t\t<div class=\"elementor-widget-container\">\n\t\t\t\t\t\t\t\t\t\t\t\t\t\t\t\t<a href=\"https:\/\/zgyo.com.tr\/wp-content\/uploads\/2025\/12\/WhatsApp-Image-2025-12-30-at-22.41.54.jpeg\" data-elementor-open-lightbox=\"yes\" data-elementor-lightbox-title=\"WhatsApp Image 2025-12-30 at 22.41.54\" data-e-action-hash=\"#elementor-action%3Aaction%3Dlightbox%26settings%3DeyJpZCI6ODYxNCwidXJsIjoiaHR0cHM6XC9cL3pneW8uY29tLnRyXC93cC1jb250ZW50XC91cGxvYWRzXC8yMDI1XC8xMlwvV2hhdHNBcHAtSW1hZ2UtMjAyNS0xMi0zMC1hdC0yMi40MS41NC5qcGVnIn0%3D\">\n\t\t\t\t\t\t\t<img fetchpriority=\"high\" decoding=\"async\" width=\"930\" height=\"523\" src=\"https:\/\/zgyo.com.tr\/wp-content\/uploads\/2025\/12\/WhatsApp-Image-2025-12-30-at-22.41.54-1024x576.jpeg\" class=\"attachment-large size-large wp-image-8614\" alt=\"\" srcset=\"https:\/\/zgyo.com.tr\/wp-content\/uploads\/2025\/12\/WhatsApp-Image-2025-12-30-at-22.41.54-1024x576.jpeg 1024w, https:\/\/zgyo.com.tr\/wp-content\/uploads\/2025\/12\/WhatsApp-Image-2025-12-30-at-22.41.54-300x169.jpeg 300w, https:\/\/zgyo.com.tr\/wp-content\/uploads\/2025\/12\/WhatsApp-Image-2025-12-30-at-22.41.54-768x432.jpeg 768w, https:\/\/zgyo.com.tr\/wp-content\/uploads\/2025\/12\/WhatsApp-Image-2025-12-30-at-22.41.54-18x10.jpeg 18w, https:\/\/zgyo.com.tr\/wp-content\/uploads\/2025\/12\/WhatsApp-Image-2025-12-30-at-22.41.54-200x113.jpeg 200w, https:\/\/zgyo.com.tr\/wp-content\/uploads\/2025\/12\/WhatsApp-Image-2025-12-30-at-22.41.54-1000x563.jpeg 1000w, https:\/\/zgyo.com.tr\/wp-content\/uploads\/2025\/12\/WhatsApp-Image-2025-12-30-at-22.41.54-996x560.jpeg 996w, https:\/\/zgyo.com.tr\/wp-content\/uploads\/2025\/12\/WhatsApp-Image-2025-12-30-at-22.41.54-600x338.jpeg 600w, https:\/\/zgyo.com.tr\/wp-content\/uploads\/2025\/12\/WhatsApp-Image-2025-12-30-at-22.41.54.jpeg 1280w\" sizes=\"(max-width: 930px) 100vw, 930px\" \/>\t\t\t\t\t\t\t\t<\/a>\n\t\t\t\t\t\t\t\t\t\t\t\t\t\t\t<\/div>\n\t\t\t\t<\/div>\n\t\t\t\t<div class=\"elementor-element elementor-element-c43b5ea elementor-widget elementor-widget-image\" data-id=\"c43b5ea\" data-element_type=\"widget\" data-e-type=\"widget\" data-widget_type=\"image.default\">\n\t\t\t\t<div class=\"elementor-widget-container\">\n\t\t\t\t\t\t\t\t\t\t\t\t\t\t\t\t<a href=\"https:\/\/zgyo.com.tr\/wp-content\/uploads\/2025\/12\/WhatsApp-Image-2025-12-30-at-22.42.44.jpeg\" data-elementor-open-lightbox=\"yes\" data-elementor-lightbox-title=\"WhatsApp Image 2025-12-30 at 22.42.44\" data-e-action-hash=\"#elementor-action%3Aaction%3Dlightbox%26settings%3DeyJpZCI6ODYxNSwidXJsIjoiaHR0cHM6XC9cL3pneW8uY29tLnRyXC93cC1jb250ZW50XC91cGxvYWRzXC8yMDI1XC8xMlwvV2hhdHNBcHAtSW1hZ2UtMjAyNS0xMi0zMC1hdC0yMi40Mi40NC5qcGVnIn0%3D\">\n\t\t\t\t\t\t\t<img decoding=\"async\" width=\"930\" height=\"523\" src=\"https:\/\/zgyo.com.tr\/wp-content\/uploads\/2025\/12\/WhatsApp-Image-2025-12-30-at-22.42.44-1024x576.jpeg\" class=\"attachment-large size-large wp-image-8615\" alt=\"\" srcset=\"https:\/\/zgyo.com.tr\/wp-content\/uploads\/2025\/12\/WhatsApp-Image-2025-12-30-at-22.42.44-1024x576.jpeg 1024w, https:\/\/zgyo.com.tr\/wp-content\/uploads\/2025\/12\/WhatsApp-Image-2025-12-30-at-22.42.44-300x169.jpeg 300w, https:\/\/zgyo.com.tr\/wp-content\/uploads\/2025\/12\/WhatsApp-Image-2025-12-30-at-22.42.44-768x432.jpeg 768w, https:\/\/zgyo.com.tr\/wp-content\/uploads\/2025\/12\/WhatsApp-Image-2025-12-30-at-22.42.44-18x10.jpeg 18w, https:\/\/zgyo.com.tr\/wp-content\/uploads\/2025\/12\/WhatsApp-Image-2025-12-30-at-22.42.44-200x113.jpeg 200w, https:\/\/zgyo.com.tr\/wp-content\/uploads\/2025\/12\/WhatsApp-Image-2025-12-30-at-22.42.44-1000x563.jpeg 1000w, https:\/\/zgyo.com.tr\/wp-content\/uploads\/2025\/12\/WhatsApp-Image-2025-12-30-at-22.42.44-996x560.jpeg 996w, https:\/\/zgyo.com.tr\/wp-content\/uploads\/2025\/12\/WhatsApp-Image-2025-12-30-at-22.42.44-600x338.jpeg 600w, https:\/\/zgyo.com.tr\/wp-content\/uploads\/2025\/12\/WhatsApp-Image-2025-12-30-at-22.42.44.jpeg 1280w\" sizes=\"(max-width: 930px) 100vw, 930px\" \/>\t\t\t\t\t\t\t\t<\/a>\n\t\t\t\t\t\t\t\t\t\t\t\t\t\t\t<\/div>\n\t\t\t\t<\/div>\n\t\t\t\t<div class=\"elementor-element elementor-element-b933933 elementor-widget elementor-widget-image\" data-id=\"b933933\" data-element_type=\"widget\" data-e-type=\"widget\" data-widget_type=\"image.default\">\n\t\t\t\t<div class=\"elementor-widget-container\">\n\t\t\t\t\t\t\t\t\t\t\t\t\t\t\t\t<a href=\"https:\/\/zgyo.com.tr\/wp-content\/uploads\/2025\/05\/ana-sayfa.png\" data-elementor-open-lightbox=\"yes\" data-elementor-lightbox-title=\"ana sayfa\" data-e-action-hash=\"#elementor-action%3Aaction%3Dlightbox%26settings%3DeyJpZCI6ODI1NiwidXJsIjoiaHR0cHM6XC9cL3pneW8uY29tLnRyXC93cC1jb250ZW50XC91cGxvYWRzXC8yMDI1XC8wNVwvYW5hLXNheWZhLnBuZyJ9\">\n\t\t\t\t\t\t\t<img decoding=\"async\" width=\"930\" height=\"523\" src=\"https:\/\/zgyo.com.tr\/wp-content\/uploads\/2025\/05\/ana-sayfa-1024x576.png\" class=\"attachment-large size-large wp-image-8256\" alt=\"\" srcset=\"https:\/\/zgyo.com.tr\/wp-content\/uploads\/2025\/05\/ana-sayfa-1024x576.png 1024w, https:\/\/zgyo.com.tr\/wp-content\/uploads\/2025\/05\/ana-sayfa-300x169.png 300w, https:\/\/zgyo.com.tr\/wp-content\/uploads\/2025\/05\/ana-sayfa-768x432.png 768w, https:\/\/zgyo.com.tr\/wp-content\/uploads\/2025\/05\/ana-sayfa-1536x864.png 1536w, https:\/\/zgyo.com.tr\/wp-content\/uploads\/2025\/05\/ana-sayfa-200x113.png 200w, https:\/\/zgyo.com.tr\/wp-content\/uploads\/2025\/05\/ana-sayfa-1000x563.png 1000w, https:\/\/zgyo.com.tr\/wp-content\/uploads\/2025\/05\/ana-sayfa-1800x1013.png 1800w, https:\/\/zgyo.com.tr\/wp-content\/uploads\/2025\/05\/ana-sayfa-996x560.png 996w, https:\/\/zgyo.com.tr\/wp-content\/uploads\/2025\/05\/ana-sayfa-600x338.png 600w, https:\/\/zgyo.com.tr\/wp-content\/uploads\/2025\/05\/ana-sayfa.png 1920w\" sizes=\"(max-width: 930px) 100vw, 930px\" \/>\t\t\t\t\t\t\t\t<\/a>\n\t\t\t\t\t\t\t\t\t\t\t\t\t\t\t<\/div>\n\t\t\t\t<\/div>\n\t\t\t\t<div class=\"elementor-element elementor-element-6fe4c7f elementor-widget elementor-widget-image\" data-id=\"6fe4c7f\" data-element_type=\"widget\" data-e-type=\"widget\" data-widget_type=\"image.default\">\n\t\t\t\t<div class=\"elementor-widget-container\">\n\t\t\t\t\t\t\t\t\t\t\t\t\t\t\t\t<a href=\"https:\/\/zgyo.com.tr\/wp-content\/uploads\/2025\/01\/Ekran-Goruntusu-191.png\" data-elementor-open-lightbox=\"yes\" data-elementor-lightbox-title=\"Ekran G\u00f6r\u00fcnt\u00fcs\u00fc (191)\" data-e-action-hash=\"#elementor-action%3Aaction%3Dlightbox%26settings%3DeyJpZCI6MjI0LCJ1cmwiOiJodHRwczpcL1wvemd5by5jb20udHJcL3dwLWNvbnRlbnRcL3VwbG9hZHNcLzIwMjVcLzAxXC9Fa3Jhbi1Hb3J1bnR1c3UtMTkxLnBuZyJ9\">\n\t\t\t\t\t\t\t<img loading=\"lazy\" decoding=\"async\" width=\"930\" height=\"523\" src=\"https:\/\/zgyo.com.tr\/wp-content\/uploads\/2025\/01\/Ekran-Goruntusu-191-1024x576.png\" class=\"attachment-large size-large wp-image-224\" alt=\"\" srcset=\"https:\/\/zgyo.com.tr\/wp-content\/uploads\/2025\/01\/Ekran-Goruntusu-191-1024x576.png 1024w, https:\/\/zgyo.com.tr\/wp-content\/uploads\/2025\/01\/Ekran-Goruntusu-191-300x169.png 300w, https:\/\/zgyo.com.tr\/wp-content\/uploads\/2025\/01\/Ekran-Goruntusu-191.png 1920w\" sizes=\"(max-width: 930px) 100vw, 930px\" \/>\t\t\t\t\t\t\t\t<\/a>\n\t\t\t\t\t\t\t\t\t\t\t\t\t\t\t<\/div>\n\t\t\t\t<\/div>\n\t\t\t\t<div class=\"elementor-element elementor-element-793c811 elementor-widget elementor-widget-image\" data-id=\"793c811\" data-element_type=\"widget\" data-e-type=\"widget\" data-widget_type=\"image.default\">\n\t\t\t\t<div class=\"elementor-widget-container\">\n\t\t\t\t\t\t\t\t\t\t\t\t\t\t\t\t<a href=\"https:\/\/zgyo.com.tr\/wp-content\/uploads\/2025\/02\/webbanner.png\" data-elementor-open-lightbox=\"yes\" data-elementor-lightbox-title=\"webbanner\" data-e-action-hash=\"#elementor-action%3Aaction%3Dlightbox%26settings%3DeyJpZCI6NDEzLCJ1cmwiOiJodHRwczpcL1wvemd5by5jb20udHJcL3dwLWNvbnRlbnRcL3VwbG9hZHNcLzIwMjVcLzAyXC93ZWJiYW5uZXIucG5nIn0%3D\">\n\t\t\t\t\t\t\t<img loading=\"lazy\" decoding=\"async\" width=\"930\" height=\"523\" src=\"https:\/\/zgyo.com.tr\/wp-content\/uploads\/2025\/02\/webbanner-1024x576.png\" class=\"attachment-large size-large wp-image-413\" alt=\"\" srcset=\"https:\/\/zgyo.com.tr\/wp-content\/uploads\/2025\/02\/webbanner-1024x576.png 1024w, https:\/\/zgyo.com.tr\/wp-content\/uploads\/2025\/02\/webbanner-300x169.png 300w, https:\/\/zgyo.com.tr\/wp-content\/uploads\/2025\/02\/webbanner.png 1920w\" sizes=\"(max-width: 930px) 100vw, 930px\" \/>\t\t\t\t\t\t\t\t<\/a>\n\t\t\t\t\t\t\t\t\t\t\t\t\t\t\t<\/div>\n\t\t\t\t<\/div>\n\t\t\t\t<div class=\"elementor-element elementor-element-2b353d7 elementor-widget elementor-widget-image\" data-id=\"2b353d7\" data-element_type=\"widget\" data-e-type=\"widget\" data-widget_type=\"image.default\">\n\t\t\t\t<div class=\"elementor-widget-container\">\n\t\t\t\t\t\t\t\t\t\t\t\t\t\t\t\t<a href=\"https:\/\/zgyo.com.tr\/wp-content\/uploads\/2025\/01\/Ekran-Goruntusu-192.png\" data-elementor-open-lightbox=\"yes\" data-elementor-lightbox-title=\"Ekran G\u00f6r\u00fcnt\u00fcs\u00fc (192)\" data-e-action-hash=\"#elementor-action%3Aaction%3Dlightbox%26settings%3DeyJpZCI6MjI1LCJ1cmwiOiJodHRwczpcL1wvemd5by5jb20udHJcL3dwLWNvbnRlbnRcL3VwbG9hZHNcLzIwMjVcLzAxXC9Fa3Jhbi1Hb3J1bnR1c3UtMTkyLnBuZyJ9\">\n\t\t\t\t\t\t\t<img loading=\"lazy\" decoding=\"async\" width=\"930\" height=\"523\" src=\"https:\/\/zgyo.com.tr\/wp-content\/uploads\/2025\/01\/Ekran-Goruntusu-192-1024x576.png\" class=\"attachment-large size-large wp-image-225\" alt=\"\" srcset=\"https:\/\/zgyo.com.tr\/wp-content\/uploads\/2025\/01\/Ekran-Goruntusu-192-1024x576.png 1024w, https:\/\/zgyo.com.tr\/wp-content\/uploads\/2025\/01\/Ekran-Goruntusu-192-300x169.png 300w, https:\/\/zgyo.com.tr\/wp-content\/uploads\/2025\/01\/Ekran-Goruntusu-192.png 1920w\" sizes=\"(max-width: 930px) 100vw, 930px\" \/>\t\t\t\t\t\t\t\t<\/a>\n\t\t\t\t\t\t\t\t\t\t\t\t\t\t\t<\/div>\n\t\t\t\t<\/div>\n\t\t\t\t\t<\/div>\n\t\t\t\t<\/div>\n\t\t<div class=\"elementor-element elementor-element-6174f87 e-con-full e-flex e-con e-parent\" data-id=\"6174f87\" data-element_type=\"container\" data-e-type=\"container\">\n\t\t\t\t<div class=\"elementor-element elementor-element-4b2d74a elementor-widget elementor-widget-text-editor\" data-id=\"4b2d74a\" data-element_type=\"widget\" data-e-type=\"widget\" data-widget_type=\"text-editor.default\">\n\t\t\t\t<div class=\"elementor-widget-container\">\n\t\t\t\t\t\t\t\t\t<p class=\"has-text-align-center\" style=\"box-sizing: inherit; margin-right: auto; margin-left: auto; max-width: 1200px; color: #444444; font-family: 'Kumbh Sans', sans-serif;\"><strong style=\"box-sizing: inherit;\">Lagun Country Club 2 (Z Forest)<\/strong><\/p>\n<p style=\"box-sizing: inherit; margin-right: auto; margin-left: auto; max-width: 1200px;\">Lokasyon: K\u0131z\u0131lcahamam\/ Ankara<\/p>\n<p style=\"box-sizing: inherit; margin-right: auto; margin-left: auto; max-width: 1200px;\">Proje Tipi: Otel<\/p>\n<p style=\"box-sizing: inherit; margin-right: auto; margin-left: auto; max-width: 1200px;\">Sekt\u00f6r\/Nitelik: Sa\u011fl\u0131k Turizmi<\/p>\n<p style=\"box-sizing: inherit; margin-right: auto; margin-bottom: 50px; margin-left: auto; max-width: 1200px;\">Sa\u011fl\u0131k turizmine uygun y\u00fcr\u00fcy\u00fc\u015f parkurlar\u0131, klinikler ve sosyal alanlar sunan projemiz, misafirlerine do\u011fayla i\u00e7 i\u00e7e bir deneyim vadediyor. Do\u011fa ve sa\u011fl\u0131k turizmine de hizmet eden bu proje, ziyaret\u00e7ilere huzur dolu bir ortamda keyifli vakit ge\u00e7irme imk\u00e2n\u0131 sunmaktad\u0131r. Projemiz, sa\u011fl\u0131k turizmi alan\u0131nda \u00f6nemli bir merkez olmay\u0131 hedeflemektedir.<\/p>\t\t\t\t\t\t\t\t<\/div>\n\t\t\t\t<\/div>\n\t\t\t\t<\/div>\n\t\t\t\t<\/div>\n\t\t","protected":false},"excerpt":{"rendered":"<p>Lagun Country Club 2 (Z Forest) Lokasyon: K\u0131z\u0131lcahamam\/ Ankara Proje Tipi: Otel Sekt\u00f6r\/Nitelik: Sa\u011fl\u0131k Turizmi Sa\u011fl\u0131k turizmine uygun y\u00fcr\u00fcy\u00fc\u015f parkurlar\u0131, klinikler ve sosyal alanlar sunan projemiz, misafirlerine do\u011fayla i\u00e7 i\u00e7e bir deneyim vadediyor. Do\u011fa ve sa\u011fl\u0131k turizmine de hizmet eden bu proje, ziyaret\u00e7ilere huzur dolu bir ortamda keyifli vakit ge\u00e7irme imk\u00e2n\u0131 sunmaktad\u0131r. Projemiz, sa\u011fl\u0131k turizmi alan\u0131nda \u00f6nemli bir merkez olmay\u0131 hedeflemektedir.<\/p>\n","protected":false},"author":1,"featured_media":414,"parent":0,"menu_order":0,"comment_status":"closed","ping_status":"closed","template":"","meta":{"inspiro_page_layout":"narrow","inspiro_hide_title":false,"footnotes":""},"class_list":["post-218","page","type-page","status-publish","has-post-thumbnail","hentry"],"_links":{"self":[{"href":"https:\/\/zgyo.com.tr\/tr\/wp-json\/wp\/v2\/pages\/218","targetHints":{"allow":["GET"]}}],"collection":[{"href":"https:\/\/zgyo.com.tr\/tr\/wp-json\/wp\/v2\/pages"}],"about":[{"href":"https:\/\/zgyo.com.tr\/tr\/wp-json\/wp\/v2\/types\/page"}],"author":[{"embeddable":true,"href":"https:\/\/zgyo.com.tr\/tr\/wp-json\/wp\/v2\/users\/1"}],"replies":[{"embeddable":true,"href":"https:\/\/zgyo.com.tr\/tr\/wp-json\/wp\/v2\/comments?post=218"}],"version-history":[{"count":23,"href":"https:\/\/zgyo.com.tr\/tr\/wp-json\/wp\/v2\/pages\/218\/revisions"}],"predecessor-version":[{"id":8626,"href":"https:\/\/zgyo.com.tr\/tr\/wp-json\/wp\/v2\/pages\/218\/revisions\/8626"}],"wp:featuredmedia":[{"embeddable":true,"href":"https:\/\/zgyo.com.tr\/tr\/wp-json\/wp\/v2\/media\/414"}],"wp:attachment":[{"href":"https:\/\/zgyo.com.tr\/tr\/wp-json\/wp\/v2\/media?parent=218"}],"curies":[{"name":"wp","href":"https:\/\/api.w.org\/{rel}","templated":true}]}}