{"id":269,"date":"2025-01-28T15:54:47","date_gmt":"2025-01-28T15:54:47","guid":{"rendered":"https:\/\/zgyo.com.tr\/?page_id=269"},"modified":"2025-04-23T06:12:41","modified_gmt":"2025-04-23T06:12:41","slug":"lagun-country-club","status":"publish","type":"page","link":"https:\/\/zgyo.com.tr\/tr\/lagun-country-club\/","title":{"rendered":"Lagun Country Club"},"content":{"rendered":"<style>.elementor-269 .elementor-element.elementor-element-717d09b{--display:grid;--min-height:0px;--e-con-grid-template-columns:repeat(3, 1fr);--e-con-grid-template-rows:repeat(2, 1fr);--gap:0px 0px;--row-gap:0px;--column-gap:0px;--grid-auto-flow:row;}.elementor-269 .elementor-element.elementor-element-2b2d695{--display:flex;}.elementor-269 .elementor-element.elementor-element-b23b2b2{text-align:center;}@media(max-width:1024px){.elementor-269 .elementor-element.elementor-element-717d09b{--grid-auto-flow:row;}}@media(max-width:767px){.elementor-269 .elementor-element.elementor-element-717d09b{--e-con-grid-template-columns:repeat(1, 1fr);--e-con-grid-template-rows:repeat(2, 1fr);--grid-auto-flow:row;}}<\/style>\t\t<div data-elementor-type=\"wp-page\" data-elementor-id=\"269\" class=\"elementor elementor-269\" data-elementor-post-type=\"page\">\n\t\t\t\t<div class=\"elementor-element elementor-element-717d09b e-grid e-con-boxed e-con e-parent\" data-id=\"717d09b\" data-element_type=\"container\" data-e-type=\"container\">\n\t\t\t\t\t<div class=\"e-con-inner\">\n\t\t\t\t<div class=\"elementor-element elementor-element-a296f4a elementor-widget elementor-widget-image\" data-id=\"a296f4a\" data-element_type=\"widget\" data-e-type=\"widget\" data-widget_type=\"image.default\">\n\t\t\t\t<div class=\"elementor-widget-container\">\n\t\t\t\t\t\t\t\t\t\t\t\t\t\t\t\t<a href=\"https:\/\/zgyo.com.tr\/wp-content\/uploads\/2025\/01\/1-1.png\" data-elementor-open-lightbox=\"yes\" data-elementor-lightbox-title=\"1-1\" data-e-action-hash=\"#elementor-action%3Aaction%3Dlightbox%26settings%3DeyJpZCI6MjYyLCJ1cmwiOiJodHRwczpcL1wvemd5by5jb20udHJcL3dwLWNvbnRlbnRcL3VwbG9hZHNcLzIwMjVcLzAxXC8xLTEucG5nIn0%3D\">\n\t\t\t\t\t\t\t<img fetchpriority=\"high\" decoding=\"async\" width=\"930\" height=\"523\" src=\"https:\/\/zgyo.com.tr\/wp-content\/uploads\/2025\/01\/1-1-1024x576.png\" class=\"attachment-large size-large wp-image-262\" alt=\"\" srcset=\"https:\/\/zgyo.com.tr\/wp-content\/uploads\/2025\/01\/1-1-1024x576.png 1024w, https:\/\/zgyo.com.tr\/wp-content\/uploads\/2025\/01\/1-1-300x169.png 300w, https:\/\/zgyo.com.tr\/wp-content\/uploads\/2025\/01\/1-1-2000x1125.png 2000w\" sizes=\"(max-width: 930px) 100vw, 930px\" \/>\t\t\t\t\t\t\t\t<\/a>\n\t\t\t\t\t\t\t\t\t\t\t\t\t\t\t<\/div>\n\t\t\t\t<\/div>\n\t\t\t\t<div class=\"elementor-element elementor-element-af81fb3 elementor-widget elementor-widget-image\" data-id=\"af81fb3\" data-element_type=\"widget\" data-e-type=\"widget\" data-widget_type=\"image.default\">\n\t\t\t\t<div class=\"elementor-widget-container\">\n\t\t\t\t\t\t\t\t\t\t\t\t\t\t\t\t<a href=\"https:\/\/zgyo.com.tr\/wp-content\/uploads\/2025\/01\/3-1-2.png\" data-elementor-open-lightbox=\"yes\" data-elementor-lightbox-title=\"3-1\" data-e-action-hash=\"#elementor-action%3Aaction%3Dlightbox%26settings%3DeyJpZCI6MjY0LCJ1cmwiOiJodHRwczpcL1wvemd5by5jb20udHJcL3dwLWNvbnRlbnRcL3VwbG9hZHNcLzIwMjVcLzAxXC8zLTEtMi5wbmcifQ%3D%3D\">\n\t\t\t\t\t\t\t<img decoding=\"async\" width=\"930\" height=\"523\" src=\"https:\/\/zgyo.com.tr\/wp-content\/uploads\/2025\/01\/3-1-2-1024x576.png\" class=\"attachment-large size-large wp-image-264\" alt=\"\" srcset=\"https:\/\/zgyo.com.tr\/wp-content\/uploads\/2025\/01\/3-1-2-1024x576.png 1024w, https:\/\/zgyo.com.tr\/wp-content\/uploads\/2025\/01\/3-1-2-300x169.png 300w, https:\/\/zgyo.com.tr\/wp-content\/uploads\/2025\/01\/3-1-2-2000x1125.png 2000w\" sizes=\"(max-width: 930px) 100vw, 930px\" \/>\t\t\t\t\t\t\t\t<\/a>\n\t\t\t\t\t\t\t\t\t\t\t\t\t\t\t<\/div>\n\t\t\t\t<\/div>\n\t\t\t\t<div class=\"elementor-element elementor-element-3adc961 elementor-widget elementor-widget-image\" data-id=\"3adc961\" data-element_type=\"widget\" data-e-type=\"widget\" data-widget_type=\"image.default\">\n\t\t\t\t<div class=\"elementor-widget-container\">\n\t\t\t\t\t\t\t\t\t\t\t\t\t\t\t\t<a href=\"https:\/\/zgyo.com.tr\/wp-content\/uploads\/2025\/01\/10-1-1.png\" data-elementor-open-lightbox=\"yes\" data-elementor-lightbox-title=\"10-1\" data-e-action-hash=\"#elementor-action%3Aaction%3Dlightbox%26settings%3DeyJpZCI6MjU4LCJ1cmwiOiJodHRwczpcL1wvemd5by5jb20udHJcL3dwLWNvbnRlbnRcL3VwbG9hZHNcLzIwMjVcLzAxXC8xMC0xLTEucG5nIn0%3D\">\n\t\t\t\t\t\t\t<img decoding=\"async\" width=\"930\" height=\"523\" src=\"https:\/\/zgyo.com.tr\/wp-content\/uploads\/2025\/01\/10-1-1-1024x576.png\" class=\"attachment-large size-large wp-image-258\" alt=\"\" srcset=\"https:\/\/zgyo.com.tr\/wp-content\/uploads\/2025\/01\/10-1-1-1024x576.png 1024w, https:\/\/zgyo.com.tr\/wp-content\/uploads\/2025\/01\/10-1-1-300x169.png 300w, https:\/\/zgyo.com.tr\/wp-content\/uploads\/2025\/01\/10-1-1-2000x1125.png 2000w\" sizes=\"(max-width: 930px) 100vw, 930px\" \/>\t\t\t\t\t\t\t\t<\/a>\n\t\t\t\t\t\t\t\t\t\t\t\t\t\t\t<\/div>\n\t\t\t\t<\/div>\n\t\t\t\t<div class=\"elementor-element elementor-element-4643d54 elementor-widget elementor-widget-image\" data-id=\"4643d54\" data-element_type=\"widget\" data-e-type=\"widget\" data-widget_type=\"image.default\">\n\t\t\t\t<div class=\"elementor-widget-container\">\n\t\t\t\t\t\t\t\t\t\t\t\t\t\t\t\t<a href=\"https:\/\/zgyo.com.tr\/wp-content\/uploads\/2025\/01\/5-1.png\" data-elementor-open-lightbox=\"yes\" data-elementor-lightbox-title=\"5-1\" data-e-action-hash=\"#elementor-action%3Aaction%3Dlightbox%26settings%3DeyJpZCI6MjY2LCJ1cmwiOiJodHRwczpcL1wvemd5by5jb20udHJcL3dwLWNvbnRlbnRcL3VwbG9hZHNcLzIwMjVcLzAxXC81LTEucG5nIn0%3D\">\n\t\t\t\t\t\t\t<img loading=\"lazy\" decoding=\"async\" width=\"930\" height=\"523\" src=\"https:\/\/zgyo.com.tr\/wp-content\/uploads\/2025\/01\/5-1-1024x576.png\" class=\"attachment-large size-large wp-image-266\" alt=\"\" srcset=\"https:\/\/zgyo.com.tr\/wp-content\/uploads\/2025\/01\/5-1-1024x576.png 1024w, https:\/\/zgyo.com.tr\/wp-content\/uploads\/2025\/01\/5-1-300x169.png 300w, https:\/\/zgyo.com.tr\/wp-content\/uploads\/2025\/01\/5-1-2000x1125.png 2000w\" sizes=\"(max-width: 930px) 100vw, 930px\" \/>\t\t\t\t\t\t\t\t<\/a>\n\t\t\t\t\t\t\t\t\t\t\t\t\t\t\t<\/div>\n\t\t\t\t<\/div>\n\t\t\t\t<div class=\"elementor-element elementor-element-1f1a085 elementor-widget elementor-widget-image\" data-id=\"1f1a085\" data-element_type=\"widget\" data-e-type=\"widget\" data-widget_type=\"image.default\">\n\t\t\t\t<div class=\"elementor-widget-container\">\n\t\t\t\t\t\t\t\t\t\t\t\t\t\t\t\t<a href=\"https:\/\/zgyo.com.tr\/wp-content\/uploads\/2025\/01\/9-1.png\" data-elementor-open-lightbox=\"yes\" data-elementor-lightbox-title=\"9-1\" data-e-action-hash=\"#elementor-action%3Aaction%3Dlightbox%26settings%3DeyJpZCI6MjU3LCJ1cmwiOiJodHRwczpcL1wvemd5by5jb20udHJcL3dwLWNvbnRlbnRcL3VwbG9hZHNcLzIwMjVcLzAxXC85LTEucG5nIn0%3D\">\n\t\t\t\t\t\t\t<img loading=\"lazy\" decoding=\"async\" width=\"930\" height=\"523\" src=\"https:\/\/zgyo.com.tr\/wp-content\/uploads\/2025\/01\/9-1-1024x576.png\" class=\"attachment-large size-large wp-image-257\" alt=\"\" srcset=\"https:\/\/zgyo.com.tr\/wp-content\/uploads\/2025\/01\/9-1-1024x576.png 1024w, https:\/\/zgyo.com.tr\/wp-content\/uploads\/2025\/01\/9-1-300x169.png 300w, https:\/\/zgyo.com.tr\/wp-content\/uploads\/2025\/01\/9-1-2000x1125.png 2000w\" sizes=\"(max-width: 930px) 100vw, 930px\" \/>\t\t\t\t\t\t\t\t<\/a>\n\t\t\t\t\t\t\t\t\t\t\t\t\t\t\t<\/div>\n\t\t\t\t<\/div>\n\t\t\t\t<div class=\"elementor-element elementor-element-5aab8a5 elementor-widget elementor-widget-image\" data-id=\"5aab8a5\" data-element_type=\"widget\" data-e-type=\"widget\" data-widget_type=\"image.default\">\n\t\t\t\t<div class=\"elementor-widget-container\">\n\t\t\t\t\t\t\t\t\t\t\t\t\t\t\t\t<a href=\"https:\/\/zgyo.com.tr\/wp-content\/uploads\/2025\/01\/6-1-1.png\" data-elementor-open-lightbox=\"yes\" data-elementor-lightbox-title=\"6-1\" data-e-action-hash=\"#elementor-action%3Aaction%3Dlightbox%26settings%3DeyJpZCI6MjU0LCJ1cmwiOiJodHRwczpcL1wvemd5by5jb20udHJcL3dwLWNvbnRlbnRcL3VwbG9hZHNcLzIwMjVcLzAxXC82LTEtMS5wbmcifQ%3D%3D\">\n\t\t\t\t\t\t\t<img loading=\"lazy\" decoding=\"async\" width=\"930\" height=\"523\" src=\"https:\/\/zgyo.com.tr\/wp-content\/uploads\/2025\/01\/6-1-1-1024x576.png\" class=\"attachment-large size-large wp-image-254\" alt=\"\" srcset=\"https:\/\/zgyo.com.tr\/wp-content\/uploads\/2025\/01\/6-1-1-1024x576.png 1024w, https:\/\/zgyo.com.tr\/wp-content\/uploads\/2025\/01\/6-1-1-300x169.png 300w, https:\/\/zgyo.com.tr\/wp-content\/uploads\/2025\/01\/6-1-1-2000x1125.png 2000w\" sizes=\"(max-width: 930px) 100vw, 930px\" \/>\t\t\t\t\t\t\t\t<\/a>\n\t\t\t\t\t\t\t\t\t\t\t\t\t\t\t<\/div>\n\t\t\t\t<\/div>\n\t\t\t\t\t<\/div>\n\t\t\t\t<\/div>\n\t\t<div class=\"elementor-element elementor-element-2b2d695 e-flex e-con-boxed e-con e-parent\" data-id=\"2b2d695\" data-element_type=\"container\" data-e-type=\"container\">\n\t\t\t\t\t<div class=\"e-con-inner\">\n\t\t\t\t<div class=\"elementor-element elementor-element-b23b2b2 elementor-widget elementor-widget-text-editor\" data-id=\"b23b2b2\" data-element_type=\"widget\" data-e-type=\"widget\" data-widget_type=\"text-editor.default\">\n\t\t\t\t<div class=\"elementor-widget-container\">\n\t\t\t\t\t\t\t\t\t<p class=\"has-text-align-center\" style=\"box-sizing: inherit; margin-right: auto; margin-left: auto; max-width: 1200px; color: #444444; font-family: 'Kumbh Sans', sans-serif;\"><strong style=\"box-sizing: inherit;\">Lagun Country Club<br \/><\/strong>Lokasyon: K\u0131z\u0131lcahamam\/ Ankara<br style=\"box-sizing: inherit;\" \/>Proje Tipi: Otel<br style=\"box-sizing: inherit;\" \/>Sekt\u00f6r\/Nitelik: Otel ve Konaklama<\/p>\n<p class=\"has-text-align-center\" style=\"box-sizing: inherit; margin-right: auto; margin-bottom: 28px; margin-left: auto; max-width: 1200px; color: #444444; font-family: 'Kumbh Sans', sans-serif;\">Do\u011fa, sa\u011fl\u0131k ve spor turizmine uygun, g\u00f6l manzaral\u0131 da\u011f evi-otel projemiz, do\u011fayla i\u00e7 i\u00e7e bir ya\u015fam sunmakta. Restoranlar, klinik, at \u00e7iftli\u011fi, spor ve y\u00fcr\u00fcy\u00fc\u015f alanlar\u0131, spalar gibi zengin sosyal olanaklarla, ziyaret\u00e7ilerimize hem dinlenme hem de aktivite dolu bir deneyim vadediyoruz. Lagun Country Club projesi, farkl\u0131 ilgi alanlar\u0131na sahip kullan\u0131c\u0131lar i\u00e7in benzersiz bir turizm merkezi olmay\u0131 hedeflemektedir.<\/p>\t\t\t\t\t\t\t\t<\/div>\n\t\t\t\t<\/div>\n\t\t\t\t\t<\/div>\n\t\t\t\t<\/div>\n\t\t\t\t<\/div>\n\t\t","protected":false},"excerpt":{"rendered":"<p>Lagun Country Club Lokasyon: K\u0131z\u0131lcahamam\/ AnkaraProje Tipi: OtelSekt\u00f6r\/Nitelik: Otel ve Konaklama Do\u011fa, sa\u011fl\u0131k ve spor turizmine uygun, g\u00f6l manzaral\u0131 da\u011f evi-otel projemiz, do\u011fayla i\u00e7 i\u00e7e bir ya\u015fam sunmakta. Restoranlar, klinik, at \u00e7iftli\u011fi, spor ve y\u00fcr\u00fcy\u00fc\u015f alanlar\u0131, spalar gibi zengin sosyal olanaklarla, ziyaret\u00e7ilerimize hem dinlenme hem de aktivite dolu bir deneyim vadediyoruz. Lagun Country Club projesi, farkl\u0131 ilgi alanlar\u0131na sahip kullan\u0131c\u0131lar i\u00e7in benzersiz bir turizm merkezi olmay\u0131 hedeflemektedir.<\/p>\n","protected":false},"author":1,"featured_media":264,"parent":0,"menu_order":0,"comment_status":"closed","ping_status":"closed","template":"","meta":{"inspiro_page_layout":"narrow","inspiro_hide_title":false,"footnotes":""},"class_list":["post-269","page","type-page","status-publish","has-post-thumbnail","hentry"],"_links":{"self":[{"href":"https:\/\/zgyo.com.tr\/tr\/wp-json\/wp\/v2\/pages\/269","targetHints":{"allow":["GET"]}}],"collection":[{"href":"https:\/\/zgyo.com.tr\/tr\/wp-json\/wp\/v2\/pages"}],"about":[{"href":"https:\/\/zgyo.com.tr\/tr\/wp-json\/wp\/v2\/types\/page"}],"author":[{"embeddable":true,"href":"https:\/\/zgyo.com.tr\/tr\/wp-json\/wp\/v2\/users\/1"}],"replies":[{"embeddable":true,"href":"https:\/\/zgyo.com.tr\/tr\/wp-json\/wp\/v2\/comments?post=269"}],"version-history":[{"count":0,"href":"https:\/\/zgyo.com.tr\/tr\/wp-json\/wp\/v2\/pages\/269\/revisions"}],"wp:featuredmedia":[{"embeddable":true,"href":"https:\/\/zgyo.com.tr\/tr\/wp-json\/wp\/v2\/media\/264"}],"wp:attachment":[{"href":"https:\/\/zgyo.com.tr\/tr\/wp-json\/wp\/v2\/media?parent=269"}],"curies":[{"name":"wp","href":"https:\/\/api.w.org\/{rel}","templated":true}]}}