{"id":274,"date":"2025-01-28T16:01:58","date_gmt":"2025-01-28T16:01:58","guid":{"rendered":"https:\/\/zgyo.com.tr\/?page_id=274"},"modified":"2026-01-02T13:35:38","modified_gmt":"2026-01-02T10:35:38","slug":"z-lagun-villa","status":"publish","type":"page","link":"https:\/\/zgyo.com.tr\/tr\/z-lagun-villa\/","title":{"rendered":"Z Lagun Villa \u2013 Diplomatik Site Projesi"},"content":{"rendered":"<style>.elementor-274 .elementor-element.elementor-element-25f2845{--display:flex;--flex-direction:column;--container-widget-width:100%;--container-widget-height:initial;--container-widget-flex-grow:0;--container-widget-align-self:initial;--flex-wrap-mobile:wrap;}.elementor-274 .elementor-element.elementor-element-e96e18c{--display:grid;--e-con-grid-template-columns:repeat(3, 1fr);--e-con-grid-template-rows:repeat(2, 1fr);--grid-auto-flow:row;}.elementor-274 .elementor-element.elementor-element-264c88f{--display:flex;}.elementor-274 .elementor-element.elementor-element-43e205c{column-gap:0px;text-align:center;font-family:\"Poppins\", Sans-serif;font-size:12px;font-weight:400;color:#000000;}.elementor-274 .elementor-element.elementor-element-43e205c p{margin-block-end:10px;}.elementor-274 .elementor-element.elementor-element-43e205c > .elementor-widget-container{padding:15px 15px 15px 15px;}@media(max-width:1024px){.elementor-274 .elementor-element.elementor-element-e96e18c{--grid-auto-flow:row;}}@media(max-width:767px){.elementor-274 .elementor-element.elementor-element-e96e18c{--e-con-grid-template-columns:repeat(1, 1fr);--e-con-grid-template-rows:repeat(2, 1fr);--grid-auto-flow:row;}}\/* Start custom CSS for text-editor, class: .elementor-element-43e205c *\/.project-info-box {\n  border: 2px solid #d2a8ff;\n  background: #fafafa;\n  padding: 40px;\n  border-radius: 16px;\n  max-width: 1000px;\n  margin: 40px auto;\n  box-shadow: 0 10px 30px rgba(0,0,0,0.05);\n  font-family: 'Segoe UI', sans-serif;\n  color: #333;\n  transition: all 0.3s ease;\n}\n\n.project-info-box:hover {\n  transform: translateY(-5px);\n  box-shadow: 0 15px 35px rgba(0,0,0,0.1);\n}\n\n.project-info-box h3 {\n  font-size: 28px;\n  color: #1e1e1e;\n  margin-bottom: 20px;\n}\n\n.project-info-box h3 span {\n  color: #8e44ad;\n}\n\n.project-info-box ul {\n  list-style: none;\n  padding-left: 0;\n  margin-bottom: 20px;\n}\n\n.project-info-box ul li {\n  font-size: 18px;\n  margin-bottom: 8px;\n}\n\n.project-info-box p {\n  font-size: 18px;\n  line-height: 1.9;\n  color: #555;\n}\/* End custom CSS *\/<\/style>\t\t<div data-elementor-type=\"wp-page\" data-elementor-id=\"274\" class=\"elementor elementor-274\" data-elementor-post-type=\"page\">\n\t\t\t\t<div class=\"elementor-element elementor-element-25f2845 e-flex e-con-boxed e-con e-parent\" data-id=\"25f2845\" data-element_type=\"container\" data-e-type=\"container\">\n\t\t\t\t\t<div class=\"e-con-inner\">\n\t\t<div class=\"elementor-element elementor-element-e96e18c e-grid e-con-full e-con e-child\" data-id=\"e96e18c\" data-element_type=\"container\" data-e-type=\"container\">\n\t\t\t\t<div class=\"elementor-element elementor-element-d648212 elementor-widget elementor-widget-image\" data-id=\"d648212\" data-element_type=\"widget\" data-e-type=\"widget\" data-widget_type=\"image.default\">\n\t\t\t\t<div class=\"elementor-widget-container\">\n\t\t\t\t\t\t\t\t\t\t\t\t\t\t\t\t<a href=\"https:\/\/zgyo.com.tr\/wp-content\/uploads\/2025\/12\/golbasi_vllr_tek_fn_0000_2_deneme-kopya-scaled.jpg\" data-elementor-open-lightbox=\"yes\" data-elementor-lightbox-title=\"golbasi_vllr_tek_fn_0000_2_deneme-kopya\" data-e-action-hash=\"#elementor-action%3Aaction%3Dlightbox%26settings%3DeyJpZCI6ODU4MSwidXJsIjoiaHR0cHM6XC9cL3pneW8uY29tLnRyXC93cC1jb250ZW50XC91cGxvYWRzXC8yMDI1XC8xMlwvZ29sYmFzaV92bGxyX3Rla19mbl8wMDAwXzJfZGVuZW1lLWtvcHlhLXNjYWxlZC5qcGcifQ%3D%3D\">\n\t\t\t\t\t\t\t<img fetchpriority=\"high\" decoding=\"async\" width=\"930\" height=\"632\" src=\"https:\/\/zgyo.com.tr\/wp-content\/uploads\/2025\/12\/golbasi_vllr_tek_fn_0000_2_deneme-kopya-1024x696.jpg\" class=\"attachment-large size-large wp-image-8581\" alt=\"\" srcset=\"https:\/\/zgyo.com.tr\/wp-content\/uploads\/2025\/12\/golbasi_vllr_tek_fn_0000_2_deneme-kopya-1024x696.jpg 1024w, https:\/\/zgyo.com.tr\/wp-content\/uploads\/2025\/12\/golbasi_vllr_tek_fn_0000_2_deneme-kopya-300x204.jpg 300w, https:\/\/zgyo.com.tr\/wp-content\/uploads\/2025\/12\/golbasi_vllr_tek_fn_0000_2_deneme-kopya-768x522.jpg 768w, https:\/\/zgyo.com.tr\/wp-content\/uploads\/2025\/12\/golbasi_vllr_tek_fn_0000_2_deneme-kopya-1536x1045.jpg 1536w, https:\/\/zgyo.com.tr\/wp-content\/uploads\/2025\/12\/golbasi_vllr_tek_fn_0000_2_deneme-kopya-2048x1393.jpg 2048w, https:\/\/zgyo.com.tr\/wp-content\/uploads\/2025\/12\/golbasi_vllr_tek_fn_0000_2_deneme-kopya-18x12.jpg 18w, https:\/\/zgyo.com.tr\/wp-content\/uploads\/2025\/12\/golbasi_vllr_tek_fn_0000_2_deneme-kopya-200x136.jpg 200w, https:\/\/zgyo.com.tr\/wp-content\/uploads\/2025\/12\/golbasi_vllr_tek_fn_0000_2_deneme-kopya-2000x1360.jpg 2000w, https:\/\/zgyo.com.tr\/wp-content\/uploads\/2025\/12\/golbasi_vllr_tek_fn_0000_2_deneme-kopya-1000x680.jpg 1000w, https:\/\/zgyo.com.tr\/wp-content\/uploads\/2025\/12\/golbasi_vllr_tek_fn_0000_2_deneme-kopya-1800x1224.jpg 1800w, https:\/\/zgyo.com.tr\/wp-content\/uploads\/2025\/12\/golbasi_vllr_tek_fn_0000_2_deneme-kopya-823x560.jpg 823w, https:\/\/zgyo.com.tr\/wp-content\/uploads\/2025\/12\/golbasi_vllr_tek_fn_0000_2_deneme-kopya-600x408.jpg 600w\" sizes=\"(max-width: 930px) 100vw, 930px\" \/>\t\t\t\t\t\t\t\t<\/a>\n\t\t\t\t\t\t\t\t\t\t\t\t\t\t\t<\/div>\n\t\t\t\t<\/div>\n\t\t\t\t<div class=\"elementor-element elementor-element-7948d48 elementor-widget elementor-widget-image\" data-id=\"7948d48\" data-element_type=\"widget\" data-e-type=\"widget\" data-widget_type=\"image.default\">\n\t\t\t\t<div class=\"elementor-widget-container\">\n\t\t\t\t\t\t\t\t\t\t\t\t\t\t\t\t<a href=\"https:\/\/zgyo.com.tr\/wp-content\/uploads\/2025\/12\/golbasi_vllr_tek_fn_0001_2-scaled.jpg\" data-elementor-open-lightbox=\"yes\" data-elementor-lightbox-title=\"golbasi_vllr_tek_fn_0001_2\" data-e-action-hash=\"#elementor-action%3Aaction%3Dlightbox%26settings%3DeyJpZCI6ODU4NSwidXJsIjoiaHR0cHM6XC9cL3pneW8uY29tLnRyXC93cC1jb250ZW50XC91cGxvYWRzXC8yMDI1XC8xMlwvZ29sYmFzaV92bGxyX3Rla19mbl8wMDAxXzItc2NhbGVkLmpwZyJ9\">\n\t\t\t\t\t\t\t<img decoding=\"async\" width=\"930\" height=\"595\" src=\"https:\/\/zgyo.com.tr\/wp-content\/uploads\/2025\/12\/golbasi_vllr_tek_fn_0001_2-1024x655.jpg\" class=\"attachment-large size-large wp-image-8585\" alt=\"\" srcset=\"https:\/\/zgyo.com.tr\/wp-content\/uploads\/2025\/12\/golbasi_vllr_tek_fn_0001_2-1024x655.jpg 1024w, https:\/\/zgyo.com.tr\/wp-content\/uploads\/2025\/12\/golbasi_vllr_tek_fn_0001_2-300x192.jpg 300w, https:\/\/zgyo.com.tr\/wp-content\/uploads\/2025\/12\/golbasi_vllr_tek_fn_0001_2-768x491.jpg 768w, https:\/\/zgyo.com.tr\/wp-content\/uploads\/2025\/12\/golbasi_vllr_tek_fn_0001_2-1536x983.jpg 1536w, https:\/\/zgyo.com.tr\/wp-content\/uploads\/2025\/12\/golbasi_vllr_tek_fn_0001_2-2048x1310.jpg 2048w, https:\/\/zgyo.com.tr\/wp-content\/uploads\/2025\/12\/golbasi_vllr_tek_fn_0001_2-18x12.jpg 18w, https:\/\/zgyo.com.tr\/wp-content\/uploads\/2025\/12\/golbasi_vllr_tek_fn_0001_2-200x128.jpg 200w, https:\/\/zgyo.com.tr\/wp-content\/uploads\/2025\/12\/golbasi_vllr_tek_fn_0001_2-2000x1280.jpg 2000w, https:\/\/zgyo.com.tr\/wp-content\/uploads\/2025\/12\/golbasi_vllr_tek_fn_0001_2-1000x640.jpg 1000w, https:\/\/zgyo.com.tr\/wp-content\/uploads\/2025\/12\/golbasi_vllr_tek_fn_0001_2-1800x1152.jpg 1800w, https:\/\/zgyo.com.tr\/wp-content\/uploads\/2025\/12\/golbasi_vllr_tek_fn_0001_2-875x560.jpg 875w, https:\/\/zgyo.com.tr\/wp-content\/uploads\/2025\/12\/golbasi_vllr_tek_fn_0001_2-600x384.jpg 600w\" sizes=\"(max-width: 930px) 100vw, 930px\" \/>\t\t\t\t\t\t\t\t<\/a>\n\t\t\t\t\t\t\t\t\t\t\t\t\t\t\t<\/div>\n\t\t\t\t<\/div>\n\t\t\t\t<div class=\"elementor-element elementor-element-c15730d elementor-widget elementor-widget-image\" data-id=\"c15730d\" data-element_type=\"widget\" data-e-type=\"widget\" data-widget_type=\"image.default\">\n\t\t\t\t<div class=\"elementor-widget-container\">\n\t\t\t\t\t\t\t\t\t\t\t\t\t\t\t\t<a href=\"https:\/\/zgyo.com.tr\/wp-content\/uploads\/2025\/12\/golbasi_vllr_gn_fn_0005_2-scaled.jpg\" data-elementor-open-lightbox=\"yes\" data-elementor-lightbox-title=\"golbasi_vllr_gn_fn_0005_2\" data-e-action-hash=\"#elementor-action%3Aaction%3Dlightbox%26settings%3DeyJpZCI6ODU3OSwidXJsIjoiaHR0cHM6XC9cL3pneW8uY29tLnRyXC93cC1jb250ZW50XC91cGxvYWRzXC8yMDI1XC8xMlwvZ29sYmFzaV92bGxyX2duX2ZuXzAwMDVfMi1zY2FsZWQuanBnIn0%3D\">\n\t\t\t\t\t\t\t<img decoding=\"async\" width=\"930\" height=\"523\" src=\"https:\/\/zgyo.com.tr\/wp-content\/uploads\/2025\/12\/golbasi_vllr_gn_fn_0005_2-1024x576.jpg\" class=\"attachment-large size-large wp-image-8579\" alt=\"\" srcset=\"https:\/\/zgyo.com.tr\/wp-content\/uploads\/2025\/12\/golbasi_vllr_gn_fn_0005_2-1024x576.jpg 1024w, https:\/\/zgyo.com.tr\/wp-content\/uploads\/2025\/12\/golbasi_vllr_gn_fn_0005_2-300x169.jpg 300w, https:\/\/zgyo.com.tr\/wp-content\/uploads\/2025\/12\/golbasi_vllr_gn_fn_0005_2-768x432.jpg 768w, https:\/\/zgyo.com.tr\/wp-content\/uploads\/2025\/12\/golbasi_vllr_gn_fn_0005_2-1536x864.jpg 1536w, https:\/\/zgyo.com.tr\/wp-content\/uploads\/2025\/12\/golbasi_vllr_gn_fn_0005_2-2048x1152.jpg 2048w, https:\/\/zgyo.com.tr\/wp-content\/uploads\/2025\/12\/golbasi_vllr_gn_fn_0005_2-18x10.jpg 18w, https:\/\/zgyo.com.tr\/wp-content\/uploads\/2025\/12\/golbasi_vllr_gn_fn_0005_2-200x113.jpg 200w, https:\/\/zgyo.com.tr\/wp-content\/uploads\/2025\/12\/golbasi_vllr_gn_fn_0005_2-2000x1125.jpg 2000w, https:\/\/zgyo.com.tr\/wp-content\/uploads\/2025\/12\/golbasi_vllr_gn_fn_0005_2-1000x563.jpg 1000w, https:\/\/zgyo.com.tr\/wp-content\/uploads\/2025\/12\/golbasi_vllr_gn_fn_0005_2-1800x1013.jpg 1800w, https:\/\/zgyo.com.tr\/wp-content\/uploads\/2025\/12\/golbasi_vllr_gn_fn_0005_2-996x560.jpg 996w, https:\/\/zgyo.com.tr\/wp-content\/uploads\/2025\/12\/golbasi_vllr_gn_fn_0005_2-600x338.jpg 600w\" sizes=\"(max-width: 930px) 100vw, 930px\" \/>\t\t\t\t\t\t\t\t<\/a>\n\t\t\t\t\t\t\t\t\t\t\t\t\t\t\t<\/div>\n\t\t\t\t<\/div>\n\t\t\t\t<div class=\"elementor-element elementor-element-6de665a elementor-widget elementor-widget-image\" data-id=\"6de665a\" data-element_type=\"widget\" data-e-type=\"widget\" data-widget_type=\"image.default\">\n\t\t\t\t<div class=\"elementor-widget-container\">\n\t\t\t\t\t\t\t\t\t\t\t\t\t\t\t\t<a href=\"https:\/\/zgyo.com.tr\/wp-content\/uploads\/2025\/12\/golbasi_vllr_gn_fn_0006_2-scaled.jpg\" data-elementor-open-lightbox=\"yes\" data-elementor-lightbox-title=\"golbasi_vllr_gn_fn_0006_2\" data-e-action-hash=\"#elementor-action%3Aaction%3Dlightbox%26settings%3DeyJpZCI6ODU4MCwidXJsIjoiaHR0cHM6XC9cL3pneW8uY29tLnRyXC93cC1jb250ZW50XC91cGxvYWRzXC8yMDI1XC8xMlwvZ29sYmFzaV92bGxyX2duX2ZuXzAwMDZfMi1zY2FsZWQuanBnIn0%3D\">\n\t\t\t\t\t\t\t<img loading=\"lazy\" decoding=\"async\" width=\"930\" height=\"523\" src=\"https:\/\/zgyo.com.tr\/wp-content\/uploads\/2025\/12\/golbasi_vllr_gn_fn_0006_2-1024x576.jpg\" class=\"attachment-large size-large wp-image-8580\" alt=\"\" srcset=\"https:\/\/zgyo.com.tr\/wp-content\/uploads\/2025\/12\/golbasi_vllr_gn_fn_0006_2-1024x576.jpg 1024w, https:\/\/zgyo.com.tr\/wp-content\/uploads\/2025\/12\/golbasi_vllr_gn_fn_0006_2-300x169.jpg 300w, https:\/\/zgyo.com.tr\/wp-content\/uploads\/2025\/12\/golbasi_vllr_gn_fn_0006_2-768x432.jpg 768w, https:\/\/zgyo.com.tr\/wp-content\/uploads\/2025\/12\/golbasi_vllr_gn_fn_0006_2-1536x864.jpg 1536w, https:\/\/zgyo.com.tr\/wp-content\/uploads\/2025\/12\/golbasi_vllr_gn_fn_0006_2-2048x1152.jpg 2048w, https:\/\/zgyo.com.tr\/wp-content\/uploads\/2025\/12\/golbasi_vllr_gn_fn_0006_2-18x10.jpg 18w, https:\/\/zgyo.com.tr\/wp-content\/uploads\/2025\/12\/golbasi_vllr_gn_fn_0006_2-200x112.jpg 200w, https:\/\/zgyo.com.tr\/wp-content\/uploads\/2025\/12\/golbasi_vllr_gn_fn_0006_2-2000x1125.jpg 2000w, https:\/\/zgyo.com.tr\/wp-content\/uploads\/2025\/12\/golbasi_vllr_gn_fn_0006_2-1000x562.jpg 1000w, https:\/\/zgyo.com.tr\/wp-content\/uploads\/2025\/12\/golbasi_vllr_gn_fn_0006_2-1800x1012.jpg 1800w, https:\/\/zgyo.com.tr\/wp-content\/uploads\/2025\/12\/golbasi_vllr_gn_fn_0006_2-996x560.jpg 996w, https:\/\/zgyo.com.tr\/wp-content\/uploads\/2025\/12\/golbasi_vllr_gn_fn_0006_2-600x337.jpg 600w\" sizes=\"(max-width: 930px) 100vw, 930px\" \/>\t\t\t\t\t\t\t\t<\/a>\n\t\t\t\t\t\t\t\t\t\t\t\t\t\t\t<\/div>\n\t\t\t\t<\/div>\n\t\t\t\t<div class=\"elementor-element elementor-element-6fcb0d8 elementor-widget elementor-widget-image\" data-id=\"6fcb0d8\" data-element_type=\"widget\" data-e-type=\"widget\" data-widget_type=\"image.default\">\n\t\t\t\t<div class=\"elementor-widget-container\">\n\t\t\t\t\t\t\t\t\t\t\t\t\t\t\t\t<a href=\"https:\/\/zgyo.com.tr\/wp-content\/uploads\/2025\/12\/ChatGPT-Image-30-Ara-2025-17_12_33-e1767110388473.png\" data-elementor-open-lightbox=\"yes\" data-elementor-lightbox-title=\"ChatGPT Image 30 Ara 2025 17_12_33\" data-e-action-hash=\"#elementor-action%3Aaction%3Dlightbox%26settings%3DeyJpZCI6ODU4OSwidXJsIjoiaHR0cHM6XC9cL3pneW8uY29tLnRyXC93cC1jb250ZW50XC91cGxvYWRzXC8yMDI1XC8xMlwvQ2hhdEdQVC1JbWFnZS0zMC1BcmEtMjAyNS0xN18xMl8zMy1lMTc2NzExMDM4ODQ3My5wbmcifQ%3D%3D\">\n\t\t\t\t\t\t\t<img loading=\"lazy\" decoding=\"async\" width=\"930\" height=\"551\" src=\"https:\/\/zgyo.com.tr\/wp-content\/uploads\/2025\/12\/ChatGPT-Image-30-Ara-2025-17_12_33-e1767110388473-1024x607.png\" class=\"attachment-large size-large wp-image-8589\" alt=\"\" srcset=\"https:\/\/zgyo.com.tr\/wp-content\/uploads\/2025\/12\/ChatGPT-Image-30-Ara-2025-17_12_33-e1767110388473-1024x607.png 1024w, https:\/\/zgyo.com.tr\/wp-content\/uploads\/2025\/12\/ChatGPT-Image-30-Ara-2025-17_12_33-e1767110388473-300x178.png 300w, https:\/\/zgyo.com.tr\/wp-content\/uploads\/2025\/12\/ChatGPT-Image-30-Ara-2025-17_12_33-e1767110388473-768x455.png 768w, https:\/\/zgyo.com.tr\/wp-content\/uploads\/2025\/12\/ChatGPT-Image-30-Ara-2025-17_12_33-e1767110388473-18x12.png 18w, https:\/\/zgyo.com.tr\/wp-content\/uploads\/2025\/12\/ChatGPT-Image-30-Ara-2025-17_12_33-e1767110388473-200x118.png 200w, https:\/\/zgyo.com.tr\/wp-content\/uploads\/2025\/12\/ChatGPT-Image-30-Ara-2025-17_12_33-e1767110388473-1000x592.png 1000w, https:\/\/zgyo.com.tr\/wp-content\/uploads\/2025\/12\/ChatGPT-Image-30-Ara-2025-17_12_33-e1767110388473-945x560.png 945w, https:\/\/zgyo.com.tr\/wp-content\/uploads\/2025\/12\/ChatGPT-Image-30-Ara-2025-17_12_33-e1767110388473-600x355.png 600w, https:\/\/zgyo.com.tr\/wp-content\/uploads\/2025\/12\/ChatGPT-Image-30-Ara-2025-17_12_33-e1767110388473.png 1536w\" sizes=\"(max-width: 930px) 100vw, 930px\" \/>\t\t\t\t\t\t\t\t<\/a>\n\t\t\t\t\t\t\t\t\t\t\t\t\t\t\t<\/div>\n\t\t\t\t<\/div>\n\t\t\t\t<div class=\"elementor-element elementor-element-f97053f elementor-widget elementor-widget-image\" data-id=\"f97053f\" data-element_type=\"widget\" data-e-type=\"widget\" data-widget_type=\"image.default\">\n\t\t\t\t<div class=\"elementor-widget-container\">\n\t\t\t\t\t\t\t\t\t\t\t\t\t\t\t\t<a href=\"https:\/\/zgyo.com.tr\/wp-content\/uploads\/2026\/01\/golbasi_vllr_gn_fn_0002-scaled.jpg\" data-elementor-open-lightbox=\"yes\" data-elementor-lightbox-title=\"golbasi_vllr_gn_fn_0002\" data-e-action-hash=\"#elementor-action%3Aaction%3Dlightbox%26settings%3DeyJpZCI6ODYyNywidXJsIjoiaHR0cHM6XC9cL3pneW8uY29tLnRyXC93cC1jb250ZW50XC91cGxvYWRzXC8yMDI2XC8wMVwvZ29sYmFzaV92bGxyX2duX2ZuXzAwMDItc2NhbGVkLmpwZyJ9\">\n\t\t\t\t\t\t\t<img loading=\"lazy\" decoding=\"async\" width=\"930\" height=\"523\" src=\"https:\/\/zgyo.com.tr\/wp-content\/uploads\/2026\/01\/golbasi_vllr_gn_fn_0002-1024x576.jpg\" class=\"attachment-large size-large wp-image-8627\" alt=\"\" srcset=\"https:\/\/zgyo.com.tr\/wp-content\/uploads\/2026\/01\/golbasi_vllr_gn_fn_0002-1024x576.jpg 1024w, https:\/\/zgyo.com.tr\/wp-content\/uploads\/2026\/01\/golbasi_vllr_gn_fn_0002-300x169.jpg 300w, https:\/\/zgyo.com.tr\/wp-content\/uploads\/2026\/01\/golbasi_vllr_gn_fn_0002-768x432.jpg 768w, https:\/\/zgyo.com.tr\/wp-content\/uploads\/2026\/01\/golbasi_vllr_gn_fn_0002-1536x864.jpg 1536w, https:\/\/zgyo.com.tr\/wp-content\/uploads\/2026\/01\/golbasi_vllr_gn_fn_0002-2048x1152.jpg 2048w, https:\/\/zgyo.com.tr\/wp-content\/uploads\/2026\/01\/golbasi_vllr_gn_fn_0002-18x10.jpg 18w, https:\/\/zgyo.com.tr\/wp-content\/uploads\/2026\/01\/golbasi_vllr_gn_fn_0002-200x112.jpg 200w, https:\/\/zgyo.com.tr\/wp-content\/uploads\/2026\/01\/golbasi_vllr_gn_fn_0002-2000x1125.jpg 2000w, https:\/\/zgyo.com.tr\/wp-content\/uploads\/2026\/01\/golbasi_vllr_gn_fn_0002-1000x562.jpg 1000w, https:\/\/zgyo.com.tr\/wp-content\/uploads\/2026\/01\/golbasi_vllr_gn_fn_0002-1800x1012.jpg 1800w, https:\/\/zgyo.com.tr\/wp-content\/uploads\/2026\/01\/golbasi_vllr_gn_fn_0002-996x560.jpg 996w, https:\/\/zgyo.com.tr\/wp-content\/uploads\/2026\/01\/golbasi_vllr_gn_fn_0002-600x337.jpg 600w\" sizes=\"(max-width: 930px) 100vw, 930px\" \/>\t\t\t\t\t\t\t\t<\/a>\n\t\t\t\t\t\t\t\t\t\t\t\t\t\t\t<\/div>\n\t\t\t\t<\/div>\n\t\t\t\t<\/div>\n\t\t\t\t\t<\/div>\n\t\t\t\t<\/div>\n\t\t<div class=\"elementor-element elementor-element-264c88f e-flex e-con-boxed e-con e-parent\" data-id=\"264c88f\" data-element_type=\"container\" data-e-type=\"container\">\n\t\t\t\t\t<div class=\"e-con-inner\">\n\t\t\t\t<div class=\"elementor-element elementor-element-43e205c elementor-widget elementor-widget-text-editor\" data-id=\"43e205c\" data-element_type=\"widget\" data-e-type=\"widget\" data-settings=\"{&quot;motion_fx_motion_fx_scrolling&quot;:&quot;yes&quot;,&quot;motion_fx_translateY_effect&quot;:&quot;yes&quot;,&quot;motion_fx_translateY_speed&quot;:{&quot;unit&quot;:&quot;px&quot;,&quot;size&quot;:2,&quot;sizes&quot;:[]},&quot;motion_fx_translateY_affectedRange&quot;:{&quot;unit&quot;:&quot;%&quot;,&quot;size&quot;:&quot;&quot;,&quot;sizes&quot;:{&quot;start&quot;:0,&quot;end&quot;:100}},&quot;motion_fx_devices&quot;:[&quot;desktop&quot;,&quot;tablet&quot;,&quot;mobile&quot;]}\" data-widget_type=\"text-editor.default\">\n\t\t\t\t<div class=\"elementor-widget-container\">\n\t\t\t\t\t\t\t\t\t<p><strong>Proje Ad\u0131:&nbsp;<\/strong><b>Z Lagun Villa \u2013 Diplomatik Site Projesi<\/b><\/p>\n<p><!-- \/wp:paragraph --><\/p>\n<p><!-- wp:paragraph {\"align\":\"center\"} --><\/p>\n<p><b>Lokasyon<\/b>: G\u00f6lba\u015f\u0131\/ Ankara<\/p>\n<p><!-- \/wp:paragraph --><\/p>\n<p><!-- wp:paragraph {\"align\":\"center\"} --><\/p>\n<p><b>Proje<\/b> <strong>Tipi:<\/strong> Villa Sitesi \/ Diplomatik Site<\/p>\n<p><!-- \/wp:paragraph --><\/p>\n<p><!-- wp:paragraph {\"align\":\"center\"} --><\/p>\n<p><b>Sekt\u00f6r\/Nitelik<\/b> : Konut<\/p>\n<p><!-- \/wp:paragraph --><\/p>\n<p><!-- wp:paragraph {\"align\":\"center\"} --><\/p>\n<p>Z Lagun Villa, diplomatik misyonlar\u0131n \u00f6zel ihtiya\u00e7lar\u0131 dikkate al\u0131narak planlanan, g\u00fcvenli ve ayr\u0131cal\u0131kl\u0131 bir ya\u015fam alan\u0131 olarak kurgulan\u0131yor. Proje, diplomatik temsilcilik mensuplar\u0131na y\u00f6nelik y\u00fcksek ya\u015fam standartlar\u0131n\u0131 esas alan villa konseptiyle, kontroll\u00fc ve prestijli bir site ya\u015fam\u0131 sunmay\u0131 hedefliyor.<\/p>\n<p><\/p>\n<p>Uluslararas\u0131 standartlar do\u011frultusunda geli\u015ftirilen proje; ba\u015fta Orta Do\u011fu, Afrika, Asya, Balkanlar ve G\u00fcney Amerika \u00fclkelerinden gelen diplomatik misyonlar olmak \u00fczere, Ankara\u2019da g\u00f6rev yapan b\u00fcy\u00fckel\u00e7ilik \u00e7al\u0131\u015fanlar\u0131 ve expat profesyonelleri ana hedef kitle olarak konumland\u0131rmay\u0131 hedefliyor.<\/p>\t\t\t\t\t\t\t\t<\/div>\n\t\t\t\t<\/div>\n\t\t\t\t\t<\/div>\n\t\t\t\t<\/div>\n\t\t\t\t<\/div>\n\t\t","protected":false},"excerpt":{"rendered":"<p>Proje Ad\u0131:&nbsp;Z Lagun Villa \u2013 Diplomatik Site Projesi Lokasyon: G\u00f6lba\u015f\u0131\/ Ankara Proje Tipi: Villa Sitesi \/ Diplomatik Site Sekt\u00f6r\/Nitelik : Konut Z Lagun Villa, diplomatik misyonlar\u0131n \u00f6zel ihtiya\u00e7lar\u0131 dikkate al\u0131narak planlanan, g\u00fcvenli ve ayr\u0131cal\u0131kl\u0131 bir ya\u015fam alan\u0131 olarak kurgulan\u0131yor. Proje, diplomatik temsilcilik mensuplar\u0131na y\u00f6nelik y\u00fcksek ya\u015fam standartlar\u0131n\u0131 esas alan villa konseptiyle, kontroll\u00fc ve prestijli bir site ya\u015fam\u0131 sunmay\u0131 hedefliyor. Uluslararas\u0131 standartlar do\u011frultusunda geli\u015ftirilen proje; ba\u015fta Orta Do\u011fu, Afrika, Asya, Balkanlar ve G\u00fcney Amerika \u00fclkelerinden gelen [&hellip;]<\/p>\n","protected":false},"author":1,"featured_media":234,"parent":0,"menu_order":0,"comment_status":"closed","ping_status":"closed","template":"","meta":{"inspiro_page_layout":"narrow","inspiro_hide_title":false,"footnotes":""},"class_list":["post-274","page","type-page","status-publish","has-post-thumbnail","hentry"],"_links":{"self":[{"href":"https:\/\/zgyo.com.tr\/tr\/wp-json\/wp\/v2\/pages\/274","targetHints":{"allow":["GET"]}}],"collection":[{"href":"https:\/\/zgyo.com.tr\/tr\/wp-json\/wp\/v2\/pages"}],"about":[{"href":"https:\/\/zgyo.com.tr\/tr\/wp-json\/wp\/v2\/types\/page"}],"author":[{"embeddable":true,"href":"https:\/\/zgyo.com.tr\/tr\/wp-json\/wp\/v2\/users\/1"}],"replies":[{"embeddable":true,"href":"https:\/\/zgyo.com.tr\/tr\/wp-json\/wp\/v2\/comments?post=274"}],"version-history":[{"count":19,"href":"https:\/\/zgyo.com.tr\/tr\/wp-json\/wp\/v2\/pages\/274\/revisions"}],"predecessor-version":[{"id":8630,"href":"https:\/\/zgyo.com.tr\/tr\/wp-json\/wp\/v2\/pages\/274\/revisions\/8630"}],"wp:featuredmedia":[{"embeddable":true,"href":"https:\/\/zgyo.com.tr\/tr\/wp-json\/wp\/v2\/media\/234"}],"wp:attachment":[{"href":"https:\/\/zgyo.com.tr\/tr\/wp-json\/wp\/v2\/media?parent=274"}],"curies":[{"name":"wp","href":"https:\/\/api.w.org\/{rel}","templated":true}]}}