{"id":278,"date":"2025-01-28T16:05:42","date_gmt":"2025-01-28T16:05:42","guid":{"rendered":"https:\/\/zgyo.com.tr\/?page_id=278"},"modified":"2025-12-30T22:35:29","modified_gmt":"2025-12-30T19:35:29","slug":"karakusunlar","status":"publish","type":"page","link":"https:\/\/zgyo.com.tr\/tr\/karakusunlar\/","title":{"rendered":"Karakusunlar Karma Projesi"},"content":{"rendered":"<style>.elementor-278 .elementor-element.elementor-element-29674d7{--display:grid;--e-con-grid-template-columns:repeat(3, 1fr);--e-con-grid-template-rows:repeat(2, 1fr);--grid-auto-flow:row;}.elementor-278 .elementor-element.elementor-element-6ac5cd3{--display:flex;}.elementor-278 .elementor-element.elementor-element-9423ea5{column-gap:0px;text-align:center;font-family:\"Roboto\", Sans-serif;font-weight:400;color:var( --e-global-color-text );}.elementor-278 .elementor-element.elementor-element-9423ea5 p{margin-block-end:14px;}.elementor-278 .elementor-element.elementor-element-9423ea5 > .elementor-widget-container{margin:0px 0px 0px 0px;}.elementor-278 .elementor-element.elementor-element-9423ea5.elementor-element{--align-self:center;}@media(max-width:1024px){.elementor-278 .elementor-element.elementor-element-29674d7{--grid-auto-flow:row;}}@media(max-width:767px){.elementor-278 .elementor-element.elementor-element-29674d7{--e-con-grid-template-columns:repeat(1, 1fr);--e-con-grid-template-rows:repeat(2, 1fr);--grid-auto-flow:row;}}<\/style>\t\t<div data-elementor-type=\"wp-page\" data-elementor-id=\"278\" class=\"elementor elementor-278\" data-elementor-post-type=\"page\">\n\t\t\t\t<div class=\"elementor-element elementor-element-29674d7 e-grid e-con-boxed e-con e-parent\" data-id=\"29674d7\" data-element_type=\"container\" data-e-type=\"container\">\n\t\t\t\t\t<div class=\"e-con-inner\">\n\t\t\t\t<div class=\"elementor-element elementor-element-0648d5c elementor-widget elementor-widget-image\" data-id=\"0648d5c\" data-element_type=\"widget\" data-e-type=\"widget\" data-widget_type=\"image.default\">\n\t\t\t\t<div class=\"elementor-widget-container\">\n\t\t\t\t\t\t\t\t\t\t\t\t\t\t\t\t<a href=\"https:\/\/zgyo.com.tr\/wp-content\/uploads\/2025\/10\/DJI_0310-scaled.jpg\" data-elementor-open-lightbox=\"yes\" data-elementor-lightbox-title=\"default\" data-e-action-hash=\"#elementor-action%3Aaction%3Dlightbox%26settings%3DeyJpZCI6ODQ4NywidXJsIjoiaHR0cHM6XC9cL3pneW8uY29tLnRyXC93cC1jb250ZW50XC91cGxvYWRzXC8yMDI1XC8xMFwvREpJXzAzMTAtc2NhbGVkLmpwZyJ9\">\n\t\t\t\t\t\t\t<img fetchpriority=\"high\" decoding=\"async\" width=\"930\" height=\"523\" src=\"https:\/\/zgyo.com.tr\/wp-content\/uploads\/2025\/10\/DJI_0310-1024x576.jpg\" class=\"attachment-large size-large wp-image-8487\" alt=\"\" srcset=\"https:\/\/zgyo.com.tr\/wp-content\/uploads\/2025\/10\/DJI_0310-1024x576.jpg 1024w, https:\/\/zgyo.com.tr\/wp-content\/uploads\/2025\/10\/DJI_0310-300x169.jpg 300w, https:\/\/zgyo.com.tr\/wp-content\/uploads\/2025\/10\/DJI_0310-768x432.jpg 768w, https:\/\/zgyo.com.tr\/wp-content\/uploads\/2025\/10\/DJI_0310-1536x864.jpg 1536w, https:\/\/zgyo.com.tr\/wp-content\/uploads\/2025\/10\/DJI_0310-2048x1152.jpg 2048w, https:\/\/zgyo.com.tr\/wp-content\/uploads\/2025\/10\/DJI_0310-18x10.jpg 18w, https:\/\/zgyo.com.tr\/wp-content\/uploads\/2025\/10\/DJI_0310-200x113.jpg 200w, https:\/\/zgyo.com.tr\/wp-content\/uploads\/2025\/10\/DJI_0310-2000x1125.jpg 2000w, https:\/\/zgyo.com.tr\/wp-content\/uploads\/2025\/10\/DJI_0310-1000x563.jpg 1000w, https:\/\/zgyo.com.tr\/wp-content\/uploads\/2025\/10\/DJI_0310-1800x1013.jpg 1800w, https:\/\/zgyo.com.tr\/wp-content\/uploads\/2025\/10\/DJI_0310-996x560.jpg 996w, https:\/\/zgyo.com.tr\/wp-content\/uploads\/2025\/10\/DJI_0310-600x338.jpg 600w\" sizes=\"(max-width: 930px) 100vw, 930px\" \/>\t\t\t\t\t\t\t\t<\/a>\n\t\t\t\t\t\t\t\t\t\t\t\t\t\t\t<\/div>\n\t\t\t\t<\/div>\n\t\t\t\t<div class=\"elementor-element elementor-element-de9f50e elementor-widget elementor-widget-image\" data-id=\"de9f50e\" data-element_type=\"widget\" data-e-type=\"widget\" data-widget_type=\"image.default\">\n\t\t\t\t<div class=\"elementor-widget-container\">\n\t\t\t\t\t\t\t\t\t\t\t\t\t\t\t\t<a href=\"https:\/\/zgyo.com.tr\/wp-content\/uploads\/2025\/10\/DJI_0304-scaled.jpg\" data-elementor-open-lightbox=\"yes\" data-elementor-lightbox-title=\"default\" data-e-action-hash=\"#elementor-action%3Aaction%3Dlightbox%26settings%3DeyJpZCI6ODQ4NSwidXJsIjoiaHR0cHM6XC9cL3pneW8uY29tLnRyXC93cC1jb250ZW50XC91cGxvYWRzXC8yMDI1XC8xMFwvREpJXzAzMDQtc2NhbGVkLmpwZyJ9\">\n\t\t\t\t\t\t\t<img decoding=\"async\" width=\"930\" height=\"523\" src=\"https:\/\/zgyo.com.tr\/wp-content\/uploads\/2025\/10\/DJI_0304-1024x576.jpg\" class=\"attachment-large size-large wp-image-8485\" alt=\"\" srcset=\"https:\/\/zgyo.com.tr\/wp-content\/uploads\/2025\/10\/DJI_0304-1024x576.jpg 1024w, https:\/\/zgyo.com.tr\/wp-content\/uploads\/2025\/10\/DJI_0304-300x169.jpg 300w, https:\/\/zgyo.com.tr\/wp-content\/uploads\/2025\/10\/DJI_0304-768x432.jpg 768w, https:\/\/zgyo.com.tr\/wp-content\/uploads\/2025\/10\/DJI_0304-1536x864.jpg 1536w, https:\/\/zgyo.com.tr\/wp-content\/uploads\/2025\/10\/DJI_0304-2048x1152.jpg 2048w, https:\/\/zgyo.com.tr\/wp-content\/uploads\/2025\/10\/DJI_0304-18x10.jpg 18w, https:\/\/zgyo.com.tr\/wp-content\/uploads\/2025\/10\/DJI_0304-200x113.jpg 200w, https:\/\/zgyo.com.tr\/wp-content\/uploads\/2025\/10\/DJI_0304-2000x1125.jpg 2000w, https:\/\/zgyo.com.tr\/wp-content\/uploads\/2025\/10\/DJI_0304-1000x563.jpg 1000w, https:\/\/zgyo.com.tr\/wp-content\/uploads\/2025\/10\/DJI_0304-1800x1013.jpg 1800w, https:\/\/zgyo.com.tr\/wp-content\/uploads\/2025\/10\/DJI_0304-996x560.jpg 996w, https:\/\/zgyo.com.tr\/wp-content\/uploads\/2025\/10\/DJI_0304-600x338.jpg 600w\" sizes=\"(max-width: 930px) 100vw, 930px\" \/>\t\t\t\t\t\t\t\t<\/a>\n\t\t\t\t\t\t\t\t\t\t\t\t\t\t\t<\/div>\n\t\t\t\t<\/div>\n\t\t\t\t<div class=\"elementor-element elementor-element-834f2bd elementor-widget elementor-widget-image\" data-id=\"834f2bd\" data-element_type=\"widget\" data-e-type=\"widget\" data-widget_type=\"image.default\">\n\t\t\t\t<div class=\"elementor-widget-container\">\n\t\t\t\t\t\t\t\t\t\t\t\t\t\t\t\t<a href=\"https:\/\/zgyo.com.tr\/wp-content\/uploads\/2025\/12\/01.jpg\" data-elementor-open-lightbox=\"yes\" data-elementor-lightbox-title=\"01\" data-e-action-hash=\"#elementor-action%3Aaction%3Dlightbox%26settings%3DeyJpZCI6ODU3MiwidXJsIjoiaHR0cHM6XC9cL3pneW8uY29tLnRyXC93cC1jb250ZW50XC91cGxvYWRzXC8yMDI1XC8xMlwvMDEuanBnIn0%3D\">\n\t\t\t\t\t\t\t<img decoding=\"async\" width=\"930\" height=\"636\" src=\"https:\/\/zgyo.com.tr\/wp-content\/uploads\/2025\/12\/01-1024x700.jpg\" class=\"attachment-large size-large wp-image-8572\" alt=\"\" srcset=\"https:\/\/zgyo.com.tr\/wp-content\/uploads\/2025\/12\/01-1024x700.jpg 1024w, https:\/\/zgyo.com.tr\/wp-content\/uploads\/2025\/12\/01-300x205.jpg 300w, https:\/\/zgyo.com.tr\/wp-content\/uploads\/2025\/12\/01-768x525.jpg 768w, https:\/\/zgyo.com.tr\/wp-content\/uploads\/2025\/12\/01-1536x1050.jpg 1536w, https:\/\/zgyo.com.tr\/wp-content\/uploads\/2025\/12\/01-18x12.jpg 18w, https:\/\/zgyo.com.tr\/wp-content\/uploads\/2025\/12\/01-200x137.jpg 200w, https:\/\/zgyo.com.tr\/wp-content\/uploads\/2025\/12\/01-1000x683.jpg 1000w, https:\/\/zgyo.com.tr\/wp-content\/uploads\/2025\/12\/01-1800x1230.jpg 1800w, https:\/\/zgyo.com.tr\/wp-content\/uploads\/2025\/12\/01-819x560.jpg 819w, https:\/\/zgyo.com.tr\/wp-content\/uploads\/2025\/12\/01-600x410.jpg 600w, https:\/\/zgyo.com.tr\/wp-content\/uploads\/2025\/12\/01.jpg 1826w\" sizes=\"(max-width: 930px) 100vw, 930px\" \/>\t\t\t\t\t\t\t\t<\/a>\n\t\t\t\t\t\t\t\t\t\t\t\t\t\t\t<\/div>\n\t\t\t\t<\/div>\n\t\t\t\t<div class=\"elementor-element elementor-element-a643b95 elementor-widget elementor-widget-image\" data-id=\"a643b95\" data-element_type=\"widget\" data-e-type=\"widget\" data-widget_type=\"image.default\">\n\t\t\t\t<div class=\"elementor-widget-container\">\n\t\t\t\t\t\t\t\t\t\t\t\t\t\t\t\t<a href=\"https:\/\/zgyo.com.tr\/wp-content\/uploads\/2025\/12\/02.jpg\" data-elementor-open-lightbox=\"yes\" data-elementor-lightbox-title=\"02\" data-e-action-hash=\"#elementor-action%3Aaction%3Dlightbox%26settings%3DeyJpZCI6ODU3MywidXJsIjoiaHR0cHM6XC9cL3pneW8uY29tLnRyXC93cC1jb250ZW50XC91cGxvYWRzXC8yMDI1XC8xMlwvMDIuanBnIn0%3D\">\n\t\t\t\t\t\t\t<img loading=\"lazy\" decoding=\"async\" width=\"930\" height=\"636\" src=\"https:\/\/zgyo.com.tr\/wp-content\/uploads\/2025\/12\/02-1024x700.jpg\" class=\"attachment-large size-large wp-image-8573\" alt=\"\" srcset=\"https:\/\/zgyo.com.tr\/wp-content\/uploads\/2025\/12\/02-1024x700.jpg 1024w, https:\/\/zgyo.com.tr\/wp-content\/uploads\/2025\/12\/02-300x205.jpg 300w, https:\/\/zgyo.com.tr\/wp-content\/uploads\/2025\/12\/02-768x525.jpg 768w, https:\/\/zgyo.com.tr\/wp-content\/uploads\/2025\/12\/02-1536x1050.jpg 1536w, https:\/\/zgyo.com.tr\/wp-content\/uploads\/2025\/12\/02-18x12.jpg 18w, https:\/\/zgyo.com.tr\/wp-content\/uploads\/2025\/12\/02-200x137.jpg 200w, https:\/\/zgyo.com.tr\/wp-content\/uploads\/2025\/12\/02-1000x683.jpg 1000w, https:\/\/zgyo.com.tr\/wp-content\/uploads\/2025\/12\/02-1800x1230.jpg 1800w, https:\/\/zgyo.com.tr\/wp-content\/uploads\/2025\/12\/02-819x560.jpg 819w, https:\/\/zgyo.com.tr\/wp-content\/uploads\/2025\/12\/02-600x410.jpg 600w, https:\/\/zgyo.com.tr\/wp-content\/uploads\/2025\/12\/02.jpg 1826w\" sizes=\"(max-width: 930px) 100vw, 930px\" \/>\t\t\t\t\t\t\t\t<\/a>\n\t\t\t\t\t\t\t\t\t\t\t\t\t\t\t<\/div>\n\t\t\t\t<\/div>\n\t\t\t\t<div class=\"elementor-element elementor-element-7eac9b0 elementor-widget elementor-widget-image\" data-id=\"7eac9b0\" data-element_type=\"widget\" data-e-type=\"widget\" data-widget_type=\"image.default\">\n\t\t\t\t<div class=\"elementor-widget-container\">\n\t\t\t\t\t\t\t\t\t\t\t\t\t\t\t\t<a href=\"https:\/\/zgyo.com.tr\/wp-content\/uploads\/2025\/12\/3_Postproduction.jpg\" data-elementor-open-lightbox=\"yes\" data-elementor-lightbox-title=\"3_Postproduct\u0131on\" data-e-action-hash=\"#elementor-action%3Aaction%3Dlightbox%26settings%3DeyJpZCI6ODU3NCwidXJsIjoiaHR0cHM6XC9cL3pneW8uY29tLnRyXC93cC1jb250ZW50XC91cGxvYWRzXC8yMDI1XC8xMlwvM19Qb3N0cHJvZHVjdGlvbi5qcGcifQ%3D%3D\">\n\t\t\t\t\t\t\t<img loading=\"lazy\" decoding=\"async\" width=\"930\" height=\"618\" src=\"https:\/\/zgyo.com.tr\/wp-content\/uploads\/2025\/12\/3_Postproduction-1024x681.jpg\" class=\"attachment-large size-large wp-image-8574\" alt=\"\" srcset=\"https:\/\/zgyo.com.tr\/wp-content\/uploads\/2025\/12\/3_Postproduction-1024x681.jpg 1024w, https:\/\/zgyo.com.tr\/wp-content\/uploads\/2025\/12\/3_Postproduction-300x200.jpg 300w, https:\/\/zgyo.com.tr\/wp-content\/uploads\/2025\/12\/3_Postproduction-768x511.jpg 768w, https:\/\/zgyo.com.tr\/wp-content\/uploads\/2025\/12\/3_Postproduction-1536x1022.jpg 1536w, https:\/\/zgyo.com.tr\/wp-content\/uploads\/2025\/12\/3_Postproduction-18x12.jpg 18w, https:\/\/zgyo.com.tr\/wp-content\/uploads\/2025\/12\/3_Postproduction-200x133.jpg 200w, https:\/\/zgyo.com.tr\/wp-content\/uploads\/2025\/12\/3_Postproduction-1000x665.jpg 1000w, https:\/\/zgyo.com.tr\/wp-content\/uploads\/2025\/12\/3_Postproduction-842x560.jpg 842w, https:\/\/zgyo.com.tr\/wp-content\/uploads\/2025\/12\/3_Postproduction-600x399.jpg 600w, https:\/\/zgyo.com.tr\/wp-content\/uploads\/2025\/12\/3_Postproduction.jpg 1539w\" sizes=\"(max-width: 930px) 100vw, 930px\" \/>\t\t\t\t\t\t\t\t<\/a>\n\t\t\t\t\t\t\t\t\t\t\t\t\t\t\t<\/div>\n\t\t\t\t<\/div>\n\t\t\t\t\t<\/div>\n\t\t\t\t<\/div>\n\t\t<div class=\"elementor-element elementor-element-6ac5cd3 e-flex e-con-boxed e-con e-parent\" data-id=\"6ac5cd3\" data-element_type=\"container\" data-e-type=\"container\">\n\t\t\t\t\t<div class=\"e-con-inner\">\n\t\t\t\t<div class=\"elementor-element elementor-element-9423ea5 elementor-widget elementor-widget-text-editor\" data-id=\"9423ea5\" data-element_type=\"widget\" data-e-type=\"widget\" data-widget_type=\"text-editor.default\">\n\t\t\t\t<div class=\"elementor-widget-container\">\n\t\t\t\t\t\t\t\t\t<h4><strong>Karakusunlar Karma Projesi<\/strong><\/h4><p>Proje Ad\u0131: Karakusunlar Karma Projesi<\/p><p>Lokasyon: \u00c7ukurambar \/ \u00c7ankaya \/ Ankara<\/p><p>Proje Tipi: Karma Proje\u00a0<\/p><p>Ta\u015f\u0131nmaz; Ankara ili \u00c7ankaya il\u00e7esi Karakusunlar Mahallesi, \u00c7ukurambar semtinde konumlan\u0131yor. JW Marriott Hotel Ankara ve Eti Maden Genel M\u00fcd\u00fcrl\u00fc\u011f\u00fc\u2019n\u00fcn kar\u015f\u0131s\u0131nda, metro istasyonuna biti\u015fik konumda yer alan proje alan\u0131, Kentsel Servis Alan\u0131 fonksiyonu kapsam\u0131nda planlan\u0131yor.<\/p><p>Ba\u015fkent Ankara\u2019n\u0131n en merkezi ve prestijli b\u00f6lgelerinden birinde konumlanan proje; kamu kurumlar\u0131, bakanl\u0131klar, al\u0131\u015fveri\u015f merkezleri, hastaneler ve ana ula\u015f\u0131m akslar\u0131na olan yak\u0131nl\u0131\u011f\u0131 sayesinde y\u00fcksek eri\u015filebilirlik sunmay\u0131 ve g\u00fc\u00e7l\u00fc bir stratejik konum avantaj\u0131 sa\u011flamay\u0131 hedefliyor.<\/p>\t\t\t\t\t\t\t\t<\/div>\n\t\t\t\t<\/div>\n\t\t\t\t\t<\/div>\n\t\t\t\t<\/div>\n\t\t\t\t<\/div>\n\t\t","protected":false},"excerpt":{"rendered":"<p>Karakusunlar Karma Projesi Proje Ad\u0131: Karakusunlar Karma Projesi Lokasyon: \u00c7ukurambar \/ \u00c7ankaya \/ Ankara Proje Tipi: Karma Proje\u00a0 Ta\u015f\u0131nmaz; Ankara ili \u00c7ankaya il\u00e7esi Karakusunlar Mahallesi, \u00c7ukurambar semtinde konumlan\u0131yor. JW Marriott Hotel Ankara ve Eti Maden Genel M\u00fcd\u00fcrl\u00fc\u011f\u00fc\u2019n\u00fcn kar\u015f\u0131s\u0131nda, metro istasyonuna biti\u015fik konumda yer alan proje alan\u0131, Kentsel Servis Alan\u0131 fonksiyonu kapsam\u0131nda planlan\u0131yor. Ba\u015fkent Ankara\u2019n\u0131n en merkezi ve prestijli b\u00f6lgelerinden birinde konumlanan proje; kamu kurumlar\u0131, bakanl\u0131klar, al\u0131\u015fveri\u015f merkezleri, hastaneler ve ana ula\u015f\u0131m akslar\u0131na olan yak\u0131nl\u0131\u011f\u0131 sayesinde [&hellip;]<\/p>\n","protected":false},"author":3,"featured_media":8517,"parent":0,"menu_order":0,"comment_status":"closed","ping_status":"closed","template":"","meta":{"inspiro_page_layout":"narrow","inspiro_hide_title":false,"footnotes":""},"class_list":["post-278","page","type-page","status-publish","has-post-thumbnail","hentry"],"_links":{"self":[{"href":"https:\/\/zgyo.com.tr\/tr\/wp-json\/wp\/v2\/pages\/278","targetHints":{"allow":["GET"]}}],"collection":[{"href":"https:\/\/zgyo.com.tr\/tr\/wp-json\/wp\/v2\/pages"}],"about":[{"href":"https:\/\/zgyo.com.tr\/tr\/wp-json\/wp\/v2\/types\/page"}],"author":[{"embeddable":true,"href":"https:\/\/zgyo.com.tr\/tr\/wp-json\/wp\/v2\/users\/3"}],"replies":[{"embeddable":true,"href":"https:\/\/zgyo.com.tr\/tr\/wp-json\/wp\/v2\/comments?post=278"}],"version-history":[{"count":26,"href":"https:\/\/zgyo.com.tr\/tr\/wp-json\/wp\/v2\/pages\/278\/revisions"}],"predecessor-version":[{"id":8605,"href":"https:\/\/zgyo.com.tr\/tr\/wp-json\/wp\/v2\/pages\/278\/revisions\/8605"}],"wp:featuredmedia":[{"embeddable":true,"href":"https:\/\/zgyo.com.tr\/tr\/wp-json\/wp\/v2\/media\/8517"}],"wp:attachment":[{"href":"https:\/\/zgyo.com.tr\/tr\/wp-json\/wp\/v2\/media?parent=278"}],"curies":[{"name":"wp","href":"https:\/\/api.w.org\/{rel}","templated":true}]}}