{"id":280,"date":"2025-01-28T16:08:54","date_gmt":"2025-01-28T16:08:54","guid":{"rendered":"https:\/\/zgyo.com.tr\/?page_id=280"},"modified":"2025-04-23T06:12:14","modified_gmt":"2025-04-23T06:12:14","slug":"cukurambar-egitim-kampusu","status":"publish","type":"page","link":"https:\/\/zgyo.com.tr\/tr\/cukurambar-egitim-kampusu\/","title":{"rendered":"\u00c7ukurambar E\u011fitim Kamp\u00fcs\u00fc"},"content":{"rendered":"<style>.elementor-280 .elementor-element.elementor-element-84fd30b{--display:grid;--e-con-grid-template-columns:repeat(3, 1fr);--e-con-grid-template-rows:repeat(1, 1fr);--gap:0px 0px;--row-gap:0px;--column-gap:0px;--grid-auto-flow:row;}.elementor-280 .elementor-element.elementor-element-84fd30b.e-con{--flex-grow:0;--flex-shrink:0;}.elementor-280 .elementor-element.elementor-element-2894aa2 img{width:100%;height:229px;object-fit:cover;object-position:center center;}.elementor-280 .elementor-element.elementor-element-2894aa2 > .elementor-widget-container{margin:0px 0px 0px 0px;padding:0px 0px 0px 0px;}.elementor-280 .elementor-element.elementor-element-2894aa2.elementor-element{--align-self:center;--flex-grow:1;--flex-shrink:0;}.elementor-280 .elementor-element.elementor-element-ffb73b6{--display:flex;}.elementor-280 .elementor-element.elementor-element-6cd7dab{text-align:center;}@media(max-width:1024px){.elementor-280 .elementor-element.elementor-element-84fd30b{--grid-auto-flow:row;}}@media(min-width:768px){.elementor-280 .elementor-element.elementor-element-84fd30b{--width:103.579%;}}@media(max-width:767px){.elementor-280 .elementor-element.elementor-element-84fd30b{--e-con-grid-template-columns:repeat(1, 1fr);--e-con-grid-template-rows:repeat(1, 1fr);--grid-auto-flow:row;}}<\/style>\t\t<div data-elementor-type=\"wp-page\" data-elementor-id=\"280\" class=\"elementor elementor-280\" data-elementor-post-type=\"page\">\n\t\t\t\t<div class=\"elementor-element elementor-element-84fd30b e-grid e-con-full e-con e-parent\" data-id=\"84fd30b\" data-element_type=\"container\" data-e-type=\"container\">\n\t\t\t\t<div class=\"elementor-element elementor-element-849ade5 elementor-widget elementor-widget-image\" data-id=\"849ade5\" data-element_type=\"widget\" data-e-type=\"widget\" data-widget_type=\"image.default\">\n\t\t\t\t<div class=\"elementor-widget-container\">\n\t\t\t\t\t\t\t\t\t\t\t\t\t\t\t\t<a href=\"https:\/\/zgyo.com.tr\/wp-content\/uploads\/2025\/01\/IMG_20241004_154840-scaled.jpg\" data-elementor-open-lightbox=\"yes\" data-elementor-lightbox-title=\"IMG_20241004_154840\" data-e-action-hash=\"#elementor-action%3Aaction%3Dlightbox%26settings%3DeyJpZCI6MjgyLCJ1cmwiOiJodHRwczpcL1wvemd5by5jb20udHJcL3dwLWNvbnRlbnRcL3VwbG9hZHNcLzIwMjVcLzAxXC9JTUdfMjAyNDEwMDRfMTU0ODQwLXNjYWxlZC5qcGcifQ%3D%3D\">\n\t\t\t\t\t\t\t<img fetchpriority=\"high\" decoding=\"async\" width=\"930\" height=\"698\" src=\"https:\/\/zgyo.com.tr\/wp-content\/uploads\/2025\/01\/IMG_20241004_154840-1024x768.jpg\" class=\"attachment-large size-large wp-image-282\" alt=\"\" srcset=\"https:\/\/zgyo.com.tr\/wp-content\/uploads\/2025\/01\/IMG_20241004_154840-1024x768.jpg 1024w, https:\/\/zgyo.com.tr\/wp-content\/uploads\/2025\/01\/IMG_20241004_154840-300x225.jpg 300w, https:\/\/zgyo.com.tr\/wp-content\/uploads\/2025\/01\/IMG_20241004_154840-2000x1500.jpg 2000w\" sizes=\"(max-width: 930px) 100vw, 930px\" \/>\t\t\t\t\t\t\t\t<\/a>\n\t\t\t\t\t\t\t\t\t\t\t\t\t\t\t<\/div>\n\t\t\t\t<\/div>\n\t\t\t\t<div class=\"elementor-element elementor-element-2894aa2 elementor-widget elementor-widget-image\" data-id=\"2894aa2\" data-element_type=\"widget\" data-e-type=\"widget\" data-widget_type=\"image.default\">\n\t\t\t\t<div class=\"elementor-widget-container\">\n\t\t\t\t\t\t\t\t\t\t\t\t\t\t\t\t<a href=\"https:\/\/zgyo.com.tr\/wp-content\/uploads\/2025\/01\/DJI_0004-scaled.jpg\" data-elementor-open-lightbox=\"yes\" data-elementor-lightbox-title=\"DCIM100MEDIADJI_0004.JPG\" data-e-action-hash=\"#elementor-action%3Aaction%3Dlightbox%26settings%3DeyJpZCI6Mjg0LCJ1cmwiOiJodHRwczpcL1wvemd5by5jb20udHJcL3dwLWNvbnRlbnRcL3VwbG9hZHNcLzIwMjVcLzAxXC9ESklfMDAwNC1zY2FsZWQuanBnIn0%3D\">\n\t\t\t\t\t\t\t<img decoding=\"async\" width=\"930\" height=\"577\" src=\"https:\/\/zgyo.com.tr\/wp-content\/uploads\/2025\/01\/DJI_0004-1024x635.jpg\" class=\"attachment-large size-large wp-image-284\" alt=\"\" srcset=\"https:\/\/zgyo.com.tr\/wp-content\/uploads\/2025\/01\/DJI_0004-1024x635.jpg 1024w, https:\/\/zgyo.com.tr\/wp-content\/uploads\/2025\/01\/DJI_0004-300x186.jpg 300w, https:\/\/zgyo.com.tr\/wp-content\/uploads\/2025\/01\/DJI_0004-2000x1240.jpg 2000w\" sizes=\"(max-width: 930px) 100vw, 930px\" \/>\t\t\t\t\t\t\t\t<\/a>\n\t\t\t\t\t\t\t\t\t\t\t\t\t\t\t<\/div>\n\t\t\t\t<\/div>\n\t\t\t\t<div class=\"elementor-element elementor-element-1c0937e elementor-widget elementor-widget-image\" data-id=\"1c0937e\" data-element_type=\"widget\" data-e-type=\"widget\" data-widget_type=\"image.default\">\n\t\t\t\t<div class=\"elementor-widget-container\">\n\t\t\t\t\t\t\t\t\t\t\t\t\t\t\t\t<a href=\"https:\/\/zgyo.com.tr\/wp-content\/uploads\/2025\/01\/IMG_20241004_161409-scaled.jpg\" data-elementor-open-lightbox=\"yes\" data-elementor-lightbox-title=\"IMG_20241004_161409\" data-e-action-hash=\"#elementor-action%3Aaction%3Dlightbox%26settings%3DeyJpZCI6MjgzLCJ1cmwiOiJodHRwczpcL1wvemd5by5jb20udHJcL3dwLWNvbnRlbnRcL3VwbG9hZHNcLzIwMjVcLzAxXC9JTUdfMjAyNDEwMDRfMTYxNDA5LXNjYWxlZC5qcGcifQ%3D%3D\">\n\t\t\t\t\t\t\t<img decoding=\"async\" width=\"930\" height=\"698\" src=\"https:\/\/zgyo.com.tr\/wp-content\/uploads\/2025\/01\/IMG_20241004_161409-1024x768.jpg\" class=\"attachment-large size-large wp-image-283\" alt=\"\" srcset=\"https:\/\/zgyo.com.tr\/wp-content\/uploads\/2025\/01\/IMG_20241004_161409-1024x768.jpg 1024w, https:\/\/zgyo.com.tr\/wp-content\/uploads\/2025\/01\/IMG_20241004_161409-300x225.jpg 300w, https:\/\/zgyo.com.tr\/wp-content\/uploads\/2025\/01\/IMG_20241004_161409-2000x1500.jpg 2000w\" sizes=\"(max-width: 930px) 100vw, 930px\" \/>\t\t\t\t\t\t\t\t<\/a>\n\t\t\t\t\t\t\t\t\t\t\t\t\t\t\t<\/div>\n\t\t\t\t<\/div>\n\t\t\t\t<\/div>\n\t\t<div class=\"elementor-element elementor-element-ffb73b6 e-flex e-con-boxed e-con e-parent\" data-id=\"ffb73b6\" data-element_type=\"container\" data-e-type=\"container\">\n\t\t\t\t\t<div class=\"e-con-inner\">\n\t\t\t\t<div class=\"elementor-element elementor-element-6cd7dab elementor-widget elementor-widget-text-editor\" data-id=\"6cd7dab\" data-element_type=\"widget\" data-e-type=\"widget\" data-widget_type=\"text-editor.default\">\n\t\t\t\t<div class=\"elementor-widget-container\">\n\t\t\t\t\t\t\t\t\t<p class=\"has-text-align-center\"><strong>\u00c7ukurambar E\u011fitim Kamp\u00fcs\u00fc<\/strong><br \/>Lokasyon: \u00c7ankaya\/ Ankara<br \/>Proje Tipi: Okul<br \/>Sekt\u00f6r\/Nitelik: E\u011fitim Kamp\u00fcs\u00fc<\/p>\n<p class=\"has-text-align-center\">Ankara\u2019n\u0131n \u00c7ukurambar mahallesinde yer alan 8 katl\u0131 prestijli yap\u0131 Z GYO\u2019nun portf\u00f6y\u00fcn\u00fc geni\u015fletme ve \u00e7e\u015fitlendirme stratejisinin \u00f6nemli bir par\u00e7as\u0131n\u0131 olu\u015fturmaktad\u0131r. Z GYO, farkl\u0131 sekt\u00f6rlere yat\u0131r\u0131m yapman\u0131n \u00f6tesine ge\u00e7erek, e\u011fitim alan\u0131nda da dikkat \u00e7ekici bir ad\u0131m atm\u0131\u015f ve bu stratejik yat\u0131r\u0131m ile e\u011fitim sekt\u00f6r\u00fcndeki varl\u0131\u011f\u0131n\u0131 peki\u015ftirmi\u015ftir. Ankara \u015fehir merkezinde yer alan ve 12.000 m\u00b2\u2019lik alan \u00fczerine in\u015fa edilmi\u015f bu okul projesi, fonksiyonelli\u011fi ve y\u00fcksek e\u011fitim standartlar\u0131na uygun tasar\u0131m\u0131yla hem konforlu bir e\u011fitim ortam\u0131 sunmakta hem de e\u011fitim kalitesini art\u0131rmay\u0131 hedeflemektedir.<\/p>\t\t\t\t\t\t\t\t<\/div>\n\t\t\t\t<\/div>\n\t\t\t\t\t<\/div>\n\t\t\t\t<\/div>\n\t\t\t\t<\/div>\n\t\t","protected":false},"excerpt":{"rendered":"<p>\u00c7ukurambar E\u011fitim Kamp\u00fcs\u00fc Lokasyon: \u00c7ankaya\/ Ankara Proje Tipi: Okul Sekt\u00f6r\/Nitelik: E\u011fitim Kamp\u00fcs\u00fc Ankara\u2019n\u0131n \u00c7ukurambar mahallesinde yer alan 8 katl\u0131 prestijli yap\u0131 Z GYO\u2019nun portf\u00f6y\u00fcn\u00fc geni\u015fletme ve \u00e7e\u015fitlendirme stratejisinin \u00f6nemli bir par\u00e7as\u0131n\u0131 olu\u015fturmaktad\u0131r. Z GYO, farkl\u0131 sekt\u00f6rlere yat\u0131r\u0131m yapman\u0131n \u00f6tesine ge\u00e7erek, e\u011fitim alan\u0131nda da dikkat \u00e7ekici bir ad\u0131m atm\u0131\u015f ve bu stratejik yat\u0131r\u0131m ile e\u011fitim sekt\u00f6r\u00fcndeki varl\u0131\u011f\u0131n\u0131 peki\u015ftirmi\u015ftir. Ankara \u015fehir merkezinde yer alan ve 12.000 m\u00b2\u2019lik alan \u00fczerine in\u015fa edilmi\u015f bu okul projesi, fonksiyonelli\u011fi ve y\u00fcksek [&hellip;]<\/p>\n","protected":false},"author":1,"featured_media":282,"parent":0,"menu_order":0,"comment_status":"closed","ping_status":"closed","template":"","meta":{"inspiro_page_layout":"narrow","inspiro_hide_title":false,"footnotes":""},"class_list":["post-280","page","type-page","status-publish","has-post-thumbnail","hentry"],"_links":{"self":[{"href":"https:\/\/zgyo.com.tr\/tr\/wp-json\/wp\/v2\/pages\/280","targetHints":{"allow":["GET"]}}],"collection":[{"href":"https:\/\/zgyo.com.tr\/tr\/wp-json\/wp\/v2\/pages"}],"about":[{"href":"https:\/\/zgyo.com.tr\/tr\/wp-json\/wp\/v2\/types\/page"}],"author":[{"embeddable":true,"href":"https:\/\/zgyo.com.tr\/tr\/wp-json\/wp\/v2\/users\/1"}],"replies":[{"embeddable":true,"href":"https:\/\/zgyo.com.tr\/tr\/wp-json\/wp\/v2\/comments?post=280"}],"version-history":[{"count":0,"href":"https:\/\/zgyo.com.tr\/tr\/wp-json\/wp\/v2\/pages\/280\/revisions"}],"wp:featuredmedia":[{"embeddable":true,"href":"https:\/\/zgyo.com.tr\/tr\/wp-json\/wp\/v2\/media\/282"}],"wp:attachment":[{"href":"https:\/\/zgyo.com.tr\/tr\/wp-json\/wp\/v2\/media?parent=280"}],"curies":[{"name":"wp","href":"https:\/\/api.w.org\/{rel}","templated":true}]}}