{"id":292,"date":"2025-01-28T17:16:27","date_gmt":"2025-01-28T17:16:27","guid":{"rendered":"https:\/\/zgyo.com.tr\/?page_id=292"},"modified":"2026-03-31T09:08:09","modified_gmt":"2026-03-31T06:08:09","slug":"hikayemiz","status":"publish","type":"page","link":"https:\/\/zgyo.com.tr\/tr\/hikayemiz\/","title":{"rendered":"Hikayemiz"},"content":{"rendered":"<style>.elementor-292 .elementor-element.elementor-element-21cfa86b{--display:flex;}.elementor-292 .elementor-element.elementor-element-1f7c3e55{text-align:center;}<\/style>\t\t<div data-elementor-type=\"wp-page\" data-elementor-id=\"292\" class=\"elementor elementor-292\" data-elementor-post-type=\"page\">\n\t\t\t\t<div class=\"elementor-element elementor-element-21cfa86b e-flex e-con-boxed e-con e-parent\" data-id=\"21cfa86b\" data-element_type=\"container\" data-e-type=\"container\">\n\t\t\t\t\t<div class=\"e-con-inner\">\n\t\t\t\t<div class=\"elementor-element elementor-element-1f7c3e55 elementor-widget elementor-widget-text-editor\" data-id=\"1f7c3e55\" data-element_type=\"widget\" data-e-type=\"widget\" data-widget_type=\"text-editor.default\">\n\t\t\t\t<div class=\"elementor-widget-container\">\n\t\t\t\t\t\t\t\t\t<p class=\"p1\">Z GYO olarak, proaktif bir bak\u0131\u015f a\u00e7\u0131s\u0131yla hareket ediyor; \u00e7ekirdek yetkinliklerimize odaklan\u0131rken k\u00fcresel dinamikleri dikkatle takip ediyoruz. Hayata ge\u00e7irdi\u011fimiz her projeyi s\u00fcrd\u00fcr\u00fclebilirlik, yenilik\u00e7ilik ve y\u00fcksek katma de\u011fer oda\u011f\u0131nda \u015fekillenen g\u00fc\u00e7l\u00fc bir yol haritas\u0131 ile ele al\u0131yoruz. Ba\u015far\u0131yla tamamlanan halka arz s\u00fcrecimizin ard\u0131ndan, nitelikli ve \u00f6zg\u00fcn yat\u0131r\u0131m portf\u00f6y\u00fcm\u00fczden ald\u0131\u011f\u0131m\u0131z g\u00fc\u00e7le b\u00fcy\u00fcme yolculu\u011fumuzu daha kurumsal, daha sa\u011flam ve daha vizyoner bir yap\u0131 i\u00e7inde s\u00fcrd\u00fcr\u00fcyoruz.<\/p>\n<p class=\"p1\">Gayrimenkul portf\u00f6y\u00fcm\u00fcze dahil edilen her projenin temel g\u00fcc\u00fc, birbirini tamamlayan yap\u0131s\u0131yla GYO \u00e7at\u0131s\u0131 alt\u0131nda hedeflenen sinerjiyi beslemesinde yat\u0131yor. G\u00fc\u00e7l\u00fc \u00f6zkaynak yap\u0131m\u0131z, bu sinerjiyi destekleyen en \u00f6nemli unsurlar aras\u0131nda yer al\u0131yor; b\u00f6ylece payda\u015flar\u0131m\u0131za uzun vadeli, s\u00fcrd\u00fcr\u00fclebilir ve \u00e7ok y\u00f6nl\u00fc de\u011fer \u00fcreten projeler geli\u015ftirme imk\u00e2n\u0131 sunuyor.<\/p>\n<p class=\"p1\">Misyonumuz, s\u00fcrd\u00fcr\u00fclebilir b\u00fcy\u00fcme anlay\u0131\u015f\u0131yla ya\u015fam ve ticaret alanlar\u0131 geli\u015ftirmek. \u00c7evreye duyarl\u0131, ekonomik ve be\u015fer\u00ee katma de\u011fer \u00fcreten, insan odakl\u0131 bir gayrimenkul yakla\u015f\u0131m\u0131n\u0131 benimsiyor; yat\u0131r\u0131mc\u0131lar\u0131m\u0131z i\u00e7in de\u011fer maksimizasyonunu esas alan g\u00fc\u00e7l\u00fc bir portf\u00f6y y\u00f6netimi anlay\u0131\u015f\u0131yla ilerliyoruz.<\/p>\n<p class=\"p1\">Vizyonumuz, T\u00fcrkiye\u2019nin ve d\u00fcnyan\u0131n de\u011fi\u015fen bak\u0131\u015f a\u00e7\u0131s\u0131na yan\u0131t veren, fark yaratan ve entelekt\u00fcel de\u011fer \u00fcreten imza bir gayrimenkul markas\u0131na d\u00f6n\u00fc\u015fmek.<\/p>\n<p><!-- \/wp:paragraph --><\/p>\n<p><!-- wp:paragraph --><\/p>\n<p><!-- \/wp:paragraph --><\/p>\n<p><!-- wp:paragraph --><\/p>\n<p><!-- \/wp:paragraph --><\/p>\t\t\t\t\t\t\t\t<\/div>\n\t\t\t\t<\/div>\n\t\t\t\t\t<\/div>\n\t\t\t\t<\/div>\n\t\t\t\t<\/div>\n\t\t","protected":false},"excerpt":{"rendered":"<p>Z GYO olarak, proaktif bir bak\u0131\u015f a\u00e7\u0131s\u0131yla hareket ediyor; \u00e7ekirdek yetkinliklerimize odaklan\u0131rken k\u00fcresel dinamikleri dikkatle takip ediyoruz. Hayata ge\u00e7irdi\u011fimiz her projeyi s\u00fcrd\u00fcr\u00fclebilirlik, yenilik\u00e7ilik ve y\u00fcksek katma de\u011fer oda\u011f\u0131nda \u015fekillenen g\u00fc\u00e7l\u00fc bir yol haritas\u0131 ile ele al\u0131yoruz. Ba\u015far\u0131yla tamamlanan halka arz s\u00fcrecimizin ard\u0131ndan, nitelikli ve \u00f6zg\u00fcn yat\u0131r\u0131m portf\u00f6y\u00fcm\u00fczden ald\u0131\u011f\u0131m\u0131z g\u00fc\u00e7le b\u00fcy\u00fcme yolculu\u011fumuzu daha kurumsal, daha sa\u011flam ve daha vizyoner bir yap\u0131 i\u00e7inde s\u00fcrd\u00fcr\u00fcyoruz. Gayrimenkul portf\u00f6y\u00fcm\u00fcze dahil edilen her projenin temel g\u00fcc\u00fc, birbirini tamamlayan yap\u0131s\u0131yla GYO \u00e7at\u0131s\u0131 [&hellip;]<\/p>\n","protected":false},"author":1,"featured_media":293,"parent":0,"menu_order":0,"comment_status":"closed","ping_status":"closed","template":"","meta":{"inspiro_page_layout":"narrow","inspiro_hide_title":false,"footnotes":""},"class_list":["post-292","page","type-page","status-publish","has-post-thumbnail","hentry"],"_links":{"self":[{"href":"https:\/\/zgyo.com.tr\/tr\/wp-json\/wp\/v2\/pages\/292","targetHints":{"allow":["GET"]}}],"collection":[{"href":"https:\/\/zgyo.com.tr\/tr\/wp-json\/wp\/v2\/pages"}],"about":[{"href":"https:\/\/zgyo.com.tr\/tr\/wp-json\/wp\/v2\/types\/page"}],"author":[{"embeddable":true,"href":"https:\/\/zgyo.com.tr\/tr\/wp-json\/wp\/v2\/users\/1"}],"replies":[{"embeddable":true,"href":"https:\/\/zgyo.com.tr\/tr\/wp-json\/wp\/v2\/comments?post=292"}],"version-history":[{"count":12,"href":"https:\/\/zgyo.com.tr\/tr\/wp-json\/wp\/v2\/pages\/292\/revisions"}],"predecessor-version":[{"id":8808,"href":"https:\/\/zgyo.com.tr\/tr\/wp-json\/wp\/v2\/pages\/292\/revisions\/8808"}],"wp:featuredmedia":[{"embeddable":true,"href":"https:\/\/zgyo.com.tr\/tr\/wp-json\/wp\/v2\/media\/293"}],"wp:attachment":[{"href":"https:\/\/zgyo.com.tr\/tr\/wp-json\/wp\/v2\/media?parent=292"}],"curies":[{"name":"wp","href":"https:\/\/api.w.org\/{rel}","templated":true}]}}