{"id":297,"date":"2025-01-28T17:16:47","date_gmt":"2025-01-28T17:16:47","guid":{"rendered":"https:\/\/zgyo.com.tr\/?page_id=297"},"modified":"2025-01-28T20:32:00","modified_gmt":"2025-01-28T20:32:00","slug":"yonetim-kurulu","status":"publish","type":"page","link":"https:\/\/zgyo.com.tr\/tr\/yonetim-kurulu\/","title":{"rendered":"Y\u00f6netim Kurulu"},"content":{"rendered":"\n<hr class=\"wp-block-separator has-alpha-channel-opacity is-style-wide\"\/>\n\n\n\n<p><strong>Ahmet Kerem Eren<\/strong><\/p>\n\n\n\n<p>Y\u00f6netim Kurulu Ba\u015fkan\u0131<\/p>\n\n\n\n<hr class=\"wp-block-separator has-alpha-channel-opacity is-style-wide\"\/>\n\n\n\n<p><strong>Fatma Eren<\/strong><\/p>\n\n\n\n<p>Y\u00f6netim Kurulu \u00dcyesi<\/p>\n\n\n\n<hr class=\"wp-block-separator has-alpha-channel-opacity is-style-wide\"\/>\n\n\n\n<p><strong>Merve Eren<\/strong><\/p>\n\n\n\n<p>Y\u00f6netim Kurulu \u00dcyesi<\/p>\n\n\n\n<hr class=\"wp-block-separator has-alpha-channel-opacity is-style-wide\"\/>\n\n\n\n<p><strong>F. Bahar I\u015f\u0131n<\/strong><\/p>\n\n\n\n<p>Ba\u011f\u0131ms\u0131z Y\u00f6netim Kurulu \u00dcyesi<\/p>\n\n\n\n<hr class=\"wp-block-separator has-alpha-channel-opacity is-style-wide\"\/>\n\n\n\n<p><strong>Hakan Ba\u015fkt\u00fcrk<\/strong><\/p>\n\n\n\n<p>Ba\u011f\u0131ms\u0131z Y\u00f6netim Kurulu \u00dcyesi<\/p>\n\n\n\n<hr class=\"wp-block-separator has-alpha-channel-opacity is-style-wide\"\/>\n\n\n\n<p><\/p>\n\n\n\n<p><\/p>\n\n\n\n<p><\/p>\n","protected":false},"excerpt":{"rendered":"<p>Ahmet Kerem Eren Y\u00f6netim Kurulu Ba\u015fkan\u0131 Fatma Eren Y\u00f6netim Kurulu \u00dcyesi Merve Eren Y\u00f6netim Kurulu \u00dcyesi F. Bahar I\u015f\u0131n Ba\u011f\u0131ms\u0131z Y\u00f6netim Kurulu \u00dcyesi Hakan Ba\u015fkt\u00fcrk Ba\u011f\u0131ms\u0131z Y\u00f6netim Kurulu \u00dcyesi<\/p>\n","protected":false},"author":1,"featured_media":383,"parent":0,"menu_order":0,"comment_status":"closed","ping_status":"closed","template":"","meta":{"inspiro_page_layout":"narrow","inspiro_hide_title":false,"footnotes":""},"class_list":["post-297","page","type-page","status-publish","has-post-thumbnail","hentry"],"_links":{"self":[{"href":"https:\/\/zgyo.com.tr\/tr\/wp-json\/wp\/v2\/pages\/297","targetHints":{"allow":["GET"]}}],"collection":[{"href":"https:\/\/zgyo.com.tr\/tr\/wp-json\/wp\/v2\/pages"}],"about":[{"href":"https:\/\/zgyo.com.tr\/tr\/wp-json\/wp\/v2\/types\/page"}],"author":[{"embeddable":true,"href":"https:\/\/zgyo.com.tr\/tr\/wp-json\/wp\/v2\/users\/1"}],"replies":[{"embeddable":true,"href":"https:\/\/zgyo.com.tr\/tr\/wp-json\/wp\/v2\/comments?post=297"}],"version-history":[{"count":0,"href":"https:\/\/zgyo.com.tr\/tr\/wp-json\/wp\/v2\/pages\/297\/revisions"}],"wp:featuredmedia":[{"embeddable":true,"href":"https:\/\/zgyo.com.tr\/tr\/wp-json\/wp\/v2\/media\/383"}],"wp:attachment":[{"href":"https:\/\/zgyo.com.tr\/tr\/wp-json\/wp\/v2\/media?parent=297"}],"curies":[{"name":"wp","href":"https:\/\/api.w.org\/{rel}","templated":true}]}}