{"id":321,"date":"2025-01-28T17:31:46","date_gmt":"2025-01-28T17:31:46","guid":{"rendered":"https:\/\/zgyo.com.tr\/?page_id=321"},"modified":"2025-05-12T13:47:18","modified_gmt":"2025-05-12T10:47:18","slug":"kariyer","status":"publish","type":"page","link":"https:\/\/zgyo.com.tr\/tr\/kariyer\/","title":{"rendered":"Kariyer"},"content":{"rendered":"<style>.elementor-321 .elementor-element.elementor-element-deb6820{--display:flex;--min-height:0px;}.elementor-321 .elementor-element.elementor-element-730b7c19{font-family:\"Onest\", Sans-serif;font-size:15px;font-weight:400;}.elementor-321 .elementor-element.elementor-element-7c561bc{--display:flex;--flex-direction:column;--container-widget-width:100%;--container-widget-height:initial;--container-widget-flex-grow:0;--container-widget-align-self:initial;--flex-wrap-mobile:wrap;--justify-content:space-between;}.elementor-321 .elementor-element.elementor-element-7c561bc.e-con{--flex-grow:0;--flex-shrink:0;}.elementor-321 .elementor-element.elementor-element-a95310f .elementor-field-group{padding-right:calc( 17px\/2 );padding-left:calc( 17px\/2 );margin-bottom:10px;}.elementor-321 .elementor-element.elementor-element-a95310f .elementor-form-fields-wrapper{margin-left:calc( -17px\/2 );margin-right:calc( -17px\/2 );margin-bottom:-10px;}.elementor-321 .elementor-element.elementor-element-a95310f .elementor-field-group.recaptcha_v3-bottomleft, .elementor-321 .elementor-element.elementor-element-a95310f .elementor-field-group.recaptcha_v3-bottomright{margin-bottom:0;}body.rtl .elementor-321 .elementor-element.elementor-element-a95310f .elementor-labels-inline .elementor-field-group > label{padding-left:0px;}body:not(.rtl) .elementor-321 .elementor-element.elementor-element-a95310f .elementor-labels-inline .elementor-field-group > label{padding-right:0px;}body .elementor-321 .elementor-element.elementor-element-a95310f .elementor-labels-above .elementor-field-group > label{padding-bottom:0px;}.elementor-321 .elementor-element.elementor-element-a95310f .elementor-field-group > label, .elementor-321 .elementor-element.elementor-element-a95310f .elementor-field-subgroup label{color:#000000;}.elementor-321 .elementor-element.elementor-element-a95310f .elementor-field-group > label{font-family:\"Onest\", Sans-serif;font-size:14px;font-weight:400;}.elementor-321 .elementor-element.elementor-element-a95310f .elementor-field-type-html{padding-bottom:3px;}.elementor-321 .elementor-element.elementor-element-a95310f .elementor-field-group .elementor-field, .elementor-321 .elementor-element.elementor-element-a95310f .elementor-field-subgroup label{font-family:\"Onest\", Sans-serif;font-size:15px;font-weight:400;}.elementor-321 .elementor-element.elementor-element-a95310f .elementor-field-group .elementor-field:not(.elementor-select-wrapper){background-color:#ffffff;border-width:1px 1px 1px 1px;border-radius:2px 2px 2px 2px;}.elementor-321 .elementor-element.elementor-element-a95310f .elementor-field-group .elementor-select-wrapper select{background-color:#ffffff;border-width:1px 1px 1px 1px;border-radius:2px 2px 2px 2px;}.elementor-321 .elementor-element.elementor-element-a95310f .elementor-button{font-family:\"Onest\", Sans-serif;font-weight:500;border-radius:2px 2px 2px 2px;}.elementor-321 .elementor-element.elementor-element-a95310f .e-form__buttons__wrapper__button-next{background-color:#0D3049;color:#ffffff;}.elementor-321 .elementor-element.elementor-element-a95310f .elementor-button[type=\"submit\"]{background-color:#0D3049;color:#ffffff;}.elementor-321 .elementor-element.elementor-element-a95310f .elementor-button[type=\"submit\"] svg *{fill:#ffffff;}.elementor-321 .elementor-element.elementor-element-a95310f .e-form__buttons__wrapper__button-previous{color:#ffffff;}.elementor-321 .elementor-element.elementor-element-a95310f .e-form__buttons__wrapper__button-next:hover{color:#ffffff;}.elementor-321 .elementor-element.elementor-element-a95310f .elementor-button[type=\"submit\"]:hover{color:#ffffff;}.elementor-321 .elementor-element.elementor-element-a95310f .elementor-button[type=\"submit\"]:hover svg *{fill:#ffffff;}.elementor-321 .elementor-element.elementor-element-a95310f .e-form__buttons__wrapper__button-previous:hover{color:#ffffff;}.elementor-321 .elementor-element.elementor-element-a95310f .elementor-message{font-family:\"Onest\", Sans-serif;font-weight:400;}.elementor-321 .elementor-element.elementor-element-a95310f .e-form__indicators__indicator, .elementor-321 .elementor-element.elementor-element-a95310f .e-form__indicators__indicator__label{font-family:\"Onest\", Sans-serif;font-weight:500;}.elementor-321 .elementor-element.elementor-element-a95310f{--e-form-steps-indicators-spacing:20px;--e-form-steps-indicator-padding:30px;--e-form-steps-indicator-inactive-secondary-color:#ffffff;--e-form-steps-indicator-active-secondary-color:#ffffff;--e-form-steps-indicator-completed-secondary-color:#ffffff;--e-form-steps-divider-width:1px;--e-form-steps-divider-gap:10px;}@media(max-width:767px){.elementor-321 .elementor-element.elementor-element-a95310f .elementor-field-group > label{font-size:11px;}.elementor-321 .elementor-element.elementor-element-a95310f .elementor-field-group .elementor-field, .elementor-321 .elementor-element.elementor-element-a95310f .elementor-field-subgroup label{font-size:12px;}.elementor-321 .elementor-element.elementor-element-a95310f .elementor-button{font-size:12px;}.elementor-321 .elementor-element.elementor-element-a95310f .e-form__indicators__indicator, .elementor-321 .elementor-element.elementor-element-a95310f .e-form__indicators__indicator__label{font-size:1px;}}@media(min-width:768px){.elementor-321 .elementor-element.elementor-element-deb6820{--content-width:810px;}.elementor-321 .elementor-element.elementor-element-7c561bc{--width:57.789%;}}<\/style>\t\t<div data-elementor-type=\"wp-page\" data-elementor-id=\"321\" class=\"elementor elementor-321\" data-elementor-post-type=\"page\">\n\t\t\t\t<div class=\"elementor-element elementor-element-deb6820 e-flex e-con-boxed e-con e-parent\" data-id=\"deb6820\" data-element_type=\"container\" data-e-type=\"container\">\n\t\t\t\t\t<div class=\"e-con-inner\">\n\t\t\t\t<div class=\"elementor-element elementor-element-730b7c19 elementor-widget elementor-widget-text-editor\" data-id=\"730b7c19\" data-element_type=\"widget\" data-e-type=\"widget\" data-widget_type=\"text-editor.default\">\n\t\t\t\t<div class=\"elementor-widget-container\">\n\t\t\t\t\t\t\t\t\t<p class=\"\" style=\"text-align: center;\" data-start=\"137\" data-end=\"344\"><strong data-start=\"137\" data-end=\"146\">Z GYO<\/strong>, insan\u0131 merkeze alan ve de\u011fer veren bir felsefeyle yolculu\u011funa ba\u015flam\u0131\u015ft\u0131r. Z GYO ailesinin bir par\u00e7as\u0131 olmay\u0131 isteyen ve bizimle \u00e7al\u0131\u015fmay\u0131 d\u00fc\u015f\u00fcnen t\u00fcm adaylar\u0131 aram\u0131zda g\u00f6rmekten mutluluk duyar\u0131z. Ba\u015fvurular\u0131n\u0131z\u0131 <a href=\"https:\/\/www.linkedin.com\/company\/zgyo\/\" target=\"_blank\" rel=\"noopener\">LinkedIn<\/a> yapabilir veya dilerseniz CV\u2019nizi do\u011frudan <a href=\"mailto:kariyer@zgyo.com.tr\">e-posta adresimize<\/a> g\u00f6nderebilirsiniz.<\/p>\n<p><!-- \/wp:paragraph --><!-- wp:paragraph --><!-- \/wp:paragraph --><!-- wp:wpforms\/form-selector {\"clientId\":\"71ccec29-6bb4-4435-9fcd-fe0c1035143d\",\"formId\":\"330\",\"copyPasteJsonValue\":\"{\\u0022displayTitle\\u0022:false,\\u0022displayDesc\\u0022:false,\\u0022theme\\u0022:\\u0022default\\u0022,\\u0022themeName\\u0022:\\u0022\\u0022,\\u0022fieldSize\\u0022:\\u0022medium\\u0022,\\u0022backgroundImage\\u0022:\\u0022none\\u0022,\\u0022backgroundPosition\\u0022:\\u0022center center\\u0022,\\u0022backgroundRepeat\\u0022:\\u0022no-repeat\\u0022,\\u0022backgroundSizeMode\\u0022:\\u0022cover\\u0022,\\u0022backgroundSize\\u0022:\\u0022cover\\u0022,\\u0022backgroundWidth\\u0022:\\u0022100px\\u0022,\\u0022backgroundHeight\\u0022:\\u0022100px\\u0022,\\u0022backgroundUrl\\u0022:\\u0022url()\\u0022,\\u0022backgroundColor\\u0022:\\u0022rgba( 0, 0, 0, 0 )\\u0022,\\u0022fieldBorderRadius\\u0022:\\u00223px\\u0022,\\u0022fieldBorderStyle\\u0022:\\u0022solid\\u0022,\\u0022fieldBorderSize\\u0022:\\u00221px\\u0022,\\u0022fieldBackgroundColor\\u0022:\\u0022#ffffff\\u0022,\\u0022fieldBorderColor\\u0022:\\u0022rgba( 0, 0, 0, 0.25 )\\u0022,\\u0022fieldTextColor\\u0022:\\u0022rgba( 0, 0, 0, 0.7 )\\u0022,\\u0022fieldMenuColor\\u0022:\\u0022#ffffff\\u0022,\\u0022labelSize\\u0022:\\u0022medium\\u0022,\\u0022labelColor\\u0022:\\u0022rgba( 0, 0, 0, 0.85 )\\u0022,\\u0022labelSublabelColor\\u0022:\\u0022rgba( 0, 0, 0, 0.55 )\\u0022,\\u0022labelErrorColor\\u0022:\\u0022#d63637\\u0022,\\u0022buttonSize\\u0022:\\u0022medium\\u0022,\\u0022buttonBorderStyle\\u0022:\\u0022none\\u0022,\\u0022buttonBorderSize\\u0022:\\u00221px\\u0022,\\u0022buttonBorderRadius\\u0022:\\u00223px\\u0022,\\u0022buttonBackgroundColor\\u0022:\\u0022#066aab\\u0022,\\u0022buttonTextColor\\u0022:\\u0022#ffffff\\u0022,\\u0022buttonBorderColor\\u0022:\\u0022#066aab\\u0022,\\u0022pageBreakColor\\u0022:\\u0022#066aab\\u0022,\\u0022containerPadding\\u0022:\\u00220px\\u0022,\\u0022containerBorderStyle\\u0022:\\u0022none\\u0022,\\u0022containerBorderWidth\\u0022:\\u00221px\\u0022,\\u0022containerBorderColor\\u0022:\\u0022#000000\\u0022,\\u0022containerBorderRadius\\u0022:\\u00223px\\u0022,\\u0022containerShadowSize\\u0022:\\u0022none\\u0022,\\u0022customCss\\u0022:\\u0022\\u0022}\"} \/--><!-- wp:paragraph --><!-- \/wp:paragraph --><\/p>\t\t\t\t\t\t\t\t<\/div>\n\t\t\t\t<\/div>\n\t\t\t\t\t<\/div>\n\t\t\t\t<\/div>\n\t\t<div class=\"elementor-element elementor-element-7c561bc e-con-full e-flex e-con e-parent\" data-id=\"7c561bc\" data-element_type=\"container\" data-e-type=\"container\">\n\t\t\t\t<div class=\"elementor-element elementor-element-a95310f elementor-button-align-stretch elementor-widget elementor-widget-form\" data-id=\"a95310f\" data-element_type=\"widget\" data-e-type=\"widget\" data-settings=\"{&quot;step_next_label&quot;:&quot;Next&quot;,&quot;step_previous_label&quot;:&quot;Previous&quot;,&quot;button_width&quot;:&quot;100&quot;,&quot;step_type&quot;:&quot;number_text&quot;,&quot;step_icon_shape&quot;:&quot;circle&quot;}\" data-widget_type=\"form.default\">\n\t\t\t\t<div class=\"elementor-widget-container\">\n\t\t\t\t\t\t\t<form class=\"elementor-form\" method=\"post\" name=\"New Form\" aria-label=\"New Form\">\n\t\t\t<input type=\"hidden\" name=\"post_id\" value=\"321\"\/>\n\t\t\t<input type=\"hidden\" name=\"form_id\" value=\"a95310f\"\/>\n\t\t\t<input type=\"hidden\" name=\"referer_title\" value=\"Kariyer - Z GYO\" \/>\n\n\t\t\t\t\t\t\t<input type=\"hidden\" name=\"queried_id\" value=\"321\"\/>\n\t\t\t\n\t\t\t<div class=\"elementor-form-fields-wrapper elementor-labels-above\">\n\t\t\t\t\t\t\t\t<div class=\"elementor-field-type-text elementor-field-group elementor-column elementor-field-group-name elementor-col-100 elementor-field-required elementor-mark-required\">\n\t\t\t\t\t\t\t\t\t\t\t\t<label for=\"form-field-name\" class=\"elementor-field-label\">\n\t\t\t\t\t\t\t\tAd\u0131 Soyad\u0131\t\t\t\t\t\t\t<\/label>\n\t\t\t\t\t\t\t\t\t\t\t\t\t\t<input size=\"1\" type=\"text\" name=\"form_fields[name]\" id=\"form-field-name\" class=\"elementor-field elementor-size-sm  elementor-field-textual\" placeholder=\"Buraya ad\u0131n\u0131z\u0131 soyad\u0131n\u0131z\u0131 giriniz.\" required=\"required\">\n\t\t\t\t\t\t\t\t\t\t\t<\/div>\n\t\t\t\t\t\t\t\t<div class=\"elementor-field-type-email elementor-field-group elementor-column elementor-field-group-email elementor-col-100 elementor-field-required elementor-mark-required\">\n\t\t\t\t\t\t\t\t\t\t\t\t<label for=\"form-field-email\" class=\"elementor-field-label\">\n\t\t\t\t\t\t\t\tE-posta\t\t\t\t\t\t\t<\/label>\n\t\t\t\t\t\t\t\t\t\t\t\t\t\t<input size=\"1\" type=\"email\" name=\"form_fields[email]\" id=\"form-field-email\" class=\"elementor-field elementor-size-sm  elementor-field-textual\" placeholder=\"Buraya e-posta adresinizi giriniz.\" required=\"required\">\n\t\t\t\t\t\t\t\t\t\t\t<\/div>\n\t\t\t\t\t\t\t\t<div class=\"elementor-field-type-tel elementor-field-group elementor-column elementor-field-group-field_1fab0a5 elementor-col-100 elementor-field-required elementor-mark-required\">\n\t\t\t\t\t\t\t\t\t\t\t\t<label for=\"form-field-field_1fab0a5\" class=\"elementor-field-label\">\n\t\t\t\t\t\t\t\tTelefon Numaras\u0131\t\t\t\t\t\t\t<\/label>\n\t\t\t\t\t\t\t\t<input size=\"1\" type=\"tel\" name=\"form_fields[field_1fab0a5]\" id=\"form-field-field_1fab0a5\" class=\"elementor-field elementor-size-sm  elementor-field-textual\" placeholder=\"Buraya telefon numaran\u0131z\u0131 giriniz.\" required=\"required\" pattern=\"[0-9()#&amp;+*-=.]+\" title=\"Only numbers and phone characters (#, -, *, etc) are accepted.\">\n\n\t\t\t\t\t\t<\/div>\n\t\t\t\t\t\t\t\t<div class=\"elementor-field-type-text elementor-field-group elementor-column elementor-field-group-field_7ca1591 elementor-col-100 elementor-field-required elementor-mark-required\">\n\t\t\t\t\t\t\t\t\t\t\t\t<label for=\"form-field-field_7ca1591\" class=\"elementor-field-label\">\n\t\t\t\t\t\t\t\tPozisyon\t\t\t\t\t\t\t<\/label>\n\t\t\t\t\t\t\t\t\t\t\t\t\t\t<input size=\"1\" type=\"text\" name=\"form_fields[field_7ca1591]\" id=\"form-field-field_7ca1591\" class=\"elementor-field elementor-size-sm  elementor-field-textual\" placeholder=\"Ba\u015fvuruda bulundu\u011funuz pozisyonu yaz\u0131n\u0131z.\" required=\"required\">\n\t\t\t\t\t\t\t\t\t\t\t<\/div>\n\t\t\t\t\t\t\t\t<div class=\"elementor-field-type-upload elementor-field-group elementor-column elementor-field-group-field_f323212 elementor-col-100\">\n\t\t\t\t\t\t\t\t\t\t\t\t<label for=\"form-field-field_f323212\" class=\"elementor-field-label\">\n\t\t\t\t\t\t\t\tCV Dosyas\u0131\t\t\t\t\t\t\t<\/label>\n\t\t\t\t\t\t\t\t<input type=\"file\" name=\"form_fields[field_f323212]\" id=\"form-field-field_f323212\" class=\"elementor-field elementor-size-sm  elementor-upload-field\">\n\n\t\t\t\t\t\t<\/div>\n\t\t\t\t\t\t\t\t<div class=\"elementor-field-type-acceptance elementor-field-group elementor-column elementor-field-group-field_8ff8c2e elementor-col-100 elementor-field-required elementor-mark-required\">\n\t\t\t\t\t\t\t<div class=\"elementor-field-subgroup\">\n\t\t\t<span class=\"elementor-field-option\">\n\t\t\t\t<input type=\"checkbox\" name=\"form_fields[field_8ff8c2e]\" id=\"form-field-field_8ff8c2e\" class=\"elementor-field elementor-size-sm  elementor-acceptance-field\" required=\"required\">\n\t\t\t\t<label for=\"form-field-field_8ff8c2e\">Ki\u015fisel verilerimin, ba\u015fvurumun de\u011ferlendirilmesi amac\u0131yla Z GYO taraf\u0131ndan i\u015flenmesine ve saklanmas\u0131na ili\u015fkin <a href=\"https:\/\/zgyo.com.tr\/kvkk-aydinlatma\/\" target=\"_blank\">Ayd\u0131nlatma Metni\u2019ni<\/a> okudu\u011fumu, anlad\u0131\u011f\u0131m\u0131 ve onaylad\u0131\u011f\u0131m\u0131 kabul ediyorum.\n<\/label>\t\t\t<\/span>\n\t\t<\/div>\n\t\t\t\t\t\t<\/div>\n\t\t\t\t\t\t\t\t<div class=\"elementor-field-type-acceptance elementor-field-group elementor-column elementor-field-group-field_b4f7dad elementor-col-100 elementor-field-required elementor-mark-required\">\n\t\t\t\t\t\t\t<div class=\"elementor-field-subgroup\">\n\t\t\t<span class=\"elementor-field-option\">\n\t\t\t\t<input type=\"checkbox\" name=\"form_fields[field_b4f7dad]\" id=\"form-field-field_b4f7dad\" class=\"elementor-field elementor-size-sm  elementor-acceptance-field\" required=\"required\">\n\t\t\t\t<label for=\"form-field-field_b4f7dad\"><a href=\"https:\/\/zgyo.com.tr\/wp-content\/uploads\/2025\/05\/Calisan-Adayi-Aydinlatme-Metni.pdf\" target=\"_blank\">\u00c7al\u0131\u015fan Aday\u0131 Ayd\u0131nlatma Metni\u2019ni<\/a> ve <a href=\"https:\/\/zgyo.com.tr\/wp-content\/uploads\/2025\/05\/Calisan-Adayi-Acik-Riza-Metni.pdf\" target=\"_blank\">\u00c7al\u0131\u015fan Aday\u0131 A\u00e7\u0131k R\u0131za Metni\u2019ni<\/a> okudu\u011fumu, anlad\u0131\u011f\u0131m\u0131 ve a\u00e7\u0131k r\u0131za verdi\u011fimi beyan ederim.\n<\/label>\t\t\t<\/span>\n\t\t<\/div>\n\t\t\t\t\t\t<\/div>\n\t\t\t\t\t\t\t\t<div class=\"elementor-field-group elementor-column elementor-field-type-submit elementor-col-100 e-form__buttons\">\n\t\t\t\t\t<button class=\"elementor-button elementor-size-md\" type=\"submit\">\n\t\t\t\t\t\t<span class=\"elementor-button-content-wrapper\">\n\t\t\t\t\t\t\t\t\t\t\t\t\t\t\t\t\t\t\t\t\t\t<span class=\"elementor-button-text\">G\u00f6nder<\/span>\n\t\t\t\t\t\t\t\t\t\t\t\t\t<\/span>\n\t\t\t\t\t<\/button>\n\t\t\t\t<\/div>\n\t\t\t<\/div>\n\t\t<\/form>\n\t\t\t\t\t\t<\/div>\n\t\t\t\t<\/div>\n\t\t\t\t<\/div>\n\t\t\t\t<\/div>\n\t\t","protected":false},"excerpt":{"rendered":"<p>Z GYO, insan\u0131 merkeze alan ve de\u011fer veren bir felsefeyle yolculu\u011funa ba\u015flam\u0131\u015ft\u0131r. Z GYO ailesinin bir par\u00e7as\u0131 olmay\u0131 isteyen ve bizimle \u00e7al\u0131\u015fmay\u0131 d\u00fc\u015f\u00fcnen t\u00fcm adaylar\u0131 aram\u0131zda g\u00f6rmekten mutluluk duyar\u0131z. Ba\u015fvurular\u0131n\u0131z\u0131 LinkedIn yapabilir veya dilerseniz CV\u2019nizi do\u011frudan e-posta adresimize g\u00f6nderebilirsiniz.<\/p>\n","protected":false},"author":1,"featured_media":322,"parent":0,"menu_order":0,"comment_status":"closed","ping_status":"closed","template":"","meta":{"inspiro_page_layout":"narrow","inspiro_hide_title":false,"footnotes":""},"class_list":["post-321","page","type-page","status-publish","has-post-thumbnail","hentry"],"_links":{"self":[{"href":"https:\/\/zgyo.com.tr\/tr\/wp-json\/wp\/v2\/pages\/321","targetHints":{"allow":["GET"]}}],"collection":[{"href":"https:\/\/zgyo.com.tr\/tr\/wp-json\/wp\/v2\/pages"}],"about":[{"href":"https:\/\/zgyo.com.tr\/tr\/wp-json\/wp\/v2\/types\/page"}],"author":[{"embeddable":true,"href":"https:\/\/zgyo.com.tr\/tr\/wp-json\/wp\/v2\/users\/1"}],"replies":[{"embeddable":true,"href":"https:\/\/zgyo.com.tr\/tr\/wp-json\/wp\/v2\/comments?post=321"}],"version-history":[{"count":0,"href":"https:\/\/zgyo.com.tr\/tr\/wp-json\/wp\/v2\/pages\/321\/revisions"}],"wp:featuredmedia":[{"embeddable":true,"href":"https:\/\/zgyo.com.tr\/tr\/wp-json\/wp\/v2\/media\/322"}],"wp:attachment":[{"href":"https:\/\/zgyo.com.tr\/tr\/wp-json\/wp\/v2\/media?parent=321"}],"curies":[{"name":"wp","href":"https:\/\/api.w.org\/{rel}","templated":true}]}}