{"id":338,"date":"2025-01-28T18:26:53","date_gmt":"2025-01-28T18:26:53","guid":{"rendered":"https:\/\/zgyo.com.tr\/?page_id=338"},"modified":"2026-01-04T15:08:54","modified_gmt":"2026-01-04T12:08:54","slug":"halka-arz-bilgileri","status":"publish","type":"page","link":"https:\/\/zgyo.com.tr\/tr\/halka-arz-bilgileri\/","title":{"rendered":"Halka Arz Bilgileri"},"content":{"rendered":"<style>.elementor-338 .elementor-element.elementor-element-f48bc78{--display:flex;}.elementor-338 .elementor-element.elementor-element-5f87738 .elementor-button .elementor-button-content-wrapper{justify-content:center;}.elementor-338 .elementor-element.elementor-element-5f87738 .elementor-button{font-weight:600;fill:#000000;color:#000000;background-color:#E2E2E2;border-style:none;}.elementor-338 .elementor-element.elementor-element-5f87738.elementor-element{--flex-grow:0;--flex-shrink:0;}.elementor-338 .elementor-element.elementor-element-caf99ff .elementor-button .elementor-button-content-wrapper{justify-content:center;}.elementor-338 .elementor-element.elementor-element-caf99ff .elementor-button{font-weight:600;fill:#000000;color:#000000;background-color:#E2E2E2;border-style:none;}.elementor-338 .elementor-element.elementor-element-caf99ff.elementor-element{--flex-grow:0;--flex-shrink:0;}.elementor-338 .elementor-element.elementor-element-86a4435 .elementor-button .elementor-button-content-wrapper{justify-content:center;}.elementor-338 .elementor-element.elementor-element-86a4435 .elementor-button{font-weight:600;fill:#000000;color:#000000;background-color:#E2E2E2;border-style:none;}.elementor-338 .elementor-element.elementor-element-86a4435.elementor-element{--flex-grow:0;--flex-shrink:0;}.elementor-338 .elementor-element.elementor-element-47bbf4d .elementor-button .elementor-button-content-wrapper{justify-content:center;}.elementor-338 .elementor-element.elementor-element-47bbf4d .elementor-button{font-weight:600;fill:#000000;color:#000000;background-color:#E2E2E2;border-style:none;}.elementor-338 .elementor-element.elementor-element-47bbf4d.elementor-element{--flex-grow:0;--flex-shrink:0;}.elementor-338 .elementor-element.elementor-element-ae1b051 .elementor-button .elementor-button-content-wrapper{justify-content:center;}.elementor-338 .elementor-element.elementor-element-ae1b051 .elementor-button{font-weight:600;fill:#000000;color:#000000;background-color:#E2E2E2;border-style:none;}.elementor-338 .elementor-element.elementor-element-ae1b051.elementor-element{--flex-grow:0;--flex-shrink:0;}.elementor-338 .elementor-element.elementor-element-f1c8acd .elementor-button .elementor-button-content-wrapper{justify-content:center;}.elementor-338 .elementor-element.elementor-element-f1c8acd .elementor-button{font-weight:600;fill:#000000;color:#000000;background-color:#E2E2E2;border-style:none;}.elementor-338 .elementor-element.elementor-element-f1c8acd.elementor-element{--flex-grow:0;--flex-shrink:0;}.elementor-338 .elementor-element.elementor-element-5d0c657 .elementor-button .elementor-button-content-wrapper{justify-content:center;}.elementor-338 .elementor-element.elementor-element-5d0c657 .elementor-button{font-weight:600;fill:#000000;color:#000000;background-color:#E2E2E2;border-style:none;}.elementor-338 .elementor-element.elementor-element-5d0c657.elementor-element{--flex-grow:0;--flex-shrink:0;}.elementor-338 .elementor-element.elementor-element-c56b809 .elementor-button .elementor-button-content-wrapper{justify-content:center;}.elementor-338 .elementor-element.elementor-element-c56b809 .elementor-button{font-weight:600;fill:#000000;color:#000000;background-color:#E2E2E2;border-style:none;}.elementor-338 .elementor-element.elementor-element-c56b809.elementor-element{--flex-grow:0;--flex-shrink:0;}.elementor-338 .elementor-element.elementor-element-26d89ca .elementor-button .elementor-button-content-wrapper{justify-content:center;}.elementor-338 .elementor-element.elementor-element-26d89ca .elementor-button{font-weight:600;fill:#000000;color:#000000;background-color:#E2E2E2;border-style:none;}.elementor-338 .elementor-element.elementor-element-26d89ca.elementor-element{--flex-grow:0;--flex-shrink:0;}.elementor-338 .elementor-element.elementor-element-e550d98 .elementor-button .elementor-button-content-wrapper{justify-content:center;}.elementor-338 .elementor-element.elementor-element-e550d98 .elementor-button{font-weight:600;fill:#000000;color:#000000;background-color:#E2E2E2;border-style:none;}.elementor-338 .elementor-element.elementor-element-e550d98.elementor-element{--flex-grow:0;--flex-shrink:0;}.elementor-338 .elementor-element.elementor-element-b924565 .elementor-button .elementor-button-content-wrapper{justify-content:center;}.elementor-338 .elementor-element.elementor-element-b924565 .elementor-button{font-weight:600;fill:#000000;color:#000000;background-color:#E2E2E2;border-style:none;}.elementor-338 .elementor-element.elementor-element-b924565.elementor-element{--flex-grow:0;--flex-shrink:0;}.elementor-338 .elementor-element.elementor-element-e8df084 .elementor-button .elementor-button-content-wrapper{justify-content:center;}.elementor-338 .elementor-element.elementor-element-e8df084 .elementor-button{font-weight:600;fill:#000000;color:#000000;background-color:#E2E2E2;border-style:none;}.elementor-338 .elementor-element.elementor-element-e8df084.elementor-element{--flex-grow:0;--flex-shrink:0;}.elementor-338 .elementor-element.elementor-element-ebd22d9 .elementor-button .elementor-button-content-wrapper{justify-content:center;}.elementor-338 .elementor-element.elementor-element-ebd22d9 .elementor-button{font-weight:600;fill:#000000;color:#000000;background-color:#E2E2E2;border-style:none;}.elementor-338 .elementor-element.elementor-element-ebd22d9.elementor-element{--flex-grow:0;--flex-shrink:0;}.elementor-338 .elementor-element.elementor-element-a81e1a7 .elementor-button .elementor-button-content-wrapper{justify-content:center;}.elementor-338 .elementor-element.elementor-element-a81e1a7 .elementor-button{font-weight:600;fill:#000000;color:#000000;background-color:#E2E2E2;border-style:none;}.elementor-338 .elementor-element.elementor-element-a81e1a7.elementor-element{--flex-grow:0;--flex-shrink:0;}.elementor-338 .elementor-element.elementor-element-36d9ed8 .elementor-button .elementor-button-content-wrapper{justify-content:center;}.elementor-338 .elementor-element.elementor-element-36d9ed8 .elementor-button{font-weight:600;fill:#000000;color:#000000;background-color:#E2E2E2;border-style:none;}.elementor-338 .elementor-element.elementor-element-36d9ed8.elementor-element{--flex-grow:0;--flex-shrink:0;}.elementor-338 .elementor-element.elementor-element-f5f36f9 .elementor-button .elementor-button-content-wrapper{justify-content:center;}.elementor-338 .elementor-element.elementor-element-f5f36f9 .elementor-button{font-weight:600;fill:#000000;color:#000000;background-color:#E2E2E2;border-style:none;}.elementor-338 .elementor-element.elementor-element-f5f36f9.elementor-element{--flex-grow:0;--flex-shrink:0;}.elementor-338 .elementor-element.elementor-element-19f150d .elementor-button .elementor-button-content-wrapper{justify-content:center;}.elementor-338 .elementor-element.elementor-element-19f150d .elementor-button{font-weight:600;fill:#000000;color:#000000;background-color:#E2E2E2;border-style:none;}.elementor-338 .elementor-element.elementor-element-19f150d.elementor-element{--flex-grow:0;--flex-shrink:0;}.elementor-338 .elementor-element.elementor-element-b0b7794 .elementor-button .elementor-button-content-wrapper{justify-content:center;}.elementor-338 .elementor-element.elementor-element-b0b7794 .elementor-button{font-weight:600;fill:#000000;color:#000000;background-color:#E2E2E2;border-style:none;}.elementor-338 .elementor-element.elementor-element-b0b7794.elementor-element{--flex-grow:0;--flex-shrink:0;}.elementor-338 .elementor-element.elementor-element-da278d0{--display:flex;--flex-direction:column;--container-widget-width:100%;--container-widget-height:initial;--container-widget-flex-grow:0;--container-widget-align-self:initial;--flex-wrap-mobile:wrap;}@media(max-width:767px){.elementor-338 .elementor-element.elementor-element-5f87738 .elementor-button .elementor-button-content-wrapper{justify-content:center;}.elementor-338 .elementor-element.elementor-element-86a4435 .elementor-button .elementor-button-content-wrapper{justify-content:start;}}<\/style>\t\t<div data-elementor-type=\"wp-page\" data-elementor-id=\"338\" class=\"elementor elementor-338\" data-elementor-post-type=\"page\">\n\t\t\t\t<div class=\"elementor-element elementor-element-f48bc78 e-flex e-con-boxed e-con e-parent\" data-id=\"f48bc78\" data-element_type=\"container\" data-e-type=\"container\">\n\t\t\t\t\t<div class=\"e-con-inner\">\n\t\t\t\t<div class=\"elementor-element elementor-element-5f87738 elementor-align-justify elementor-mobile-align-justify elementor-widget elementor-widget-button\" data-id=\"5f87738\" data-element_type=\"widget\" data-e-type=\"widget\" data-widget_type=\"button.default\">\n\t\t\t\t<div class=\"elementor-widget-container\">\n\t\t\t\t\t\t\t\t\t<div class=\"elementor-button-wrapper\">\n\t\t\t\t\t<a class=\"elementor-button elementor-button-link elementor-size-sm\" href=\"https:\/\/zgyo.com.tr\/wp-content\/uploads\/2026\/01\/Izahname.pdf\">\n\t\t\t\t\t\t<span class=\"elementor-button-content-wrapper\">\n\t\t\t\t\t\t\t\t\t<span class=\"elementor-button-text\">\u0130zahname<\/span>\n\t\t\t\t\t<\/span>\n\t\t\t\t\t<\/a>\n\t\t\t\t<\/div>\n\t\t\t\t\t\t\t\t<\/div>\n\t\t\t\t<\/div>\n\t\t\t\t<div class=\"elementor-element elementor-element-caf99ff elementor-align-justify elementor-widget elementor-widget-button\" data-id=\"caf99ff\" data-element_type=\"widget\" data-e-type=\"widget\" data-widget_type=\"button.default\">\n\t\t\t\t<div class=\"elementor-widget-container\">\n\t\t\t\t\t\t\t\t\t<div class=\"elementor-button-wrapper\">\n\t\t\t\t\t<a class=\"elementor-button elementor-button-link elementor-size-sm\" href=\"https:\/\/zgyo.com.tr\/wp-content\/uploads\/2026\/01\/EK-1-Sirket-Esas-Sozlesmesi.pdf\">\n\t\t\t\t\t\t<span class=\"elementor-button-content-wrapper\">\n\t\t\t\t\t\t\t\t\t<span class=\"elementor-button-text\">EK 1: \u015eirket Esas S\u00f6zle\u015fmesi<\/span>\n\t\t\t\t\t<\/span>\n\t\t\t\t\t<\/a>\n\t\t\t\t<\/div>\n\t\t\t\t\t\t\t\t<\/div>\n\t\t\t\t<\/div>\n\t\t\t\t<div class=\"elementor-element elementor-element-86a4435 elementor-align-justify elementor-mobile-align-justify elementor-widget elementor-widget-button\" data-id=\"86a4435\" data-element_type=\"widget\" data-e-type=\"widget\" data-widget_type=\"button.default\">\n\t\t\t\t<div class=\"elementor-widget-container\">\n\t\t\t\t\t\t\t\t\t<div class=\"elementor-button-wrapper\">\n\t\t\t\t\t<a class=\"elementor-button elementor-button-link elementor-size-sm\" href=\"https:\/\/zgyo.com.tr\/wp-content\/uploads\/2026\/01\/EK-2-Sirket-Ic-Yonergesi-TTSG.pdf\">\n\t\t\t\t\t\t<span class=\"elementor-button-content-wrapper\">\n\t\t\t\t\t\t\t\t\t<span class=\"elementor-button-text\">EK 2: \u015eirket Y\u00f6netim Kurulu \u0130\u00e7 Y\u00f6nergesi<\/span>\n\t\t\t\t\t<\/span>\n\t\t\t\t\t<\/a>\n\t\t\t\t<\/div>\n\t\t\t\t\t\t\t\t<\/div>\n\t\t\t\t<\/div>\n\t\t\t\t<div class=\"elementor-element elementor-element-47bbf4d elementor-align-justify elementor-widget elementor-widget-button\" data-id=\"47bbf4d\" data-element_type=\"widget\" data-e-type=\"widget\" data-widget_type=\"button.default\">\n\t\t\t\t<div class=\"elementor-widget-container\">\n\t\t\t\t\t\t\t\t\t<div class=\"elementor-button-wrapper\">\n\t\t\t\t\t<a class=\"elementor-button elementor-button-link elementor-size-sm\" href=\"https:\/\/zgyo.com.tr\/wp-content\/uploads\/2026\/01\/EK-3-30.09.2025-Bagimsiz-Denetim-Raporu.pdf\">\n\t\t\t\t\t\t<span class=\"elementor-button-content-wrapper\">\n\t\t\t\t\t\t\t\t\t<span class=\"elementor-button-text\">EK 3: \u015eirket\u2019in 31.12.2022, 31.12.2023, 31.12.2024 ve 30.09.2025 tarihlerinde sona eren d\u00f6nemlere ili\u015fkin Finansal Tablolar ve \u00d6zel Ba\u011f\u0131ms\u0131z Denetim Raporu<\/span>\n\t\t\t\t\t<\/span>\n\t\t\t\t\t<\/a>\n\t\t\t\t<\/div>\n\t\t\t\t\t\t\t\t<\/div>\n\t\t\t\t<\/div>\n\t\t\t\t<div class=\"elementor-element elementor-element-ae1b051 elementor-align-justify elementor-widget elementor-widget-button\" data-id=\"ae1b051\" data-element_type=\"widget\" data-e-type=\"widget\" data-widget_type=\"button.default\">\n\t\t\t\t<div class=\"elementor-widget-container\">\n\t\t\t\t\t\t\t\t\t<div class=\"elementor-button-wrapper\">\n\t\t\t\t\t<a class=\"elementor-button elementor-button-link elementor-size-sm\" href=\"https:\/\/zgyo.com.tr\/wp-content\/uploads\/2026\/01\/EK-4-Bagimsiz-Denetim-Kurulusu-Sorumluluk-Beyani.pdf\">\n\t\t\t\t\t\t<span class=\"elementor-button-content-wrapper\">\n\t\t\t\t\t\t\t\t\t<span class=\"elementor-button-text\">EK 4: Ba\u011f\u0131ms\u0131z Denetim Kurulu\u015fu Sorumluluk Beyan\u0131<\/span>\n\t\t\t\t\t<\/span>\n\t\t\t\t\t<\/a>\n\t\t\t\t<\/div>\n\t\t\t\t\t\t\t\t<\/div>\n\t\t\t\t<\/div>\n\t\t\t\t<div class=\"elementor-element elementor-element-f1c8acd elementor-align-justify elementor-widget elementor-widget-button\" data-id=\"f1c8acd\" data-element_type=\"widget\" data-e-type=\"widget\" data-widget_type=\"button.default\">\n\t\t\t\t<div class=\"elementor-widget-container\">\n\t\t\t\t\t\t\t\t\t<div class=\"elementor-button-wrapper\">\n\t\t\t\t\t<a class=\"elementor-button elementor-button-link elementor-size-sm\" href=\"https:\/\/zgyo.com.tr\/wp-content\/uploads\/2026\/01\/EK-5-Hukukcu-Raporu.pdf\">\n\t\t\t\t\t\t<span class=\"elementor-button-content-wrapper\">\n\t\t\t\t\t\t\t\t\t<span class=\"elementor-button-text\">EK 5: Hukuk\u00e7u Raporu <\/span>\n\t\t\t\t\t<\/span>\n\t\t\t\t\t<\/a>\n\t\t\t\t<\/div>\n\t\t\t\t\t\t\t\t<\/div>\n\t\t\t\t<\/div>\n\t\t\t\t<div class=\"elementor-element elementor-element-5d0c657 elementor-align-justify elementor-widget elementor-widget-button\" data-id=\"5d0c657\" data-element_type=\"widget\" data-e-type=\"widget\" data-widget_type=\"button.default\">\n\t\t\t\t<div class=\"elementor-widget-container\">\n\t\t\t\t\t\t\t\t\t<div class=\"elementor-button-wrapper\">\n\t\t\t\t\t<a class=\"elementor-button elementor-button-link elementor-size-sm\" href=\"https:\/\/zgyo.com.tr\/wp-content\/uploads\/2026\/01\/EK-5-Hukukcu-Sorumluluk-Beyani-1.pdf\">\n\t\t\t\t\t\t<span class=\"elementor-button-content-wrapper\">\n\t\t\t\t\t\t\t\t\t<span class=\"elementor-button-text\">EK 5: Ba\u011f\u0131ms\u0131z Hukuk\u00e7u Sorumluluk Beyan\u0131<\/span>\n\t\t\t\t\t<\/span>\n\t\t\t\t\t<\/a>\n\t\t\t\t<\/div>\n\t\t\t\t\t\t\t\t<\/div>\n\t\t\t\t<\/div>\n\t\t\t\t<div class=\"elementor-element elementor-element-c56b809 elementor-align-justify elementor-widget elementor-widget-button\" data-id=\"c56b809\" data-element_type=\"widget\" data-e-type=\"widget\" data-widget_type=\"button.default\">\n\t\t\t\t<div class=\"elementor-widget-container\">\n\t\t\t\t\t\t\t\t\t<div class=\"elementor-button-wrapper\">\n\t\t\t\t\t<a class=\"elementor-button elementor-button-link elementor-size-sm\" href=\"https:\/\/zgyo.com.tr\/wp-content\/uploads\/2026\/01\/EK-6-a-2025-PD-55.pdf\">\n\t\t\t\t\t\t<span class=\"elementor-button-content-wrapper\">\n\t\t\t\t\t\t\t\t\t<span class=\"elementor-button-text\">EK 6a: \u015eirket portf\u00f6y\u00fcndeki gayrimenkullere ili\u015fkin Alesta Gayrimenkul De\u011ferleme A.\u015e. taraf\u0131ndan haz\u0131rlanan Gayrimenkul De\u011ferleme Raporu<\/span>\n\t\t\t\t\t<\/span>\n\t\t\t\t\t<\/a>\n\t\t\t\t<\/div>\n\t\t\t\t\t\t\t\t<\/div>\n\t\t\t\t<\/div>\n\t\t\t\t<div class=\"elementor-element elementor-element-26d89ca elementor-align-justify elementor-widget elementor-widget-button\" data-id=\"26d89ca\" data-element_type=\"widget\" data-e-type=\"widget\" data-widget_type=\"button.default\">\n\t\t\t\t<div class=\"elementor-widget-container\">\n\t\t\t\t\t\t\t\t\t<div class=\"elementor-button-wrapper\">\n\t\t\t\t\t<a class=\"elementor-button elementor-button-link elementor-size-sm\" href=\"https:\/\/zgyo.com.tr\/wp-content\/uploads\/2026\/01\/EK-6-b-2025-PD-56.pdf\">\n\t\t\t\t\t\t<span class=\"elementor-button-content-wrapper\">\n\t\t\t\t\t\t\t\t\t<span class=\"elementor-button-text\">EK 6b: \u015eirket portf\u00f6y\u00fcndeki gayrimenkullere ili\u015fkin Alesta Gayrimenkul De\u011ferleme A.\u015e. taraf\u0131ndan haz\u0131rlanan Gayrimenkul De\u011ferleme Raporu<\/span>\n\t\t\t\t\t<\/span>\n\t\t\t\t\t<\/a>\n\t\t\t\t<\/div>\n\t\t\t\t\t\t\t\t<\/div>\n\t\t\t\t<\/div>\n\t\t\t\t<div class=\"elementor-element elementor-element-e550d98 elementor-align-justify elementor-widget elementor-widget-button\" data-id=\"e550d98\" data-element_type=\"widget\" data-e-type=\"widget\" data-widget_type=\"button.default\">\n\t\t\t\t<div class=\"elementor-widget-container\">\n\t\t\t\t\t\t\t\t\t<div class=\"elementor-button-wrapper\">\n\t\t\t\t\t<a class=\"elementor-button elementor-button-link elementor-size-sm\" href=\"https:\/\/zgyo.com.tr\/wp-content\/uploads\/2026\/01\/EK-6-c-2025-PD-57.pdf\">\n\t\t\t\t\t\t<span class=\"elementor-button-content-wrapper\">\n\t\t\t\t\t\t\t\t\t<span class=\"elementor-button-text\">EK 6c: \u015eirket portf\u00f6y\u00fcndeki gayrimenkullere ili\u015fkin Alesta Gayrimenkul De\u011ferleme A.\u015e. taraf\u0131ndan haz\u0131rlanan Gayrimenkul De\u011ferleme Raporu<\/span>\n\t\t\t\t\t<\/span>\n\t\t\t\t\t<\/a>\n\t\t\t\t<\/div>\n\t\t\t\t\t\t\t\t<\/div>\n\t\t\t\t<\/div>\n\t\t\t\t<div class=\"elementor-element elementor-element-b924565 elementor-align-justify elementor-widget elementor-widget-button\" data-id=\"b924565\" data-element_type=\"widget\" data-e-type=\"widget\" data-widget_type=\"button.default\">\n\t\t\t\t<div class=\"elementor-widget-container\">\n\t\t\t\t\t\t\t\t\t<div class=\"elementor-button-wrapper\">\n\t\t\t\t\t<a class=\"elementor-button elementor-button-link elementor-size-sm\" href=\"https:\/\/zgyo.com.tr\/wp-content\/uploads\/2026\/01\/EK-6-d-2025-PD-58.pdf\">\n\t\t\t\t\t\t<span class=\"elementor-button-content-wrapper\">\n\t\t\t\t\t\t\t\t\t<span class=\"elementor-button-text\">EK 6d: \u015eirket portf\u00f6y\u00fcndeki gayrimenkullere ili\u015fkin Alesta Gayrimenkul De\u011ferleme A.\u015e. taraf\u0131ndan haz\u0131rlanan Gayrimenkul De\u011ferleme Raporu<\/span>\n\t\t\t\t\t<\/span>\n\t\t\t\t\t<\/a>\n\t\t\t\t<\/div>\n\t\t\t\t\t\t\t\t<\/div>\n\t\t\t\t<\/div>\n\t\t\t\t<div class=\"elementor-element elementor-element-e8df084 elementor-align-justify elementor-widget elementor-widget-button\" data-id=\"e8df084\" data-element_type=\"widget\" data-e-type=\"widget\" data-widget_type=\"button.default\">\n\t\t\t\t<div class=\"elementor-widget-container\">\n\t\t\t\t\t\t\t\t\t<div class=\"elementor-button-wrapper\">\n\t\t\t\t\t<a class=\"elementor-button elementor-button-link elementor-size-sm\" href=\"https:\/\/zgyo.com.tr\/wp-content\/uploads\/2026\/01\/EK-6-e-2025-PD-59.pdf\">\n\t\t\t\t\t\t<span class=\"elementor-button-content-wrapper\">\n\t\t\t\t\t\t\t\t\t<span class=\"elementor-button-text\">EK 6e: \u015eirket portf\u00f6y\u00fcndeki gayrimenkullere ili\u015fkin Alesta Gayrimenkul De\u011ferleme A.\u015e. taraf\u0131ndan haz\u0131rlanan Gayrimenkul De\u011ferleme Raporu<\/span>\n\t\t\t\t\t<\/span>\n\t\t\t\t\t<\/a>\n\t\t\t\t<\/div>\n\t\t\t\t\t\t\t\t<\/div>\n\t\t\t\t<\/div>\n\t\t\t\t<div class=\"elementor-element elementor-element-ebd22d9 elementor-align-justify elementor-widget elementor-widget-button\" data-id=\"ebd22d9\" data-element_type=\"widget\" data-e-type=\"widget\" data-widget_type=\"button.default\">\n\t\t\t\t<div class=\"elementor-widget-container\">\n\t\t\t\t\t\t\t\t\t<div class=\"elementor-button-wrapper\">\n\t\t\t\t\t<a class=\"elementor-button elementor-button-link elementor-size-sm\" href=\"https:\/\/zgyo.com.tr\/wp-content\/uploads\/2026\/01\/EK-6-f-2025-PD-60.pdf\">\n\t\t\t\t\t\t<span class=\"elementor-button-content-wrapper\">\n\t\t\t\t\t\t\t\t\t<span class=\"elementor-button-text\">EK 6f: \u015eirket portf\u00f6y\u00fcndeki gayrimenkullere ili\u015fkin Alesta Gayrimenkul De\u011ferleme A.\u015e. taraf\u0131ndan haz\u0131rlanan Gayrimenkul De\u011ferleme Raporu<\/span>\n\t\t\t\t\t<\/span>\n\t\t\t\t\t<\/a>\n\t\t\t\t<\/div>\n\t\t\t\t\t\t\t\t<\/div>\n\t\t\t\t<\/div>\n\t\t\t\t<div class=\"elementor-element elementor-element-a81e1a7 elementor-align-justify elementor-widget elementor-widget-button\" data-id=\"a81e1a7\" data-element_type=\"widget\" data-e-type=\"widget\" data-widget_type=\"button.default\">\n\t\t\t\t<div class=\"elementor-widget-container\">\n\t\t\t\t\t\t\t\t\t<div class=\"elementor-button-wrapper\">\n\t\t\t\t\t<a class=\"elementor-button elementor-button-link elementor-size-sm\" href=\"https:\/\/zgyo.com.tr\/wp-content\/uploads\/2026\/01\/EK-6-g-2025-PD-80.pdf\">\n\t\t\t\t\t\t<span class=\"elementor-button-content-wrapper\">\n\t\t\t\t\t\t\t\t\t<span class=\"elementor-button-text\">EK 6g: \u015eirket portf\u00f6y\u00fcndeki gayrimenkullere ili\u015fkin Alesta Gayrimenkul De\u011ferleme A.\u015e. taraf\u0131ndan haz\u0131rlanan Gayrimenkul De\u011ferleme Raporu<\/span>\n\t\t\t\t\t<\/span>\n\t\t\t\t\t<\/a>\n\t\t\t\t<\/div>\n\t\t\t\t\t\t\t\t<\/div>\n\t\t\t\t<\/div>\n\t\t\t\t<div class=\"elementor-element elementor-element-36d9ed8 elementor-align-justify elementor-widget elementor-widget-button\" data-id=\"36d9ed8\" data-element_type=\"widget\" data-e-type=\"widget\" data-widget_type=\"button.default\">\n\t\t\t\t<div class=\"elementor-widget-container\">\n\t\t\t\t\t\t\t\t\t<div class=\"elementor-button-wrapper\">\n\t\t\t\t\t<a class=\"elementor-button elementor-button-link elementor-size-sm\" href=\"https:\/\/zgyo.com.tr\/wp-content\/uploads\/2026\/01\/EK-6-Gayrimenkul-Degerleme-Sorumluluk-Beyani.pdf\">\n\t\t\t\t\t\t<span class=\"elementor-button-content-wrapper\">\n\t\t\t\t\t\t\t\t\t<span class=\"elementor-button-text\">EK 6: Gayrimenkul De\u011ferleme Kurulu\u015funun Sorumluluk Beyan\u0131<\/span>\n\t\t\t\t\t<\/span>\n\t\t\t\t\t<\/a>\n\t\t\t\t<\/div>\n\t\t\t\t\t\t\t\t<\/div>\n\t\t\t\t<\/div>\n\t\t\t\t<div class=\"elementor-element elementor-element-f5f36f9 elementor-align-justify elementor-widget elementor-widget-button\" data-id=\"f5f36f9\" data-element_type=\"widget\" data-e-type=\"widget\" data-widget_type=\"button.default\">\n\t\t\t\t<div class=\"elementor-widget-container\">\n\t\t\t\t\t\t\t\t\t<div class=\"elementor-button-wrapper\">\n\t\t\t\t\t<a class=\"elementor-button elementor-button-link elementor-size-sm\" href=\"https:\/\/zgyo.com.tr\/wp-content\/uploads\/2026\/01\/EK-7-Fon-Kullanim-Yeri-Raporu.pdf\">\n\t\t\t\t\t\t<span class=\"elementor-button-content-wrapper\">\n\t\t\t\t\t\t\t\t\t<span class=\"elementor-button-text\">EK 7: Fon Kullan\u0131m Yeri Raporu<\/span>\n\t\t\t\t\t<\/span>\n\t\t\t\t\t<\/a>\n\t\t\t\t<\/div>\n\t\t\t\t\t\t\t\t<\/div>\n\t\t\t\t<\/div>\n\t\t\t\t<div class=\"elementor-element elementor-element-19f150d elementor-align-justify elementor-widget elementor-widget-button\" data-id=\"19f150d\" data-element_type=\"widget\" data-e-type=\"widget\" data-widget_type=\"button.default\">\n\t\t\t\t<div class=\"elementor-widget-container\">\n\t\t\t\t\t\t\t\t\t<div class=\"elementor-button-wrapper\">\n\t\t\t\t\t<a class=\"elementor-button elementor-button-link elementor-size-sm\" href=\"https:\/\/zgyo.com.tr\/wp-content\/uploads\/2026\/01\/EK-8-Fiyat-Tespit-Raporu.pdf\">\n\t\t\t\t\t\t<span class=\"elementor-button-content-wrapper\">\n\t\t\t\t\t\t\t\t\t<span class=\"elementor-button-text\">EK 8: Fiyat Tespit Raporu<\/span>\n\t\t\t\t\t<\/span>\n\t\t\t\t\t<\/a>\n\t\t\t\t<\/div>\n\t\t\t\t\t\t\t\t<\/div>\n\t\t\t\t<\/div>\n\t\t\t\t<div class=\"elementor-element elementor-element-b0b7794 elementor-align-justify elementor-widget elementor-widget-button\" data-id=\"b0b7794\" data-element_type=\"widget\" data-e-type=\"widget\" data-widget_type=\"button.default\">\n\t\t\t\t<div class=\"elementor-widget-container\">\n\t\t\t\t\t\t\t\t\t<div class=\"elementor-button-wrapper\">\n\t\t\t\t\t<a class=\"elementor-button elementor-button-link elementor-size-sm\" href=\"https:\/\/zgyo.com.tr\/wp-content\/uploads\/2026\/01\/Tasarruf-Sahiplerine-Satis-Duyurusu.pdf\">\n\t\t\t\t\t\t<span class=\"elementor-button-content-wrapper\">\n\t\t\t\t\t\t\t\t\t<span class=\"elementor-button-text\">Tasarruf Sahiplerine Sat\u0131\u015f Duyurusu<\/span>\n\t\t\t\t\t<\/span>\n\t\t\t\t\t<\/a>\n\t\t\t\t<\/div>\n\t\t\t\t\t\t\t\t<\/div>\n\t\t\t\t<\/div>\n\t\t\t\t\t<\/div>\n\t\t\t\t<\/div>\n\t\t<div class=\"elementor-element elementor-element-da278d0 e-flex e-con-boxed e-con e-parent\" data-id=\"da278d0\" data-element_type=\"container\" data-e-type=\"container\">\n\t\t\t\t\t<div class=\"e-con-inner\">\n\t\t\t\t\t<\/div>\n\t\t\t\t<\/div>\n\t\t\t\t<\/div>\n\t\t","protected":false},"excerpt":{"rendered":"<p>\u0130zahname EK 1: \u015eirket Esas S\u00f6zle\u015fmesi EK 2: \u015eirket Y\u00f6netim Kurulu \u0130\u00e7 Y\u00f6nergesi EK 3: \u015eirket\u2019in 31.12.2022, 31.12.2023, 31.12.2024 ve 30.09.2025 tarihlerinde sona eren d\u00f6nemlere ili\u015fkin Finansal Tablolar ve \u00d6zel Ba\u011f\u0131ms\u0131z Denetim Raporu EK 4: Ba\u011f\u0131ms\u0131z Denetim Kurulu\u015fu Sorumluluk Beyan\u0131 EK 5: Hukuk\u00e7u Raporu EK 5: Ba\u011f\u0131ms\u0131z Hukuk\u00e7u Sorumluluk Beyan\u0131 EK 6a: \u015eirket portf\u00f6y\u00fcndeki gayrimenkullere ili\u015fkin Alesta Gayrimenkul De\u011ferleme A.\u015e. taraf\u0131ndan haz\u0131rlanan Gayrimenkul De\u011ferleme Raporu EK 6b: \u015eirket portf\u00f6y\u00fcndeki gayrimenkullere ili\u015fkin Alesta Gayrimenkul De\u011ferleme A.\u015e. [&hellip;]<\/p>\n","protected":false},"author":1,"featured_media":384,"parent":0,"menu_order":0,"comment_status":"closed","ping_status":"closed","template":"","meta":{"inspiro_page_layout":"narrow","inspiro_hide_title":false,"footnotes":""},"class_list":["post-338","page","type-page","status-publish","has-post-thumbnail","hentry"],"_links":{"self":[{"href":"https:\/\/zgyo.com.tr\/tr\/wp-json\/wp\/v2\/pages\/338","targetHints":{"allow":["GET"]}}],"collection":[{"href":"https:\/\/zgyo.com.tr\/tr\/wp-json\/wp\/v2\/pages"}],"about":[{"href":"https:\/\/zgyo.com.tr\/tr\/wp-json\/wp\/v2\/types\/page"}],"author":[{"embeddable":true,"href":"https:\/\/zgyo.com.tr\/tr\/wp-json\/wp\/v2\/users\/1"}],"replies":[{"embeddable":true,"href":"https:\/\/zgyo.com.tr\/tr\/wp-json\/wp\/v2\/comments?post=338"}],"version-history":[{"count":37,"href":"https:\/\/zgyo.com.tr\/tr\/wp-json\/wp\/v2\/pages\/338\/revisions"}],"predecessor-version":[{"id":8744,"href":"https:\/\/zgyo.com.tr\/tr\/wp-json\/wp\/v2\/pages\/338\/revisions\/8744"}],"wp:featuredmedia":[{"embeddable":true,"href":"https:\/\/zgyo.com.tr\/tr\/wp-json\/wp\/v2\/media\/384"}],"wp:attachment":[{"href":"https:\/\/zgyo.com.tr\/tr\/wp-json\/wp\/v2\/media?parent=338"}],"curies":[{"name":"wp","href":"https:\/\/api.w.org\/{rel}","templated":true}]}}