{"id":346,"date":"2025-01-28T18:49:36","date_gmt":"2025-01-28T18:49:36","guid":{"rendered":"https:\/\/zgyo.com.tr\/?page_id=346"},"modified":"2025-06-11T09:13:35","modified_gmt":"2025-06-11T06:13:35","slug":"iletisimmm","status":"publish","type":"page","link":"https:\/\/zgyo.com.tr\/tr\/iletisimmm\/","title":{"rendered":"\u0130leti\u015fim"},"content":{"rendered":"<style>.elementor-346 .elementor-element.elementor-element-ac8e87e{--display:flex;--min-height:195px;--flex-direction:row;--container-widget-width:initial;--container-widget-height:100%;--container-widget-flex-grow:1;--container-widget-align-self:stretch;--flex-wrap-mobile:wrap;--margin-top:0px;--margin-bottom:0px;--margin-left:0px;--margin-right:0px;}.elementor-346 .elementor-element.elementor-element-ac8e87e.e-con{--flex-grow:0;--flex-shrink:0;}.elementor-346 .elementor-element.elementor-element-f17d3d2{text-align:center;width:var( --container-widget-width, 100% );max-width:100%;--container-widget-width:100%;--container-widget-flex-grow:0;}.elementor-346 .elementor-element.elementor-element-f17d3d2 .elementor-heading-title{font-size:60px;color:#0D3049;}.elementor-346 .elementor-element.elementor-element-f17d3d2 > .elementor-widget-container{margin:202px 0px 0px 0px;padding:0px 0px 0px 0px;}.elementor-346 .elementor-element.elementor-element-f17d3d2.elementor-element{--align-self:center;--flex-grow:0;--flex-shrink:0;}.elementor-346 .elementor-element.elementor-element-c98d270{--display:flex;--min-height:315px;--flex-direction:row;--container-widget-width:calc( ( 1 - var( --container-widget-flex-grow ) ) * 100% );--container-widget-height:100%;--container-widget-flex-grow:1;--container-widget-align-self:stretch;--flex-wrap-mobile:wrap;--justify-content:center;--align-items:center;--gap:0px 0px;--row-gap:0px;--column-gap:0px;--padding-top:19px;--padding-bottom:0px;--padding-left:0px;--padding-right:0px;}.elementor-346 .elementor-element.elementor-element-c98d270.e-con{--align-self:center;--flex-grow:1;--flex-shrink:0;}.elementor-346 .elementor-element.elementor-element-04bd14c{--display:flex;--flex-direction:column;--container-widget-width:100%;--container-widget-height:initial;--container-widget-flex-grow:0;--container-widget-align-self:initial;--flex-wrap-mobile:wrap;}.elementor-346 .elementor-element.elementor-element-04bd14c.e-con{--flex-grow:0;--flex-shrink:0;}.elementor-346 .elementor-element.elementor-element-77ba205 .elementor-icon-box-wrapper{gap:15px;}.elementor-346 .elementor-element.elementor-element-77ba205.elementor-view-stacked .elementor-icon{background-color:#C37E59;}.elementor-346 .elementor-element.elementor-element-77ba205.elementor-view-framed .elementor-icon, .elementor-346 .elementor-element.elementor-element-77ba205.elementor-view-default .elementor-icon{fill:#C37E59;color:#C37E59;border-color:#C37E59;}.elementor-346 .elementor-element.elementor-element-77ba205 .elementor-icon-box-title, .elementor-346 .elementor-element.elementor-element-77ba205 .elementor-icon-box-title a{font-size:20px;}.elementor-346 .elementor-element.elementor-element-77ba205 .elementor-icon-box-description{font-size:20px;}.elementor-346 .elementor-element.elementor-element-9637b6b{--display:flex;--flex-direction:column;--container-widget-width:100%;--container-widget-height:initial;--container-widget-flex-grow:0;--container-widget-align-self:initial;--flex-wrap-mobile:wrap;}.elementor-346 .elementor-element.elementor-element-9637b6b.e-con{--flex-grow:0;--flex-shrink:0;}.elementor-346 .elementor-element.elementor-element-3a6238e .elementor-icon-box-wrapper{gap:15px;}.elementor-346 .elementor-element.elementor-element-3a6238e.elementor-view-stacked .elementor-icon{background-color:#C37E59;}.elementor-346 .elementor-element.elementor-element-3a6238e.elementor-view-framed .elementor-icon, .elementor-346 .elementor-element.elementor-element-3a6238e.elementor-view-default .elementor-icon{fill:#C37E59;color:#C37E59;border-color:#C37E59;}.elementor-346 .elementor-element.elementor-element-3a6238e .elementor-icon-box-title, .elementor-346 .elementor-element.elementor-element-3a6238e .elementor-icon-box-title a{font-size:20px;}.elementor-346 .elementor-element.elementor-element-3a6238e .elementor-icon-box-description{font-size:20px;}.elementor-346 .elementor-element.elementor-element-f61de0c{--display:flex;--flex-direction:column;--container-widget-width:100%;--container-widget-height:initial;--container-widget-flex-grow:0;--container-widget-align-self:initial;--flex-wrap-mobile:wrap;}.elementor-346 .elementor-element.elementor-element-f61de0c.e-con{--flex-grow:0;--flex-shrink:0;}.elementor-346 .elementor-element.elementor-element-b374760 .elementor-icon-box-wrapper{gap:15px;}.elementor-346 .elementor-element.elementor-element-b374760.elementor-view-stacked .elementor-icon{background-color:#C37E59;}.elementor-346 .elementor-element.elementor-element-b374760.elementor-view-framed .elementor-icon, .elementor-346 .elementor-element.elementor-element-b374760.elementor-view-default .elementor-icon{fill:#C37E59;color:#C37E59;border-color:#C37E59;}.elementor-346 .elementor-element.elementor-element-b374760 .elementor-icon-box-title, .elementor-346 .elementor-element.elementor-element-b374760 .elementor-icon-box-title a{font-size:20px;}.elementor-346 .elementor-element.elementor-element-b374760 .elementor-icon-box-description{font-size:20px;text-shadow:0px 0px 10px rgba(0,0,0,0.3);}.elementor-346 .elementor-element.elementor-element-daeb423{--display:flex;}.elementor-346 .elementor-element.elementor-element-942fa25{--spacer-size:7px;}.elementor-346 .elementor-element.elementor-element-3f163aa{--display:flex;}.elementor-346 .elementor-element.elementor-element-c607ca7 .fluentform-widget-wrapper{width:806px;border-style:none;}.elementor-346 .elementor-element.elementor-element-c607ca7 .fluentform-widget-wrapper .ff-el-group .ff-btn-submit{background-color:#0D3049 !important;color:#ffffff !important;border-radius:-31px -31px -31px -31px;margin-top:6px;}.elementor-346 .elementor-element.elementor-element-c607ca7 > .elementor-widget-container{padding:-1px -1px -1px -1px;}.elementor-346 .elementor-element.elementor-element-a838992{--display:flex;--min-height:0px;--gap:0px 0px;--row-gap:0px;--column-gap:0px;--border-radius:0px 0px 0px 0px;--margin-top:0px;--margin-bottom:0px;--margin-left:0px;--margin-right:0px;--padding-top:69px;--padding-bottom:0px;--padding-left:0px;--padding-right:0px;}.elementor-346 .elementor-element.elementor-element-15c748f iframe{height:500px;}@media(max-width:767px){.elementor-346 .elementor-element.elementor-element-c98d270{--min-height:567px;}.elementor-346 .elementor-element.elementor-element-c607ca7 .fluentform-widget-wrapper{width:100%;}}@media(min-width:768px){.elementor-346 .elementor-element.elementor-element-ac8e87e{--width:100vw;}.elementor-346 .elementor-element.elementor-element-c98d270{--content-width:85%;}.elementor-346 .elementor-element.elementor-element-04bd14c{--width:29.37%;}.elementor-346 .elementor-element.elementor-element-9637b6b{--width:30%;}.elementor-346 .elementor-element.elementor-element-f61de0c{--width:30%;}.elementor-346 .elementor-element.elementor-element-a838992{--width:100%;}}\/* Start custom CSS for heading, class: .elementor-element-f17d3d2 *\/.elementor-346 .elementor-element.elementor-element-f17d3d2 {\r\n    width: 100vw;\r\n    margin-left: calc(-50vw + 50%);\r\n}\/* End custom CSS *\/<\/style>\t\t<div data-elementor-type=\"wp-page\" data-elementor-id=\"346\" class=\"elementor elementor-346\" data-elementor-post-type=\"page\">\n\t\t\t\t<div class=\"elementor-element elementor-element-ac8e87e e-con-full e-flex e-con e-parent\" data-id=\"ac8e87e\" data-element_type=\"container\" data-e-type=\"container\">\n\t\t\t\t<div class=\"elementor-element elementor-element-f17d3d2 elementor-widget__width-initial elementor-widget elementor-widget-heading\" data-id=\"f17d3d2\" data-element_type=\"widget\" data-e-type=\"widget\" data-widget_type=\"heading.default\">\n\t\t\t\t<div class=\"elementor-widget-container\">\n\t\t\t\t\t<h2 class=\"elementor-heading-title elementor-size-default\">\u0130leti\u015fim<\/h2>\t\t\t\t<\/div>\n\t\t\t\t<\/div>\n\t\t\t\t<\/div>\n\t\t<div class=\"elementor-element elementor-element-c98d270 e-flex e-con-boxed e-con e-parent\" data-id=\"c98d270\" data-element_type=\"container\" data-e-type=\"container\">\n\t\t\t\t\t<div class=\"e-con-inner\">\n\t\t<div class=\"elementor-element elementor-element-04bd14c e-con-full e-flex e-con e-child\" data-id=\"04bd14c\" data-element_type=\"container\" data-e-type=\"container\">\n\t\t\t\t<div class=\"elementor-element elementor-element-77ba205 elementor-view-default elementor-position-block-start elementor-mobile-position-block-start elementor-widget elementor-widget-icon-box\" data-id=\"77ba205\" data-element_type=\"widget\" data-e-type=\"widget\" data-widget_type=\"icon-box.default\">\n\t\t\t\t<div class=\"elementor-widget-container\">\n\t\t\t\t\t\t\t<div class=\"elementor-icon-box-wrapper\">\n\n\t\t\t\t\t\t<div class=\"elementor-icon-box-icon\">\n\t\t\t\t<span  class=\"elementor-icon\">\n\t\t\t\t<i aria-hidden=\"true\" class=\"jki jki-map-marker1-light\"><\/i>\t\t\t\t<\/span>\n\t\t\t<\/div>\n\t\t\t\n\t\t\t\t\t\t<div class=\"elementor-icon-box-content\">\n\n\t\t\t\t\n\t\t\t\t\t\t\t\t\t<p class=\"elementor-icon-box-description\">\n\t\t\t\t\t\tK\u0131z\u0131l\u0131rmak, 1443. Cd. No:25 B D:210, <br>06510 \u00c7ankaya\/Ankara\t\t\t\t\t<\/p>\n\t\t\t\t\n\t\t\t<\/div>\n\t\t\t\n\t\t<\/div>\n\t\t\t\t\t\t<\/div>\n\t\t\t\t<\/div>\n\t\t\t\t<\/div>\n\t\t<div class=\"elementor-element elementor-element-9637b6b e-con-full e-flex e-con e-child\" data-id=\"9637b6b\" data-element_type=\"container\" data-e-type=\"container\">\n\t\t\t\t<div class=\"elementor-element elementor-element-3a6238e elementor-view-default elementor-position-block-start elementor-mobile-position-block-start elementor-widget elementor-widget-icon-box\" data-id=\"3a6238e\" data-element_type=\"widget\" data-e-type=\"widget\" data-widget_type=\"icon-box.default\">\n\t\t\t\t<div class=\"elementor-widget-container\">\n\t\t\t\t\t\t\t<div class=\"elementor-icon-box-wrapper\">\n\n\t\t\t\t\t\t<div class=\"elementor-icon-box-icon\">\n\t\t\t\t<span  class=\"elementor-icon\">\n\t\t\t\t<i aria-hidden=\"true\" class=\"jki jki-mail-line\"><\/i>\t\t\t\t<\/span>\n\t\t\t<\/div>\n\t\t\t\n\t\t\t\t\t\t<div class=\"elementor-icon-box-content\">\n\n\t\t\t\t\n\t\t\t\t\t\t\t\t\t<p class=\"elementor-icon-box-description\">\n\t\t\t\t\t\tinfo@zgyo.com.tr\t\t\t\t\t<\/p>\n\t\t\t\t\n\t\t\t<\/div>\n\t\t\t\n\t\t<\/div>\n\t\t\t\t\t\t<\/div>\n\t\t\t\t<\/div>\n\t\t\t\t<\/div>\n\t\t<div class=\"elementor-element elementor-element-f61de0c e-con-full e-flex e-con e-child\" data-id=\"f61de0c\" data-element_type=\"container\" data-e-type=\"container\">\n\t\t\t\t<div class=\"elementor-element elementor-element-b374760 elementor-view-default elementor-position-block-start elementor-mobile-position-block-start elementor-widget elementor-widget-icon-box\" data-id=\"b374760\" data-element_type=\"widget\" data-e-type=\"widget\" data-widget_type=\"icon-box.default\">\n\t\t\t\t<div class=\"elementor-widget-container\">\n\t\t\t\t\t\t\t<div class=\"elementor-icon-box-wrapper\">\n\n\t\t\t\t\t\t<div class=\"elementor-icon-box-icon\">\n\t\t\t\t<span  class=\"elementor-icon\">\n\t\t\t\t<i aria-hidden=\"true\" class=\"jki jki-phone-handset-light\"><\/i>\t\t\t\t<\/span>\n\t\t\t<\/div>\n\t\t\t\n\t\t\t\t\t\t<div class=\"elementor-icon-box-content\">\n\n\t\t\t\t\n\t\t\t\t\t\t\t\t\t<p class=\"elementor-icon-box-description\">\n\t\t\t\t\t\t(0312) 286 58 82\t\t\t\t\t<\/p>\n\t\t\t\t\n\t\t\t<\/div>\n\t\t\t\n\t\t<\/div>\n\t\t\t\t\t\t<\/div>\n\t\t\t\t<\/div>\n\t\t\t\t<\/div>\n\t\t\t\t\t<\/div>\n\t\t\t\t<\/div>\n\t\t<div class=\"elementor-element elementor-element-daeb423 e-flex e-con-boxed e-con e-parent\" data-id=\"daeb423\" data-element_type=\"container\" data-e-type=\"container\">\n\t\t\t\t\t<div class=\"e-con-inner\">\n\t\t\t\t<div class=\"elementor-element elementor-element-942fa25 elementor-widget elementor-widget-spacer\" data-id=\"942fa25\" data-element_type=\"widget\" data-e-type=\"widget\" data-widget_type=\"spacer.default\">\n\t\t\t\t<div class=\"elementor-widget-container\">\n\t\t\t\t\t\t\t<div class=\"elementor-spacer\">\n\t\t\t<div class=\"elementor-spacer-inner\"><\/div>\n\t\t<\/div>\n\t\t\t\t\t\t<\/div>\n\t\t\t\t<\/div>\n\t\t\t\t\t<\/div>\n\t\t\t\t<\/div>\n\t\t<div class=\"elementor-element elementor-element-3f163aa elementor-hidden-desktop elementor-hidden-tablet elementor-hidden-mobile e-flex e-con-boxed e-con e-parent\" data-id=\"3f163aa\" data-element_type=\"container\" data-e-type=\"container\">\n\t\t\t\t\t<div class=\"e-con-inner\">\n\t\t\t\t<div class=\"elementor-element elementor-element-c607ca7 fluentform-widget-submit-button-custom elementor-widget elementor-widget-fluent-form-widget\" data-id=\"c607ca7\" data-element_type=\"widget\" data-e-type=\"widget\" data-widget_type=\"fluent-form-widget.default\">\n\t\t\t\t<div class=\"elementor-widget-container\">\n\t\t\t\t\t\n            <div class=\"fluentform-widget-wrapper fluentform-widget-align-center\">\n\n            \n            <div class='fluentform ff-default fluentform_wrapper_3 ffs_default_wrap'><form data-form_id=\"3\" id=\"fluentform_3\" class=\"frm-fluent-form fluent_form_3 ff-el-form-top ff_form_instance_3_1 ff-form-loading ffs_default\" data-form_instance=\"ff_form_instance_3_1\" method=\"POST\" ><fieldset  style=\"border: none!important;margin: 0!important;padding: 0!important;background-color: transparent!important;box-shadow: none!important;outline: none!important; min-inline-size: 100%;\">\n                    <legend class=\"ff_screen_reader_title\" style=\"display: block; margin: 0!important;padding: 0!important;height: 0!important;text-indent: -999999px;width: 0!important;overflow:hidden;\">iletisimform<\/legend><input type='hidden' name='__fluent_form_embded_post_id' value='346' \/><input type=\"hidden\" id=\"_fluentform_3_fluentformnonce\" name=\"_fluentform_3_fluentformnonce\" value=\"3292960fd2\" \/><input type=\"hidden\" name=\"_wp_http_referer\" value=\"\/tr\/wp-json\/wp\/v2\/pages\/346\" \/><div data-type=\"name-element\" data-name=\"names\" class=\" ff-field_container ff-name-field-wrapper\" ><div class='ff-t-container'><div class='ff-t-cell '><div class='ff-el-group'><div class=\"ff-el-input--label ff-el-is-required asterisk-right\"><label for='ff_3_names_first_name_' id='label_ff_3_names_first_name_' >Ad\u0131n\u0131z<\/label><\/div><div class='ff-el-input--content'><input type=\"text\" name=\"names[first_name]\" id=\"ff_3_names_first_name_\" class=\"ff-el-form-control\" aria-invalid=\"false\" aria-required=true><\/div><\/div><\/div><div class='ff-t-cell '><div class='ff-el-group'><div class=\"ff-el-input--label ff-el-is-required asterisk-right\"><label for='ff_3_names_last_name_' id='label_ff_3_names_last_name_' >Soyad\u0131n\u0131z<\/label><\/div><div class='ff-el-input--content'><input type=\"text\" name=\"names[last_name]\" id=\"ff_3_names_last_name_\" class=\"ff-el-form-control\" aria-invalid=\"false\" aria-required=true><\/div><\/div><\/div><\/div><\/div><div class='ff-el-group'><div class=\"ff-el-input--label ff-el-is-required asterisk-right\"><label for='ff_3_input_text' id='label_ff_3_input_text' aria-label=\"Telefon Numaran\u0131z\">Telefon Numaran\u0131z<\/label><\/div><div class='ff-el-input--content'><input type=\"text\" name=\"input_text\" class=\"ff-el-form-control\" data-name=\"input_text\" id=\"ff_3_input_text\"  aria-invalid=\"false\" aria-required=true><\/div><\/div><div class='ff-el-group'><div class=\"ff-el-input--label ff-el-is-required asterisk-right\"><label for='ff_3_email' id='label_ff_3_email' aria-label=\"E-posta\">E-posta<\/label><\/div><div class='ff-el-input--content'><input type=\"email\" name=\"email\" id=\"ff_3_email\" class=\"ff-el-form-control\" data-name=\"email\"  aria-invalid=\"false\" aria-required=true><\/div><\/div><div class='ff-el-group'><div class=\"ff-el-input--label ff-el-is-required asterisk-right\"><label for='ff_3_dropdown' id='label_ff_3_dropdown' aria-label=\"Bilgi Almak \u0130stedi\u011finiz Projeyi Se\u00e7iniz\">Bilgi Almak \u0130stedi\u011finiz Projeyi Se\u00e7iniz<\/label><\/div><div class='ff-el-input--content'><select name=\"dropdown\" id=\"ff_3_dropdown\" class=\"ff-el-form-control\" data-name=\"dropdown\" data-calc_value=\"0\"  aria-invalid=\"false\" aria-required=\"true\" aria-labelledby=\"label_ff_3_dropdown\"><option value=\"\">- Select -<\/option><option value=\"Z Lagun Villa\"  >Z Lagun Villa<\/option><option value=\"Lagun Country Club\"  >Lagun Country Club<\/option><option value=\"Z Forest\"  >Z Forest<\/option><option value=\"Z Center\"  >Z Center<\/option><option value=\"\u00c7ukurambar E\u011fitim Kamp\u00fcs\u00fc\"  >\u00c7ukurambar E\u011fitim Kamp\u00fcs\u00fc<\/option><\/select><\/div><\/div><div class='ff-el-group'><div class=\"ff-el-input--label asterisk-right\"><label for='ff_3_message' id='label_ff_3_message' aria-label=\"Mesaj\u0131n\u0131z\">Mesaj\u0131n\u0131z<\/label><\/div><div class='ff-el-input--content'><textarea aria-required=\"false\" aria-labelledby=\"label_ff_3_message\" name=\"message\" id=\"ff_3_message\" class=\"ff-el-form-control\" placeholder=\"Your Message\" rows=\"4\" cols=\"2\" data-name=\"message\" ><\/textarea><\/div><\/div><div class='ff-el-group ff-text-center ff_submit_btn_wrapper'><button type=\"submit\" class=\"ff-btn ff-btn-submit ff-btn-lg ff_btn_style wpf_has_custom_css\"  aria-label=\"G\u00f6nder\">G\u00f6nder<\/button><\/div><\/fieldset><\/form><div id='fluentform_3_errors' class='ff-errors-in-stack ff_form_instance_3_1 ff-form-loading_errors ff_form_instance_3_1_errors'><\/div><\/div>            <script type=\"text\/javascript\">\n                window.fluent_form_ff_form_instance_3_1 = {\"id\":\"3\",\"ajaxUrl\":\"https:\\\/\\\/zgyo.com.tr\\\/wp-admin\\\/admin-ajax.php\",\"settings\":{\"layout\":{\"labelPlacement\":\"top\",\"asteriskPlacement\":\"asterisk-right\",\"helpMessagePlacement\":\"with_label\",\"errorMessagePlacement\":\"inline\",\"cssClassName\":\"\"},\"restrictions\":{\"denyEmptySubmission\":{\"enabled\":false}}},\"form_instance\":\"ff_form_instance_3_1\",\"form_id_selector\":\"fluentform_3\",\"rules\":{\"names[first_name]\":{\"required\":{\"value\":true,\"message\":\"This field is required\",\"global\":true,\"global_message\":\"This field is required\"}},\"names[middle_name]\":{\"required\":{\"value\":false,\"message\":\"This field is required\",\"global\":true,\"global_message\":\"This field is required\"}},\"names[last_name]\":{\"required\":{\"value\":true,\"message\":\"This field is required\",\"global\":true,\"global_message\":\"This field is required\"}},\"input_text\":{\"required\":{\"value\":true,\"message\":\"This field is required\",\"global_message\":\"This field is required\",\"global\":true}},\"email\":{\"required\":{\"value\":true,\"message\":\"This field is required\",\"global\":true,\"global_message\":\"This field is required\"},\"email\":{\"value\":true,\"message\":\"This field must contain a valid email\",\"global\":true,\"global_message\":\"This field must contain a valid email\"}},\"dropdown\":{\"required\":{\"value\":true,\"message\":\"This field is required\",\"global_message\":\"This field is required\",\"global\":true}},\"message\":{\"required\":{\"value\":false,\"message\":\"This field is required\",\"global\":true,\"global_message\":\"This field is required\"}}},\"debounce_time\":300};\n                                function initFFInstance_3() {\n                    if (!window.fluentFormApp) {\n                        console.log('No fluentFormApp found');\n                        return;\n                    }\n                    var ajax_formInstance = window.fluentFormApp(jQuery('form.ff_form_instance_3_1'));\n                    if (ajax_formInstance) {\n                        ajax_formInstance.initFormHandlers();\n                    }\n                }\n                \n                initFFInstance_3();\n                            <\/script>\n                        <\/div>\n\n            \t\t\t\t<\/div>\n\t\t\t\t<\/div>\n\t\t\t\t\t<\/div>\n\t\t\t\t<\/div>\n\t\t<div class=\"elementor-element elementor-element-a838992 e-con-full e-flex e-con e-parent\" data-id=\"a838992\" data-element_type=\"container\" data-e-type=\"container\">\n\t\t\t\t<div class=\"elementor-element elementor-element-15c748f elementor-widget elementor-widget-google_maps\" data-id=\"15c748f\" data-element_type=\"widget\" data-e-type=\"widget\" data-widget_type=\"google_maps.default\">\n\t\t\t\t<div class=\"elementor-widget-container\">\n\t\t\t\t\t\t\t<div class=\"elementor-custom-embed\">\n\t\t\t<iframe loading=\"lazy\"\n\t\t\t\t\tsrc=\"https:\/\/maps.google.com\/maps?q=Z%20GYO&#038;t=m&#038;z=14&#038;output=embed&#038;iwloc=near\"\n\t\t\t\t\ttitle=\"Z GYO\"\n\t\t\t\t\taria-label=\"Z GYO\"\n\t\t\t><\/iframe>\n\t\t<\/div>\n\t\t\t\t\t\t<\/div>\n\t\t\t\t<\/div>\n\t\t\t\t<\/div>\n\t\t\t\t<\/div>\n\t\t","protected":false},"excerpt":{"rendered":"<p>\u0130leti\u015fim K\u0131z\u0131l\u0131rmak, 1443. Cd. No:25 B D:210, 06510 \u00c7ankaya\/Ankara info@zgyo.com.tr (0312) 286 58 82 iletisimform Ad\u0131n\u0131zSoyad\u0131n\u0131zTelefon Numaran\u0131zE-postaBilgi Almak \u0130stedi\u011finiz Projeyi Se\u00e7iniz&#8211; Select &#8211;Z Lagun VillaLagun Country ClubZ ForestZ Center\u00c7ukurambar E\u011fitim Kamp\u00fcs\u00fcMesaj\u0131n\u0131zG\u00f6nder<\/p>\n","protected":false},"author":1,"featured_media":8409,"parent":0,"menu_order":0,"comment_status":"closed","ping_status":"closed","template":"elementor_canvas","meta":{"inspiro_page_layout":"narrow","inspiro_hide_title":false,"footnotes":""},"class_list":["post-346","page","type-page","status-publish","has-post-thumbnail","hentry"],"_links":{"self":[{"href":"https:\/\/zgyo.com.tr\/tr\/wp-json\/wp\/v2\/pages\/346","targetHints":{"allow":["GET"]}}],"collection":[{"href":"https:\/\/zgyo.com.tr\/tr\/wp-json\/wp\/v2\/pages"}],"about":[{"href":"https:\/\/zgyo.com.tr\/tr\/wp-json\/wp\/v2\/types\/page"}],"author":[{"embeddable":true,"href":"https:\/\/zgyo.com.tr\/tr\/wp-json\/wp\/v2\/users\/1"}],"replies":[{"embeddable":true,"href":"https:\/\/zgyo.com.tr\/tr\/wp-json\/wp\/v2\/comments?post=346"}],"version-history":[{"count":15,"href":"https:\/\/zgyo.com.tr\/tr\/wp-json\/wp\/v2\/pages\/346\/revisions"}],"predecessor-version":[{"id":8413,"href":"https:\/\/zgyo.com.tr\/tr\/wp-json\/wp\/v2\/pages\/346\/revisions\/8413"}],"wp:featuredmedia":[{"embeddable":true,"href":"https:\/\/zgyo.com.tr\/tr\/wp-json\/wp\/v2\/media\/8409"}],"wp:attachment":[{"href":"https:\/\/zgyo.com.tr\/tr\/wp-json\/wp\/v2\/media?parent=346"}],"curies":[{"name":"wp","href":"https:\/\/api.w.org\/{rel}","templated":true}]}}