{"id":6904,"date":"2025-02-26T13:23:46","date_gmt":"2025-02-26T13:23:46","guid":{"rendered":"https:\/\/zgyo.com.tr\/?page_id=6904"},"modified":"2025-03-03T08:09:12","modified_gmt":"2025-03-03T08:09:12","slug":"gizlilik-politikasi","status":"publish","type":"page","link":"https:\/\/zgyo.com.tr\/tr\/gizlilik-politikasi\/","title":{"rendered":"Gizlilik Politikas\u0131"},"content":{"rendered":"<style>.elementor-6904 .elementor-element.elementor-element-7188b121{--display:flex;}<\/style>\t\t<div data-elementor-type=\"wp-page\" data-elementor-id=\"6904\" class=\"elementor elementor-6904\" data-elementor-post-type=\"page\">\n\t\t\t\t<div class=\"elementor-element elementor-element-7188b121 e-flex e-con-boxed e-con e-parent\" data-id=\"7188b121\" data-element_type=\"container\" data-e-type=\"container\">\n\t\t\t\t\t<div class=\"e-con-inner\">\n\t\t\t\t<div class=\"elementor-element elementor-element-6117d79a elementor-widget elementor-widget-text-editor\" data-id=\"6117d79a\" data-element_type=\"widget\" data-e-type=\"widget\" data-widget_type=\"text-editor.default\">\n\t\t\t\t<div class=\"elementor-widget-container\">\n\t\t\t\t\t\t\t\t\t<h2 class=\"wp-block-heading\"><span style=\"color: var( --e-global-color-text ); font-family: var( --e-global-typography-text-font-family ), Sans-serif; font-weight: var( --e-global-typography-text-font-weight ); text-align: var(--text-align); font-size: 12px;\">Sitemizin adresi: https:\/\/zgyo.com.tr.<\/span><\/h2>\n<p><!-- \/wp:paragraph --><!-- wp:heading --><\/p>\n<h5 class=\"wp-block-heading\">Yorumlar<\/h5>\n<p><!-- \/wp:heading --><!-- wp:paragraph --><\/p>\n<p>Ziyaret\u00e7iler sitede yorum yapt\u0131\u011f\u0131nda, yorum formunda g\u00f6r\u00fcnt\u00fclenen verilerin yan\u0131nda istenmeyen yorumlar\u0131n alg\u0131lanmas\u0131na yard\u0131mc\u0131 olacak ziyaret\u00e7i IP adresi ve taray\u0131c\u0131 bilgilerini de toplar\u0131z.<\/p>\n<h5>\u00c7erezler<\/h5>\n<p><!-- \/wp:paragraph --><!-- wp:paragraph --><!-- \/wp:paragraph --><!-- wp:heading --><!-- \/wp:paragraph --><!-- wp:heading --><\/p>\n<p><!-- \/wp:heading --><!-- wp:paragraph --><\/p>\n<p>Sitemizde bir yorum yaparsan\u0131z, ad\u0131n\u0131z\u0131n, e-posta adresinizin ve site adresinizin \u00e7erezlere kaydedilmesini se\u00e7ebilirsiniz. Bunlar size kolayl\u0131k sa\u011flamak i\u00e7indir. B\u00f6ylece ba\u015fka bir yorum yapt\u0131\u011f\u0131n\u0131zda bilgilerinizi yeniden yazman\u0131z gerekmez. Bu \u00e7erezler bir y\u0131l saklan\u0131r.<\/p>\n<p><!-- \/wp:paragraph --><!-- wp:paragraph --><\/p>\n<p>Oturum a\u00e7ma sayfam\u0131z\u0131 ziyaret ederseniz, taray\u0131c\u0131n\u0131z\u0131n \u00e7erezleri kabul edip etmedi\u011fini belirlemek i\u00e7in ge\u00e7ici bir \u00e7erez ayarlayaca\u011f\u0131z. Bu \u00e7erezde herhangi bir ki\u015fisel veri bulunmaz ve taray\u0131c\u0131n\u0131z\u0131 kapatt\u0131\u011f\u0131n\u0131zda yok edilir.<\/p>\n<p><!-- \/wp:paragraph --><!-- wp:paragraph --><\/p>\n<p>Oturum a\u00e7t\u0131\u011f\u0131n\u0131zda, oturum a\u00e7ma bilgilerinizi ve ekran g\u00f6r\u00fcnt\u00fcleme se\u00e7iminizi kaydetmek i\u00e7in birka\u00e7 \u00e7erez kaydedece\u011fiz. Oturum a\u00e7ma \u00e7erezleri iki g\u00fcn ve ekran se\u00e7enekleri \u00e7erezleri bir y\u0131l boyunca tutulur. &#8220;Beni hat\u0131rla&#8221; se\u00e7ene\u011fini se\u00e7erseniz, oturumunuz iki hafta boyunca etkin kal\u0131r. Hesab\u0131n\u0131z\u0131n oturumunu kapat\u0131rsan\u0131z, oturum a\u00e7ma \u00e7erezleri kald\u0131r\u0131l\u0131r.<\/p>\n<p><!-- \/wp:paragraph --><!-- wp:paragraph --><\/p>\n<p>Bir yaz\u0131y\u0131 d\u00fczenler ya da yay\u0131nlarsan\u0131z taray\u0131c\u0131n\u0131za ek bir \u00e7erez kaydedilir. Bu \u00e7erezde herhangi bir ki\u015fisel veri bulunmaz ve yaln\u0131zca d\u00fczenledi\u011finiz yaz\u0131n\u0131n kimli\u011fi bulunur. 1 g\u00fcn sonra zaman a\u015f\u0131m\u0131na u\u011frar.<\/p>\n<p><!-- \/wp:paragraph --><!-- wp:heading --><\/p>\n<h5 class=\"wp-block-heading\">Di\u011fer sitelerden g\u00f6m\u00fclen i\u00e7erik<\/h5>\n<p><!-- \/wp:heading --><!-- wp:paragraph --><\/p>\n<p>Bu sitedeki yaz\u0131larda g\u00f6m\u00fcl\u00fc i\u00e7erik (videolar, g\u00f6rseller, yaz\u0131lar gibi) bulunabilir. Di\u011fer sitelerden g\u00f6m\u00fclen i\u00e7erikler, ziyaret\u00e7i di\u011fer siteyi ziyaret etti\u011findeki ile ayn\u0131 \u015fekilde davran\u0131r.<\/p>\n<p><!-- \/wp:paragraph --><!-- wp:paragraph --><\/p>\n<p>Bu siteler sizin hakk\u0131n\u0131zda veriler toplayabilir, \u00e7erezler kullanabilir, \u00fc\u00e7\u00fcnc\u00fc taraflarca g\u00f6m\u00fclm\u00fc\u015f izlemeler yapabilir ve g\u00f6m\u00fcl\u00fc i\u00e7eriklerle etkile\u015fiminizi izleyebilir. Bir hesab\u0131n\u0131z varsa ve bu sitede oturum a\u00e7t\u0131ysan\u0131z, g\u00f6m\u00fclen i\u00e7erikle etkile\u015fiminiz izlenebilir.<\/p>\n<p><!-- \/wp:paragraph --><!-- wp:heading --><!-- \/wp:paragraph --><!-- wp:heading --><\/p>\n<h5 class=\"wp-block-heading\">Verilerinizi ne s\u00fcreyle tutuyoruz<\/h5>\n<p><!-- \/wp:heading --><!-- wp:paragraph --><\/p>\n<p>Bir yorum yaparsan\u0131z, yorum ve \u00fcst verileri s\u00fcresiz olarak saklan\u0131r. B\u00f6ylece, sonraki yorumlar\u0131n\u0131z\u0131 onay s\u0131ras\u0131na almak yerine otomatik olarak tan\u0131yabilir ve onaylayabiliriz.<\/p>\n<p><!-- \/wp:paragraph --><!-- wp:paragraph --><\/p>\n<p>Sitemizde hesap a\u00e7an kullan\u0131c\u0131lar i\u00e7in (varsa) kullan\u0131c\u0131 profilinde verdikleri ki\u015fisel bilgileri de saklar\u0131z. T\u00fcm kullan\u0131c\u0131lar ki\u015fisel bilgilerini istedikleri zaman g\u00f6rebilir, d\u00fczenleyebilir ya da silebilir (kullan\u0131c\u0131 ad\u0131n\u0131 de\u011fi\u015ftirmek d\u0131\u015f\u0131nda). Site y\u00f6neticileri de bu bilgileri g\u00f6rebilir ve d\u00fczenleyebilir.<\/p>\n<p><!-- \/wp:paragraph --><!-- wp:heading --><\/p>\n<h5 class=\"wp-block-heading\">Verileriniz \u00fczerindeki haklar\u0131n\u0131z neler<\/h5>\n<p><!-- \/wp:heading --><!-- wp:paragraph --><\/p>\n<p>Bu sitede bir hesab\u0131n\u0131z veya yorumlar\u0131n\u0131z varsa, bize verdi\u011finiz veriler ile birlikte, hakk\u0131n\u0131zda tuttu\u011fumuz ki\u015fisel verileri dosya olarak d\u0131\u015fa aktarmak isteyebilirsiniz. Ayr\u0131ca, sizinle ilgili tuttu\u011fumuz t\u00fcm ki\u015fisel verilerin silinmesini de isteyebilirsiniz. Silinecek veriler, idari, yasal veya g\u00fcvenlik ama\u00e7lar\u0131yla tutmak zorunda oldu\u011fumuz verileri kapsamaz.<\/p>\n<p><!-- \/wp:paragraph --><!-- wp:heading --><\/p>\n<p>Bu Gizlilik Politikas\u0131, Z Gayrimenkul Yat\u0131r\u0131m Ortakl\u0131\u011f\u0131 A.\u015e., K\u0131z\u0131l\u0131rmak, 1443. Cd. No:25 BD:210, 06510 \u00c7ankaya\/Ankara, Ankara 06510, T\u00fcrkiye, e-posta: info@zgyo.com.tr, telefon: 312 286 58 82&#8217;nin, web sitemizi ( https:\/\/zgyo.com.tr\/ ) kulland\u0131\u011f\u0131n\u0131zda toplad\u0131\u011f\u0131m\u0131z bilgilerinizin toplanmas\u0131, kullan\u0131lmas\u0131 ve if\u015fa edilmesine ili\u015fkin politikalar\u0131n\u0131 a\u00e7\u0131klamaktad\u0131r. (&#8220;Hizmet&#8221;). Hizmete eri\u015ferek veya Hizmeti kullanarak, bilgilerinizin bu Gizlilik Politikas\u0131 uyar\u0131nca toplanmas\u0131na, kullan\u0131lmas\u0131na ve if\u015fa edilmesine onay vermi\u015f olursunuz. Buna onay vermiyorsan\u0131z, l\u00fctfen Hizmete eri\u015fmeyin veya Hizmeti kullanmay\u0131n.<\/p>\n<p>\u00a0<\/p>\n<p>\u015eikayet \/ Veri Koruma G\u00f6revlisi:<br \/>Bizimle payla\u015fm\u0131\u015f oldu\u011funuz bilgilerinizin i\u015flenmesine ili\u015fkin herhangi bir sorunuz veya endi\u015feniz varsa, Z Gayrimenkul Yat\u0131r\u0131m Ortakl\u0131\u011f\u0131 A.\u015e., K\u0131z\u0131l\u0131rmak, 1443. Cd. No:25 BD:210, 06510 \u00c7ankaya\/Ankara adresindeki \u015eikayet G\u00f6revlimize info@zgyo.com.tr adresinden e-posta g\u00f6nderebilirsiniz. Endi\u015felerinizi y\u00fcr\u00fcrl\u00fckteki yasalara uygun \u015fekilde ele alaca\u011f\u0131z.<\/p>\n<p><!-- \/wp:paragraph --><\/p>\t\t\t\t\t\t\t\t<\/div>\n\t\t\t\t<\/div>\n\t\t\t\t\t<\/div>\n\t\t\t\t<\/div>\n\t\t\t\t<\/div>\n\t\t","protected":false},"excerpt":{"rendered":"<p>Sitemizin adresi: https:\/\/zgyo.com.tr. Yorumlar Ziyaret\u00e7iler sitede yorum yapt\u0131\u011f\u0131nda, yorum formunda g\u00f6r\u00fcnt\u00fclenen verilerin yan\u0131nda istenmeyen yorumlar\u0131n alg\u0131lanmas\u0131na yard\u0131mc\u0131 olacak ziyaret\u00e7i IP adresi ve taray\u0131c\u0131 bilgilerini de toplar\u0131z. \u00c7erezler Sitemizde bir yorum yaparsan\u0131z, ad\u0131n\u0131z\u0131n, e-posta adresinizin ve site adresinizin \u00e7erezlere kaydedilmesini se\u00e7ebilirsiniz. Bunlar size kolayl\u0131k sa\u011flamak i\u00e7indir. B\u00f6ylece ba\u015fka bir yorum yapt\u0131\u011f\u0131n\u0131zda bilgilerinizi yeniden yazman\u0131z gerekmez. Bu \u00e7erezler bir y\u0131l saklan\u0131r. Oturum a\u00e7ma sayfam\u0131z\u0131 ziyaret ederseniz, taray\u0131c\u0131n\u0131z\u0131n \u00e7erezleri kabul edip etmedi\u011fini belirlemek i\u00e7in ge\u00e7ici bir \u00e7erez ayarlayaca\u011f\u0131z. [&hellip;]<\/p>\n","protected":false},"author":1,"featured_media":0,"parent":0,"menu_order":0,"comment_status":"closed","ping_status":"closed","template":"","meta":{"inspiro_page_layout":"narrow","inspiro_hide_title":false,"footnotes":""},"class_list":["post-6904","page","type-page","status-publish","hentry"],"_links":{"self":[{"href":"https:\/\/zgyo.com.tr\/tr\/wp-json\/wp\/v2\/pages\/6904","targetHints":{"allow":["GET"]}}],"collection":[{"href":"https:\/\/zgyo.com.tr\/tr\/wp-json\/wp\/v2\/pages"}],"about":[{"href":"https:\/\/zgyo.com.tr\/tr\/wp-json\/wp\/v2\/types\/page"}],"author":[{"embeddable":true,"href":"https:\/\/zgyo.com.tr\/tr\/wp-json\/wp\/v2\/users\/1"}],"replies":[{"embeddable":true,"href":"https:\/\/zgyo.com.tr\/tr\/wp-json\/wp\/v2\/comments?post=6904"}],"version-history":[{"count":0,"href":"https:\/\/zgyo.com.tr\/tr\/wp-json\/wp\/v2\/pages\/6904\/revisions"}],"wp:attachment":[{"href":"https:\/\/zgyo.com.tr\/tr\/wp-json\/wp\/v2\/media?parent=6904"}],"curies":[{"name":"wp","href":"https:\/\/api.w.org\/{rel}","templated":true}]}}