{"id":7096,"date":"2025-03-04T12:31:11","date_gmt":"2025-03-04T12:31:11","guid":{"rendered":"https:\/\/zgyo.com.tr\/?page_id=7096"},"modified":"2025-03-04T12:32:27","modified_gmt":"2025-03-04T12:32:27","slug":"surdurulebilir-kalkinma-amaclari","status":"publish","type":"page","link":"https:\/\/zgyo.com.tr\/tr\/surdurulebilir-kalkinma-amaclari\/","title":{"rendered":"S\u00fcrd\u00fcr\u00fclebilir Kalk\u0131nma Ama\u00e7lar\u0131"},"content":{"rendered":"<style>.elementor-7096 .elementor-element.elementor-element-df9f4bf{--display:flex;}.elementor-7096 .elementor-element.elementor-element-3b7bb0d{--display:flex;}:root{--page-title-display:none;}<\/style>\t\t<div data-elementor-type=\"wp-page\" data-elementor-id=\"7096\" class=\"elementor elementor-7096\" data-elementor-post-type=\"page\">\n\t\t\t\t<div class=\"elementor-element elementor-element-df9f4bf e-flex e-con-boxed e-con e-parent\" data-id=\"df9f4bf\" data-element_type=\"container\" data-e-type=\"container\">\n\t\t\t\t\t<div class=\"e-con-inner\">\n\t\t\t\t<div class=\"elementor-element elementor-element-72a2a0a elementor-widget elementor-widget-text-editor\" data-id=\"72a2a0a\" data-element_type=\"widget\" data-e-type=\"widget\" data-widget_type=\"text-editor.default\">\n\t\t\t\t<div class=\"elementor-widget-container\">\n\t\t\t\t\t\t\t\t\t<p>Z GYO olarak, s\u00fcrd\u00fcr\u00fclebilir kalk\u0131nma hedeflerini \u00f6nceliklendiriyor, benimsiyor ve bu do\u011frultuda somut hedefler belirliyoruz. \u00c7evresel ve sosyal ilkeleri i\u015f stratejimizin merkezine alarak, gelece\u011fe de\u011fer katacak projeler geli\u015ftiriyoruz. Do\u011faya sayg\u0131l\u0131, yenilik\u00e7i ve sorumlu yat\u0131r\u0131mlarla s\u00fcrd\u00fcr\u00fclebilir bir ya\u015fam alan\u0131 in\u015fa etmeyi hedefliyoruz.<\/p>\t\t\t\t\t\t\t\t<\/div>\n\t\t\t\t<\/div>\n\t\t\t\t\t<\/div>\n\t\t\t\t<\/div>\n\t\t<div class=\"elementor-element elementor-element-3b7bb0d e-flex e-con-boxed e-con e-parent\" data-id=\"3b7bb0d\" data-element_type=\"container\" data-e-type=\"container\">\n\t\t\t\t\t<div class=\"e-con-inner\">\n\t\t\t\t<div class=\"elementor-element elementor-element-f31e4aa elementor-widget elementor-widget-image\" data-id=\"f31e4aa\" data-element_type=\"widget\" data-e-type=\"widget\" data-widget_type=\"image.default\">\n\t\t\t\t<div class=\"elementor-widget-container\">\n\t\t\t\t\t\t\t\t\t\t\t\t\t\t\t<img fetchpriority=\"high\" decoding=\"async\" width=\"930\" height=\"602\" src=\"https:\/\/zgyo.com.tr\/wp-content\/uploads\/2025\/03\/kuresel_amaclar_simge_izgarasi_renkli-1024x663.png\" class=\"attachment-large size-large wp-image-7091\" alt=\"\" srcset=\"https:\/\/zgyo.com.tr\/wp-content\/uploads\/2025\/03\/kuresel_amaclar_simge_izgarasi_renkli-1024x663.png 1024w, https:\/\/zgyo.com.tr\/wp-content\/uploads\/2025\/03\/kuresel_amaclar_simge_izgarasi_renkli-300x194.png 300w, https:\/\/zgyo.com.tr\/wp-content\/uploads\/2025\/03\/kuresel_amaclar_simge_izgarasi_renkli-768x497.png 768w, https:\/\/zgyo.com.tr\/wp-content\/uploads\/2025\/03\/kuresel_amaclar_simge_izgarasi_renkli-1536x994.png 1536w, https:\/\/zgyo.com.tr\/wp-content\/uploads\/2025\/03\/kuresel_amaclar_simge_izgarasi_renkli-2048x1325.png 2048w, https:\/\/zgyo.com.tr\/wp-content\/uploads\/2025\/03\/kuresel_amaclar_simge_izgarasi_renkli-2000x1294.png 2000w, https:\/\/zgyo.com.tr\/wp-content\/uploads\/2025\/03\/kuresel_amaclar_simge_izgarasi_renkli-1000x647.png 1000w, https:\/\/zgyo.com.tr\/wp-content\/uploads\/2025\/03\/kuresel_amaclar_simge_izgarasi_renkli-1800x1165.png 1800w, https:\/\/zgyo.com.tr\/wp-content\/uploads\/2025\/03\/kuresel_amaclar_simge_izgarasi_renkli-865x560.png 865w, https:\/\/zgyo.com.tr\/wp-content\/uploads\/2025\/03\/kuresel_amaclar_simge_izgarasi_renkli-600x388.png 600w\" sizes=\"(max-width: 930px) 100vw, 930px\" \/>\t\t\t\t\t\t\t\t\t\t\t\t\t\t\t<\/div>\n\t\t\t\t<\/div>\n\t\t\t\t\t<\/div>\n\t\t\t\t<\/div>\n\t\t\t\t<\/div>\n\t\t","protected":false},"excerpt":{"rendered":"<p>Z GYO olarak, s\u00fcrd\u00fcr\u00fclebilir kalk\u0131nma hedeflerini \u00f6nceliklendiriyor, benimsiyor ve bu do\u011frultuda somut hedefler belirliyoruz. \u00c7evresel ve sosyal ilkeleri i\u015f stratejimizin merkezine alarak, gelece\u011fe de\u011fer katacak projeler geli\u015ftiriyoruz. Do\u011faya sayg\u0131l\u0131, yenilik\u00e7i ve sorumlu yat\u0131r\u0131mlarla s\u00fcrd\u00fcr\u00fclebilir bir ya\u015fam alan\u0131 in\u015fa etmeyi hedefliyoruz.<\/p>\n","protected":false},"author":1,"featured_media":0,"parent":0,"menu_order":0,"comment_status":"closed","ping_status":"closed","template":"","meta":{"inspiro_page_layout":"narrow","inspiro_hide_title":false,"footnotes":""},"class_list":["post-7096","page","type-page","status-publish","hentry"],"_links":{"self":[{"href":"https:\/\/zgyo.com.tr\/tr\/wp-json\/wp\/v2\/pages\/7096","targetHints":{"allow":["GET"]}}],"collection":[{"href":"https:\/\/zgyo.com.tr\/tr\/wp-json\/wp\/v2\/pages"}],"about":[{"href":"https:\/\/zgyo.com.tr\/tr\/wp-json\/wp\/v2\/types\/page"}],"author":[{"embeddable":true,"href":"https:\/\/zgyo.com.tr\/tr\/wp-json\/wp\/v2\/users\/1"}],"replies":[{"embeddable":true,"href":"https:\/\/zgyo.com.tr\/tr\/wp-json\/wp\/v2\/comments?post=7096"}],"version-history":[{"count":0,"href":"https:\/\/zgyo.com.tr\/tr\/wp-json\/wp\/v2\/pages\/7096\/revisions"}],"wp:attachment":[{"href":"https:\/\/zgyo.com.tr\/tr\/wp-json\/wp\/v2\/media?parent=7096"}],"curies":[{"name":"wp","href":"https:\/\/api.w.org\/{rel}","templated":true}]}}