{"id":8453,"date":"2025-06-11T09:26:28","date_gmt":"2025-06-11T06:26:28","guid":{"rendered":"https:\/\/zgyo.com.tr\/?page_id=8453"},"modified":"2025-06-11T09:28:04","modified_gmt":"2025-06-11T06:28:04","slug":"kurumsal","status":"publish","type":"page","link":"https:\/\/zgyo.com.tr\/tr\/kurumsal\/","title":{"rendered":"Kurumsal"},"content":{"rendered":"<style>.elementor-8453 .elementor-element.elementor-element-45e3e5f9{--display:flex;--min-height:0px;--padding-top:151px;--padding-bottom:110px;--padding-left:0px;--padding-right:0px;}.elementor-8453 .elementor-element.elementor-element-45e3e5f9.e-con{--flex-grow:0;--flex-shrink:0;}.elementor-8453 .elementor-element.elementor-element-3e5c5c07{text-align:center;}.elementor-8453 .elementor-element.elementor-element-3e5c5c07 .elementor-heading-title{font-size:43px;color:#C37E59;}.elementor-8453 .elementor-element.elementor-element-3e5c5c07 > .elementor-widget-container{padding:0px 0px 36px 0px;}.elementor-8453 .elementor-element.elementor-element-4c704811{font-size:16px;width:var( --container-widget-width, 59.844% );max-width:59.844%;--container-widget-width:59.844%;--container-widget-flex-grow:0;}.elementor-8453 .elementor-element.elementor-element-4c704811.elementor-element{--align-self:center;--flex-grow:0;--flex-shrink:0;}.elementor-8453 .elementor-element.elementor-element-50595d7a{--display:flex;--min-height:0px;--padding-top:0px;--padding-bottom:90px;--padding-left:0px;--padding-right:0px;}.elementor-8453 .elementor-element.elementor-element-44e3ba{--display:flex;--padding-top:0px;--padding-bottom:75px;--padding-left:0px;--padding-right:0px;}.elementor-8453 .elementor-element.elementor-element-4615d6f .jeg-elementor-kit.jkit-portfolio-gallery .row-item{-ms-flex:0 0 calc(100% \/ 5);flex:0 0 calc(100% \/ 5);max-width:calc(100% \/ 5);height:54vh;}.elementor-8453 .elementor-element.elementor-element-4615d6f .jeg-elementor-kit.jkit-portfolio-gallery{box-shadow:0px 0px 41px 0px rgba(0,0,0,0.5);}.elementor-8453 .elementor-element.elementor-element-4615d6f .jeg-elementor-kit.jkit-portfolio-gallery .row-item-info{text-align:center;}.elementor-8453 .elementor-element.elementor-element-4615d6f .jeg-elementor-kit.jkit-portfolio-gallery .row-item-info:after{background-color:transparent;background-image:linear-gradient(180deg, #B42A2A00 0%, #7C394A00 100%);}.elementor-8453 .elementor-element.elementor-element-4615d6f .jeg-elementor-kit.jkit-portfolio-gallery .row-item-info .info-title{font-size:27px;text-decoration:none;color:#FFFCFC;}.elementor-8453 .elementor-element.elementor-element-4615d6f .jeg-elementor-kit.jkit-portfolio-gallery .row-item:hover .row-item-info .info-title{color:#000000;text-shadow:0px 0px 35px rgba(0,0,0,0.3);}.elementor-8453 .elementor-element.elementor-element-4615d6f .jeg-elementor-kit.jkit-portfolio-gallery .row-item-more{text-align:right;}.elementor-8453 .elementor-element.elementor-element-4615d6f .jeg-elementor-kit.jkit-portfolio-gallery .row-item-more.position-after i, .elementor-8453 .elementor-element.elementor-element-4615d6f .jeg-elementor-kit.jkit-portfolio-gallery .row-item-more.position-after svg{margin-left:40px;}.elementor-8453 .elementor-element.elementor-element-4615d6f .jeg-elementor-kit.jkit-portfolio-gallery .row-item-more.position-before i, .elementor-8453 .elementor-element.elementor-element-4615d6f .jeg-elementor-kit.jkit-portfolio-gallery .row-item-more.position-before svg{margin-right:40px;}.elementor-8453 .elementor-element.elementor-element-4615d6f .jeg-elementor-kit.jkit-portfolio-gallery .row-item-more i{font-size:191px;}.elementor-8453 .elementor-element.elementor-element-4615d6f .jeg-elementor-kit.jkit-portfolio-gallery .row-item-more svg{width:191px;}.elementor-8453 .elementor-element.elementor-element-4615d6f .jeg-elementor-kit.jkit-portfolio-gallery .row-item-more a{color:#02010100;}.elementor-8453 .elementor-element.elementor-element-4615d6f .jeg-elementor-kit.jkit-portfolio-gallery .row-item-more a svg{fill:#02010100;}.elementor-8453 .elementor-element.elementor-element-4615d6f .jeg-elementor-kit.jkit-portfolio-gallery .row-item-more:hover a{color:#0D304900;}.elementor-8453 .elementor-element.elementor-element-4615d6f .jeg-elementor-kit.jkit-portfolio-gallery .row-item-more:hover a svg{fill:#0D304900;}.elementor-8453 .elementor-element.elementor-element-5d36cc12{--display:flex;}.elementor-8453 .elementor-element.elementor-element-35947b56 .wpz-directors-nav:hover li:not(:hover),.elementor-8453 .elementor-element.elementor-element-35947b56 .wpz-directors-nav:hover li a:not(:hover){opacity:0.5;}.elementor-8453 .elementor-element.elementor-element-35947b56 .wpz-director-object-container{opacity:1;}@media(max-width:767px){.elementor-8453 .elementor-element.elementor-element-4615d6f .jeg-elementor-kit.jkit-portfolio-gallery .row-item{-ms-flex:0 0 calc(100% \/ 1);flex:0 0 calc(100% \/ 1);max-width:calc(100% \/ 1);height:52vh;}.elementor-8453 .elementor-element.elementor-element-35947b56 .wpz-directors-nav ul li, .elementor-8453 .elementor-element.elementor-element-35947b56 .wpz-directors-nav ul li a{font-size:17px;}}@media(min-width:768px){.elementor-8453 .elementor-element.elementor-element-45e3e5f9{--width:106.211%;}}@media (min-width: 1025px) {.elementor-element.elementor-element-4615d6f .jeg-elementor-kit.jkit-portfolio-gallery .row-item:nth-child(5n) { border-right-width:0; } }@media (max-width: 767px) {.elementor-element.elementor-element-4615d6f .jeg-elementor-kit.jkit-portfolio-gallery .row-item:nth-child(1n) { border-right-width:0; } }<\/style>\t\t<div data-elementor-type=\"wp-page\" data-elementor-id=\"8453\" class=\"elementor elementor-8453\" data-elementor-post-type=\"page\">\n\t\t\t\t<div class=\"elementor-element elementor-element-45e3e5f9 e-con-full e-flex e-con e-parent\" data-id=\"45e3e5f9\" data-element_type=\"container\" data-e-type=\"container\">\n\t\t\t\t<div class=\"elementor-element elementor-element-3e5c5c07 elementor-invisible elementor-widget elementor-widget-heading\" data-id=\"3e5c5c07\" data-element_type=\"widget\" data-e-type=\"widget\" data-settings=\"{&quot;_animation&quot;:&quot;fadeInDown&quot;}\" data-widget_type=\"heading.default\">\n\t\t\t\t<div class=\"elementor-widget-container\">\n\t\t\t\t\t<h2 class=\"elementor-heading-title elementor-size-default\">Vizyonla Y\u00fckselen De\u011fer<\/h2>\t\t\t\t<\/div>\n\t\t\t\t<\/div>\n\t\t\t\t<div class=\"elementor-element elementor-element-4c704811 elementor-widget__width-initial elementor-invisible elementor-widget elementor-widget-text-editor\" data-id=\"4c704811\" data-element_type=\"widget\" data-e-type=\"widget\" data-settings=\"{&quot;_animation&quot;:&quot;fadeInUp&quot;}\" data-widget_type=\"text-editor.default\">\n\t\t\t\t<div class=\"elementor-widget-container\">\n\t\t\t\t\t\t\t\t\t<p style=\"text-align: center;\">Z GYO, gelece\u011fin \u015fehirlerini bug\u00fcnden in\u015fa eden bir vizyonla hareket eder. Her projesinde s\u00fcrd\u00fcr\u00fclebilir ya\u015fam\u0131, mimari esteti\u011fi ve yat\u0131r\u0131m de\u011ferini bir araya getirerek, bulundu\u011fu b\u00f6lgelere de\u011fer katar. Sadece yap\u0131lar de\u011fil, ya\u015fam bi\u00e7imleri tasarlayarak yat\u0131r\u0131mc\u0131s\u0131na uzun vadeli g\u00fcven sunar.\n\n<\/p>\t\t\t\t\t\t\t\t<\/div>\n\t\t\t\t<\/div>\n\t\t\t\t<\/div>\n\t\t<div class=\"elementor-element elementor-element-50595d7a e-flex e-con-boxed e-con e-parent\" data-id=\"50595d7a\" data-element_type=\"container\" data-e-type=\"container\">\n\t\t\t\t\t<div class=\"e-con-inner\">\n\t\t\t\t<div class=\"elementor-element elementor-element-4427b05b elementor-widget elementor-widget-html\" data-id=\"4427b05b\" data-element_type=\"widget\" data-e-type=\"widget\" data-widget_type=\"html.default\">\n\t\t\t\t<div class=\"elementor-widget-container\">\n\t\t\t\t\t<!DOCTYPE html>\r\n<html lang=\"tr\">\r\n<head>\r\n  <meta charset=\"UTF-8\">\r\n  <title>Z GYO Kurumsal<\/title>\r\n  <meta name=\"viewport\" content=\"width=device-width, initial-scale=1.0\">\r\n\r\n  <!-- Google Fonts - Poppins -->\r\n  <link href=\"https:\/\/fonts.googleapis.com\/css2?family=Poppins:wght@400;600&display=swap\" rel=\"stylesheet\">\r\n\r\n  <style>\r\n    body {\r\n      font-family: 'Poppins', sans-serif;\r\n      margin: 0;\r\n      padding: 0;\r\n      background-color: #f9f9f9;\r\n    }\r\n\r\n    .section {\r\n      max-width: 1200px;\r\n      margin: 0 auto;\r\n      padding: 60px 20px;\r\n      position: relative;\r\n    }\r\n\r\n    \/* Animasyon efektleri *\/\r\n    .fade-in-left {\r\n      animation: fadeInLeft 1.2s ease-out forwards;\r\n      opacity: 0;\r\n      transform: translateX(-50px);\r\n    }\r\n\r\n    .fade-in-right {\r\n      animation: fadeInRight 1.2s ease-out forwards;\r\n      opacity: 0;\r\n      transform: translateX(50px);\r\n    }\r\n\r\n    @keyframes fadeInLeft {\r\n      to {\r\n        opacity: 1;\r\n        transform: translateX(0);\r\n      }\r\n    }\r\n\r\n    @keyframes fadeInRight {\r\n      to {\r\n        opacity: 1;\r\n        transform: translateX(0);\r\n      }\r\n    }\r\n\r\n    .image-container {\r\n      position: relative;\r\n      width: 500px;\r\n      margin-left: auto;\r\n    }\r\n\r\n    .image-container img {\r\n      width: 100%;\r\n      height: auto;\r\n      display: block;\r\n      border-radius: 6px;\r\n    }\r\n\r\n    .text-box {\r\n      background-color: rgba(210, 140, 100, 0.85); \/* Daha a\u00e7\u0131k ve biraz daha \u015feffaf turuncu *\/\r\n      color: white;\r\n      padding: 60px 50px;\r\n      width: 700px;\r\n      position: absolute;\r\n      top: 30px;\r\n      left: 0;\r\n      box-shadow: 0 10px 25px rgba(0, 0, 0, 0.15);\r\n      z-index: 2;\r\n    }\r\n\r\n    .text-box h2 {\r\n      font-size: 26px;\r\n      margin-bottom: 20px;\r\n      font-weight: 600;\r\n    }\r\n\r\n    .text-box p {\r\n      font-size: 16px;\r\n      line-height: 1.7;\r\n      margin: 0;\r\n      font-weight: 400;\r\n    }\r\n\r\n    @media (max-width: 768px) {\r\n      .image-container,\r\n      .text-box {\r\n        width: 100%;\r\n        position: static;\r\n        margin: 0 auto;\r\n      }\r\n\r\n      .text-box {\r\n        margin-top: 30px;\r\n        padding: 40px 25px;\r\n      }\r\n\r\n      .text-box h2 {\r\n        font-size: 22px;\r\n      }\r\n\r\n      .text-box p {\r\n        font-size: 15px;\r\n      }\r\n    }\r\n  <\/style>\r\n<\/head>\r\n<body>\r\n\r\n  <div class=\"section\">\r\n    <div class=\"image-container fade-in-right\">\r\n      <img decoding=\"async\" src=\"https:\/\/zgyo.com.tr\/wp-content\/uploads\/2025\/01\/Hikayemiz-2.jpg\" alt=\"Z GYO Teknoloji\">\r\n    <\/div>\r\n\r\n    <div class=\"text-box fade-in-left\">\r\n      <h2>Misyonumuz & Vizyonumuz<\/h2>\r\n      <p>Z GYO\u2019nun vizyonu; s\u00fcrd\u00fcr\u00fclebilir, estetik ve prestijli ya\u015fam alanlar\u0131yla gayrimenkul sekt\u00f6r\u00fcnde iz b\u0131rakmakt\u0131r. Misyonumuz; yat\u0131r\u0131m de\u011ferini, g\u00fcveni ve kaliteyi merkeze alarak, topluma de\u011fer katan projeler geli\u015ftirmektir.<\/p>\r\n    <\/div>\r\n  <\/div>\r\n\r\n<\/body>\r\n<\/html>\r\n\t\t\t\t<\/div>\n\t\t\t\t<\/div>\n\t\t\t\t\t<\/div>\n\t\t\t\t<\/div>\n\t\t<div class=\"elementor-element elementor-element-44e3ba elementor-hidden-mobile e-flex e-con-boxed e-con e-parent\" data-id=\"44e3ba\" data-element_type=\"container\" data-e-type=\"container\">\n\t\t\t\t\t<div class=\"e-con-inner\">\n\t\t\t\t<div class=\"elementor-element elementor-element-4615d6f elementor-widget elementor-widget-jkit_portfolio_gallery\" data-id=\"4615d6f\" data-element_type=\"widget\" data-e-type=\"widget\" data-widget_type=\"jkit_portfolio_gallery.default\">\n\t\t\t\t<div class=\"elementor-widget-container\">\n\t\t\t\t\t<div  class=\"jeg-elementor-kit jkit-portfolio-gallery on-hover jeg_module___69f2c60aa26b5\" ><div class=\"portfolio-gallery-container\">\n            <div class=\"row-items\"><div class=\"row-item elementor-repeater-item-dd09a12 current-item\" data-tab=\"portfolio-gallery-tab-0\"><div class=\"row-item-info\">\n            <p class=\"info-subtitle\"><\/p>\n            <h2 class=\"info-title\">Hikayemiz<\/h2>\n        <\/div><div class=\"row-item-more position-before\"><a href=\"https:\/\/zgyo.com.tr\/hikayemiz\/\" target=\"_blank\"><svg viewBox=\"0 0 256 512\" xmlns=\"http:\/\/www.w3.org\/2000\/svg\"><path d=\"M224.3 273l-136 136c-9.4 9.4-24.6 9.4-33.9 0l-22.6-22.6c-9.4-9.4-9.4-24.6 0-33.9l96.4-96.4-96.4-96.4c-9.4-9.4-9.4-24.6 0-33.9L54.3 103c9.4-9.4 24.6-9.4 33.9 0l136 136c9.5 9.4 9.5 24.6.1 34z\"><\/path><\/svg>\u0130ncele<\/a><\/div><\/div><div class=\"row-item elementor-repeater-item-77e63c5 \" data-tab=\"portfolio-gallery-tab-1\"><div class=\"row-item-info\">\n            <p class=\"info-subtitle\"><\/p>\n            <h2 class=\"info-title\">Y\u00f6netim Kurulu<\/h2>\n        <\/div><div class=\"row-item-more position-after\"><a href=\"https:\/\/zgyo.com.tr\/yonetim-kurulu\/\" target=\"_blank\">\u0130ncele<svg viewBox=\"0 0 256 512\" xmlns=\"http:\/\/www.w3.org\/2000\/svg\"><path d=\"M224.3 273l-136 136c-9.4 9.4-24.6 9.4-33.9 0l-22.6-22.6c-9.4-9.4-9.4-24.6 0-33.9l96.4-96.4-96.4-96.4c-9.4-9.4-9.4-24.6 0-33.9L54.3 103c9.4-9.4 24.6-9.4 33.9 0l136 136c9.5 9.4 9.5 24.6.1 34z\"><\/path><\/svg><\/a><\/div><\/div><div class=\"row-item elementor-repeater-item-f53a64b current-item\" data-tab=\"portfolio-gallery-tab-2\"><div class=\"row-item-info\">\n            <p class=\"info-subtitle\"><\/p>\n            <h2 class=\"info-title\">S\u00fcrd\u00fcr\u00fclebilirlik<\/h2>\n        <\/div><div class=\"row-item-more position-after\"><a href=\"https:\/\/zgyo.com.tr\/sosyal-sorumluluk\/\" target=\"_blank\">\u0130ncele<svg viewBox=\"0 0 256 512\" xmlns=\"http:\/\/www.w3.org\/2000\/svg\"><path d=\"M224.3 273l-136 136c-9.4 9.4-24.6 9.4-33.9 0l-22.6-22.6c-9.4-9.4-9.4-24.6 0-33.9l96.4-96.4-96.4-96.4c-9.4-9.4-9.4-24.6 0-33.9L54.3 103c9.4-9.4 24.6-9.4 33.9 0l136 136c9.5 9.4 9.5 24.6.1 34z\"><\/path><\/svg><\/a><\/div><\/div><div class=\"row-item elementor-repeater-item-1ddfef3 \" data-tab=\"portfolio-gallery-tab-3\"><div class=\"row-item-info\">\n            <p class=\"info-subtitle\"><\/p>\n            <h2 class=\"info-title\">Sosyal Sorumluluk<\/h2>\n        <\/div><div class=\"row-item-more position-after\"><a href=\"https:\/\/zgyo.com.tr\/kariyer\/\" target=\"_blank\">\u0130ncele<svg viewBox=\"0 0 256 512\" xmlns=\"http:\/\/www.w3.org\/2000\/svg\"><path d=\"M224.3 273l-136 136c-9.4 9.4-24.6 9.4-33.9 0l-22.6-22.6c-9.4-9.4-9.4-24.6 0-33.9l96.4-96.4-96.4-96.4c-9.4-9.4-9.4-24.6 0-33.9L54.3 103c9.4-9.4 24.6-9.4 33.9 0l136 136c9.5 9.4 9.5 24.6.1 34z\"><\/path><\/svg><\/a><\/div><\/div><div class=\"row-item elementor-repeater-item-72f5a53 current-item\" data-tab=\"portfolio-gallery-tab-4\"><div class=\"row-item-info\">\n            <p class=\"info-subtitle\"><\/p>\n            <h2 class=\"info-title\">Kariyer<\/h2>\n        <\/div><div class=\"row-item-more position-after\"><a href=\"https:\/\/zgyo.com.tr\/kariyer\/\" target=\"_blank\">\u0130ncele<svg viewBox=\"0 0 256 512\" xmlns=\"http:\/\/www.w3.org\/2000\/svg\"><path d=\"M224.3 273l-136 136c-9.4 9.4-24.6 9.4-33.9 0l-22.6-22.6c-9.4-9.4-9.4-24.6 0-33.9l96.4-96.4-96.4-96.4c-9.4-9.4-9.4-24.6 0-33.9L54.3 103c9.4-9.4 24.6-9.4 33.9 0l136 136c9.5 9.4 9.5 24.6.1 34z\"><\/path><\/svg><\/a><\/div><\/div><\/div>\n            <div class=\"gallery-items\"><div id=\"portfolio-gallery-tab-0\" class=\"image-item current-item\" data-background=\"https:\/\/zgyo.com.tr\/wp-content\/uploads\/2025\/01\/Hikayemiz-2.jpg\" style=\"background-image:url(https:\/\/zgyo.com.tr\/wp-content\/uploads\/2025\/01\/Hikayemiz-2.jpg);\"><\/div><div id=\"portfolio-gallery-tab-1\" class=\"image-item \" data-background=\"https:\/\/zgyo.com.tr\/wp-content\/uploads\/2025\/01\/Yonetim-Kurulu-1.jpg\" style=\"background-image:url(https:\/\/zgyo.com.tr\/wp-content\/uploads\/2025\/01\/Yonetim-Kurulu-1.jpg);\"><\/div><div id=\"portfolio-gallery-tab-2\" class=\"image-item current-item\" data-background=\"https:\/\/zgyo.com.tr\/wp-content\/uploads\/2025\/01\/Surdurulebilirlik-1-1024x575.jpg\" style=\"background-image:url(https:\/\/zgyo.com.tr\/wp-content\/uploads\/2025\/01\/Surdurulebilirlik-1-1024x575.jpg);\"><\/div><div id=\"portfolio-gallery-tab-3\" class=\"image-item \" data-background=\"https:\/\/zgyo.com.tr\/wp-content\/uploads\/2025\/01\/Sosyal-Sorumluluk-2-1024x683.jpg\" style=\"background-image:url(https:\/\/zgyo.com.tr\/wp-content\/uploads\/2025\/01\/Sosyal-Sorumluluk-2-1024x683.jpg);\"><\/div><div id=\"portfolio-gallery-tab-4\" class=\"image-item current-item\" data-background=\"https:\/\/zgyo.com.tr\/wp-content\/uploads\/2025\/04\/hands-stack-business-people-1024x683.jpg\" style=\"background-image:url(https:\/\/zgyo.com.tr\/wp-content\/uploads\/2025\/04\/hands-stack-business-people-1024x683.jpg);\"><\/div><\/div>\n        <\/div><\/div>\t\t\t\t<\/div>\n\t\t\t\t<\/div>\n\t\t\t\t\t<\/div>\n\t\t\t\t<\/div>\n\t\t<div class=\"elementor-element elementor-element-5d36cc12 elementor-hidden-desktop elementor-hidden-tablet e-flex e-con-boxed e-con e-parent\" data-id=\"5d36cc12\" data-element_type=\"container\" data-e-type=\"container\">\n\t\t\t\t\t<div class=\"e-con-inner\">\n\t\t\t\t<div class=\"elementor-element elementor-element-35947b56 elementor-widget elementor-widget-wpzoom-elementor-addons-directors\" data-id=\"35947b56\" data-element_type=\"widget\" data-e-type=\"widget\" data-widget_type=\"wpzoom-elementor-addons-directors.default\">\n\t\t\t\t<div class=\"elementor-widget-container\">\n\t\t\t\t\t\t<div id=\"wpz-directors\" class=\"wpz-directors-wrapper wpz-default-directors\" data-active-onhover=\"true\" data-active-onhover-options=\"{&quot;triggers&quot;:&quot;.wpz-directors-nav li&quot;,&quot;targets&quot;:&quot;.wpz-directors-nav li&quot;}\">\n\t\t\n\n\t\t<nav class=\"wpz-directors-nav\">\n\t\t\t<ul>\n\t\t\t\t\t\t\t\t\t\t\t\t\t\t\t\t\t<li class=\"wpz-director-nav-item\">\n\t\t\t\t\t\t\t\t\t\t\t\t\t\t\t\t\t\t\t\t\t\t\t\t\t\t\t\t<div class=\"wpz-director-bg\" data-responsive-bg=\"true\">\n\t\t\t\t\t\t\t\t\t<figure class=\"hidden\">\n\t\t\t\t\t\t\t\t\t\t<img decoding=\"async\" class=\"wpz-directors-img\" src=\"https:\/\/zgyo.com.tr\/wp-content\/uploads\/2025\/01\/Hikayemiz-1.jpg\" alt=\"Hikayemiz\">\n\t\t\t\t\t\t\t\t\t<\/figure>\n\t\t\t\t\t\t\t\t<\/div>\n\t\t\t\t\t\t\t\t\t\t\t\t\t\t\t\t\t\t\t\t\t\t\t\t\t\t<a class=\"wpz-director-item-link\" href=\"https:\/\/zgyo.com.tr\/hikayemiz\/\">\n\t\t\t\t\t\t\t\t\t\t\t\t\t\t<span>Hikayemiz<\/span>\n\t\t\t\t\t\t\t\t\t\t\t\t\t<\/a>\n\t\t\t\t\t\t\t\t\t\t\t\t<hr\/>\n\t\t\t\t\t<\/li>\n\t\t\t\t\t\t\t\t\t\t\t\t\t\t\t\t\t\t\t\t\t<li class=\"wpz-director-nav-item\">\n\t\t\t\t\t\t\t\t\t\t\t\t\t\t\t\t\t\t\t\t\t\t\t\t\t\t\t\t<div class=\"wpz-director-bg\" data-responsive-bg=\"true\">\n\t\t\t\t\t\t\t\t\t<figure class=\"hidden\">\n\t\t\t\t\t\t\t\t\t\t<img decoding=\"async\" class=\"wpz-directors-img\" src=\"https:\/\/zgyo.com.tr\/wp-content\/uploads\/2025\/01\/Yonetim-Kurulu-1.jpg\" alt=\"Y\u00f6netim Kurulu\">\n\t\t\t\t\t\t\t\t\t<\/figure>\n\t\t\t\t\t\t\t\t<\/div>\n\t\t\t\t\t\t\t\t\t\t\t\t\t\t\t\t\t\t\t\t\t\t\t\t\t\t<a class=\"wpz-director-item-link\" href=\"https:\/\/zgyo.com.tr\/hikayemiz\/\">\n\t\t\t\t\t\t\t\t\t\t\t\t\t\t<span>Y\u00f6netim Kurulu<\/span>\n\t\t\t\t\t\t\t\t\t\t\t\t\t<\/a>\n\t\t\t\t\t\t\t\t\t\t\t\t<hr\/>\n\t\t\t\t\t<\/li>\n\t\t\t\t\t\t\t\t\t\t\t\t\t\t\t\t\t\t\t\t\t<li class=\"wpz-director-nav-item\">\n\t\t\t\t\t\t\t\t\t\t\t\t\t\t\t\t\t\t\t\t\t\t\t\t\t\t\t\t<div class=\"wpz-director-bg\" data-responsive-bg=\"true\">\n\t\t\t\t\t\t\t\t\t<figure class=\"hidden\">\n\t\t\t\t\t\t\t\t\t\t<img decoding=\"async\" class=\"wpz-directors-img\" src=\"https:\/\/zgyo.com.tr\/wp-content\/uploads\/2025\/01\/Surdurulebilirlik-1.jpg\" alt=\"S\u00fcrd\u00fcr\u00fclebilirlik\">\n\t\t\t\t\t\t\t\t\t<\/figure>\n\t\t\t\t\t\t\t\t<\/div>\n\t\t\t\t\t\t\t\t\t\t\t\t\t\t\t\t\t\t\t\t\t\t\t\t\t\t<a class=\"wpz-director-item-link\" href=\"https:\/\/zgyo.com.tr\/surdurulebilirlik\/\">\n\t\t\t\t\t\t\t\t\t\t\t\t\t\t<span>S\u00fcrd\u00fcr\u00fclebilirlik<\/span>\n\t\t\t\t\t\t\t\t\t\t\t\t\t<\/a>\n\t\t\t\t\t\t\t\t\t\t\t\t<hr\/>\n\t\t\t\t\t<\/li>\n\t\t\t\t\t\t\t\t\t\t\t\t\t\t\t\t\t\t\t\t\t<li class=\"wpz-director-nav-item\">\n\t\t\t\t\t\t\t\t\t\t\t\t\t\t\t\t\t\t\t\t\t\t\t\t\t\t\t\t<div class=\"wpz-director-bg\" data-responsive-bg=\"true\">\n\t\t\t\t\t\t\t\t\t<figure class=\"hidden\">\n\t\t\t\t\t\t\t\t\t\t<img decoding=\"async\" class=\"wpz-directors-img\" src=\"https:\/\/zgyo.com.tr\/wp-content\/uploads\/2025\/01\/Sosyal-Sorumluluk-2.jpg\" alt=\"Sosyal Sorumluluk\">\n\t\t\t\t\t\t\t\t\t<\/figure>\n\t\t\t\t\t\t\t\t<\/div>\n\t\t\t\t\t\t\t\t\t\t\t\t\t\t\t\t\t\t\t\t\t\t\t\t\t\t<a class=\"wpz-director-item-link\" href=\"https:\/\/zgyo.com.tr\/sosyal-sorumluluk\/\">\n\t\t\t\t\t\t\t\t\t\t\t\t\t\t<span>Sosyal Sorumluluk<\/span>\n\t\t\t\t\t\t\t\t\t\t\t\t\t<\/a>\n\t\t\t\t\t\t\t\t\t\t\t\t<hr\/>\n\t\t\t\t\t<\/li>\n\t\t\t\t\t\t\t\t\t\t\t\t\t\t\t\t\t\t\t\t\t<li class=\"wpz-director-nav-item\">\n\t\t\t\t\t\t\t\t\t\t\t\t\t\t\t\t\t\t\t\t\t\t\t\t\t\t\t\t<div class=\"wpz-director-bg\" data-responsive-bg=\"true\">\n\t\t\t\t\t\t\t\t\t<figure class=\"hidden\">\n\t\t\t\t\t\t\t\t\t\t<img decoding=\"async\" class=\"wpz-directors-img\" src=\"https:\/\/zgyo.com.tr\/wp-content\/uploads\/2025\/04\/hands-stack-business-people-scaled.jpg\" alt=\"Kariyer\">\n\t\t\t\t\t\t\t\t\t<\/figure>\n\t\t\t\t\t\t\t\t<\/div>\n\t\t\t\t\t\t\t\t\t\t\t\t\t\t\t\t\t\t\t\t\t\t\t\t\t\t<a class=\"wpz-director-item-link\" href=\"https:\/\/zgyo.com.tr\/kariyer\/\">\n\t\t\t\t\t\t\t\t\t\t\t\t\t\t<span>Kariyer<\/span>\n\t\t\t\t\t\t\t\t\t\t\t\t\t<\/a>\n\t\t\t\t\t\t\t\t\t\t\t\t<hr\/>\n\t\t\t\t\t<\/li>\n\t\t\t\t\t\t\t\t\t\t<\/ul>\n\t\t<\/nav>\n\n\n\t<\/div><!--\/\/.wpz-directors-wrapper-->\n\n\t\t\t\t<\/div>\n\t\t\t\t<\/div>\n\t\t\t\t\t<\/div>\n\t\t\t\t<\/div>\n\t\t\t\t<\/div>\n\t\t","protected":false},"excerpt":{"rendered":"<p>Vizyonla Y\u00fckselen De\u011fer Z GYO, gelece\u011fin \u015fehirlerini bug\u00fcnden in\u015fa eden bir vizyonla hareket eder. Her projesinde s\u00fcrd\u00fcr\u00fclebilir ya\u015fam\u0131, mimari esteti\u011fi ve yat\u0131r\u0131m de\u011ferini bir araya getirerek, bulundu\u011fu b\u00f6lgelere de\u011fer katar. Sadece yap\u0131lar de\u011fil, ya\u015fam bi\u00e7imleri tasarlayarak yat\u0131r\u0131mc\u0131s\u0131na uzun vadeli g\u00fcven sunar. Z GYO Kurumsal Misyonumuz &#038; Vizyonumuz Z GYO\u2019nun vizyonu; s\u00fcrd\u00fcr\u00fclebilir, estetik ve prestijli ya\u015fam alanlar\u0131yla gayrimenkul sekt\u00f6r\u00fcnde iz b\u0131rakmakt\u0131r. Misyonumuz; yat\u0131r\u0131m de\u011ferini, g\u00fcveni ve kaliteyi merkeze alarak, topluma de\u011fer katan projeler geli\u015ftirmektir. Hikayemiz \u0130ncele [&hellip;]<\/p>\n","protected":false},"author":3,"featured_media":8433,"parent":0,"menu_order":0,"comment_status":"closed","ping_status":"closed","template":"","meta":{"inspiro_page_layout":"narrow","inspiro_hide_title":false,"footnotes":""},"class_list":["post-8453","page","type-page","status-publish","has-post-thumbnail","hentry"],"_links":{"self":[{"href":"https:\/\/zgyo.com.tr\/tr\/wp-json\/wp\/v2\/pages\/8453","targetHints":{"allow":["GET"]}}],"collection":[{"href":"https:\/\/zgyo.com.tr\/tr\/wp-json\/wp\/v2\/pages"}],"about":[{"href":"https:\/\/zgyo.com.tr\/tr\/wp-json\/wp\/v2\/types\/page"}],"author":[{"embeddable":true,"href":"https:\/\/zgyo.com.tr\/tr\/wp-json\/wp\/v2\/users\/3"}],"replies":[{"embeddable":true,"href":"https:\/\/zgyo.com.tr\/tr\/wp-json\/wp\/v2\/comments?post=8453"}],"version-history":[{"count":6,"href":"https:\/\/zgyo.com.tr\/tr\/wp-json\/wp\/v2\/pages\/8453\/revisions"}],"predecessor-version":[{"id":8459,"href":"https:\/\/zgyo.com.tr\/tr\/wp-json\/wp\/v2\/pages\/8453\/revisions\/8459"}],"wp:featuredmedia":[{"embeddable":true,"href":"https:\/\/zgyo.com.tr\/tr\/wp-json\/wp\/v2\/media\/8433"}],"wp:attachment":[{"href":"https:\/\/zgyo.com.tr\/tr\/wp-json\/wp\/v2\/media?parent=8453"}],"curies":[{"name":"wp","href":"https:\/\/api.w.org\/{rel}","templated":true}]}}