{"id":8721,"date":"2026-01-19T18:11:06","date_gmt":"2026-01-19T15:11:06","guid":{"rendered":"https:\/\/zgyo.com.tr\/?page_id=8721"},"modified":"2026-01-19T18:27:54","modified_gmt":"2026-01-19T15:27:54","slug":"gayrimenkul-degerleme-raporlari","status":"publish","type":"page","link":"https:\/\/zgyo.com.tr\/tr\/gayrimenkul-degerleme-raporlari\/","title":{"rendered":"Gayrimenkul De\u011ferleme Raporlar\u0131"},"content":{"rendered":"<style>.elementor-8721 .elementor-element.elementor-element-7da1836{--display:flex;--flex-direction:column;--container-widget-width:100%;--container-widget-height:initial;--container-widget-flex-grow:0;--container-widget-align-self:initial;--flex-wrap-mobile:wrap;}.elementor-8721 .elementor-element.elementor-element-e8805bc{--display:flex;}.elementor-8721 .elementor-element.elementor-element-6c2465e .elementor-button .elementor-button-content-wrapper{justify-content:center;}.elementor-8721 .elementor-element.elementor-element-6c2465e .elementor-button{font-weight:600;fill:#000000;color:#000000;background-color:#E2E2E2;border-style:none;}.elementor-8721 .elementor-element.elementor-element-6c2465e.elementor-element{--flex-grow:0;--flex-shrink:0;}.elementor-8721 .elementor-element.elementor-element-b48b066 .elementor-button .elementor-button-content-wrapper{justify-content:center;}.elementor-8721 .elementor-element.elementor-element-b48b066 .elementor-button{font-weight:600;fill:#000000;color:#000000;background-color:#E2E2E2;border-style:none;}.elementor-8721 .elementor-element.elementor-element-b48b066.elementor-element{--flex-grow:0;--flex-shrink:0;}.elementor-8721 .elementor-element.elementor-element-a75dd0f .elementor-button .elementor-button-content-wrapper{justify-content:center;}.elementor-8721 .elementor-element.elementor-element-a75dd0f .elementor-button{font-weight:600;fill:#000000;color:#000000;background-color:#E2E2E2;border-style:none;}.elementor-8721 .elementor-element.elementor-element-a75dd0f.elementor-element{--flex-grow:0;--flex-shrink:0;}.elementor-8721 .elementor-element.elementor-element-9490d70 .elementor-button .elementor-button-content-wrapper{justify-content:center;}.elementor-8721 .elementor-element.elementor-element-9490d70 .elementor-button{font-weight:600;fill:#000000;color:#000000;background-color:#E2E2E2;border-style:none;}.elementor-8721 .elementor-element.elementor-element-9490d70.elementor-element{--flex-grow:0;--flex-shrink:0;}.elementor-8721 .elementor-element.elementor-element-a8a9df3 .elementor-button .elementor-button-content-wrapper{justify-content:center;}.elementor-8721 .elementor-element.elementor-element-a8a9df3 .elementor-button{font-weight:600;fill:#000000;color:#000000;background-color:#E2E2E2;border-style:none;}.elementor-8721 .elementor-element.elementor-element-a8a9df3.elementor-element{--flex-grow:0;--flex-shrink:0;}@media(max-width:767px){.elementor-8721 .elementor-element.elementor-element-6c2465e .elementor-button .elementor-button-content-wrapper{justify-content:center;}.elementor-8721 .elementor-element.elementor-element-a75dd0f .elementor-button .elementor-button-content-wrapper{justify-content:start;}}<\/style>\t\t<div data-elementor-type=\"wp-page\" data-elementor-id=\"8721\" class=\"elementor elementor-8721\" data-elementor-post-type=\"page\">\n\t\t\t\t<div class=\"elementor-element elementor-element-7da1836 e-flex e-con-boxed e-con e-parent\" data-id=\"7da1836\" data-element_type=\"container\" data-e-type=\"container\">\n\t\t\t\t\t<div class=\"e-con-inner\">\n\t\t<div class=\"elementor-element elementor-element-e8805bc e-con-full e-flex e-con e-child\" data-id=\"e8805bc\" data-element_type=\"container\" data-e-type=\"container\">\n\t\t\t\t<div class=\"elementor-element elementor-element-6c2465e elementor-align-justify elementor-mobile-align-justify elementor-widget elementor-widget-button\" data-id=\"6c2465e\" data-element_type=\"widget\" data-e-type=\"widget\" data-widget_type=\"button.default\">\n\t\t\t\t<div class=\"elementor-widget-container\">\n\t\t\t\t\t\t\t\t\t<div class=\"elementor-button-wrapper\">\n\t\t\t\t\t<a class=\"elementor-button elementor-button-link elementor-size-sm\" href=\"https:\/\/zgyo.com.tr\/wp-content\/uploads\/2026\/01\/Ankara-Egitim-Kampusu.pdf\">\n\t\t\t\t\t\t<span class=\"elementor-button-content-wrapper\">\n\t\t\t\t\t\t\t\t\t<span class=\"elementor-button-text\">Ankara E\u011fitim Kamp\u00fcs\u00fc<\/span>\n\t\t\t\t\t<\/span>\n\t\t\t\t\t<\/a>\n\t\t\t\t<\/div>\n\t\t\t\t\t\t\t\t<\/div>\n\t\t\t\t<\/div>\n\t\t\t\t<div class=\"elementor-element elementor-element-b48b066 elementor-align-justify elementor-widget elementor-widget-button\" data-id=\"b48b066\" data-element_type=\"widget\" data-e-type=\"widget\" data-widget_type=\"button.default\">\n\t\t\t\t<div class=\"elementor-widget-container\">\n\t\t\t\t\t\t\t\t\t<div class=\"elementor-button-wrapper\">\n\t\t\t\t\t<a class=\"elementor-button elementor-button-link elementor-size-sm\" href=\"https:\/\/zgyo.com.tr\/wp-content\/uploads\/2026\/01\/Ankara-Golbasi.pdf\">\n\t\t\t\t\t\t<span class=\"elementor-button-content-wrapper\">\n\t\t\t\t\t\t\t\t\t<span class=\"elementor-button-text\">Ankara G\u00f6lba\u015f\u0131<\/span>\n\t\t\t\t\t<\/span>\n\t\t\t\t\t<\/a>\n\t\t\t\t<\/div>\n\t\t\t\t\t\t\t\t<\/div>\n\t\t\t\t<\/div>\n\t\t\t\t<div class=\"elementor-element elementor-element-a75dd0f elementor-align-justify elementor-mobile-align-justify elementor-widget elementor-widget-button\" data-id=\"a75dd0f\" data-element_type=\"widget\" data-e-type=\"widget\" data-widget_type=\"button.default\">\n\t\t\t\t<div class=\"elementor-widget-container\">\n\t\t\t\t\t\t\t\t\t<div class=\"elementor-button-wrapper\">\n\t\t\t\t\t<a class=\"elementor-button elementor-button-link elementor-size-sm\" href=\"https:\/\/zgyo.com.tr\/wp-content\/uploads\/2026\/01\/Ankara-Karakusunlar.pdf\">\n\t\t\t\t\t\t<span class=\"elementor-button-content-wrapper\">\n\t\t\t\t\t\t\t\t\t<span class=\"elementor-button-text\">Ankara Karakusunlar<\/span>\n\t\t\t\t\t<\/span>\n\t\t\t\t\t<\/a>\n\t\t\t\t<\/div>\n\t\t\t\t\t\t\t\t<\/div>\n\t\t\t\t<\/div>\n\t\t\t\t<div class=\"elementor-element elementor-element-9490d70 elementor-align-justify elementor-widget elementor-widget-button\" data-id=\"9490d70\" data-element_type=\"widget\" data-e-type=\"widget\" data-widget_type=\"button.default\">\n\t\t\t\t<div class=\"elementor-widget-container\">\n\t\t\t\t\t\t\t\t\t<div class=\"elementor-button-wrapper\">\n\t\t\t\t\t<a class=\"elementor-button elementor-button-link elementor-size-sm\" href=\"https:\/\/zgyo.com.tr\/wp-content\/uploads\/2026\/01\/Ankara-Kizilcahamam.pdf\">\n\t\t\t\t\t\t<span class=\"elementor-button-content-wrapper\">\n\t\t\t\t\t\t\t\t\t<span class=\"elementor-button-text\">Ankara K\u0131z\u0131lcahamam<\/span>\n\t\t\t\t\t<\/span>\n\t\t\t\t\t<\/a>\n\t\t\t\t<\/div>\n\t\t\t\t\t\t\t\t<\/div>\n\t\t\t\t<\/div>\n\t\t\t\t<div class=\"elementor-element elementor-element-a8a9df3 elementor-align-justify elementor-widget elementor-widget-button\" data-id=\"a8a9df3\" data-element_type=\"widget\" data-e-type=\"widget\" data-widget_type=\"button.default\">\n\t\t\t\t<div class=\"elementor-widget-container\">\n\t\t\t\t\t\t\t\t\t<div class=\"elementor-button-wrapper\">\n\t\t\t\t\t<a class=\"elementor-button elementor-button-link elementor-size-sm\" href=\"https:\/\/zgyo.com.tr\/wp-content\/uploads\/2026\/01\/Ankara-Ovacik.pdf\">\n\t\t\t\t\t\t<span class=\"elementor-button-content-wrapper\">\n\t\t\t\t\t\t\t\t\t<span class=\"elementor-button-text\">Ankara Ovac\u0131k<\/span>\n\t\t\t\t\t<\/span>\n\t\t\t\t\t<\/a>\n\t\t\t\t<\/div>\n\t\t\t\t\t\t\t\t<\/div>\n\t\t\t\t<\/div>\n\t\t\t\t<\/div>\n\t\t\t\t\t<\/div>\n\t\t\t\t<\/div>\n\t\t\t\t<\/div>\n\t\t","protected":false},"excerpt":{"rendered":"<p>Ankara E\u011fitim Kamp\u00fcs\u00fc Ankara G\u00f6lba\u015f\u0131 Ankara Karakusunlar Ankara K\u0131z\u0131lcahamam Ankara Ovac\u0131k<\/p>\n","protected":false},"author":3,"featured_media":8722,"parent":0,"menu_order":0,"comment_status":"closed","ping_status":"closed","template":"","meta":{"inspiro_page_layout":"narrow","inspiro_hide_title":false,"footnotes":""},"class_list":["post-8721","page","type-page","status-publish","has-post-thumbnail","hentry"],"_links":{"self":[{"href":"https:\/\/zgyo.com.tr\/tr\/wp-json\/wp\/v2\/pages\/8721","targetHints":{"allow":["GET"]}}],"collection":[{"href":"https:\/\/zgyo.com.tr\/tr\/wp-json\/wp\/v2\/pages"}],"about":[{"href":"https:\/\/zgyo.com.tr\/tr\/wp-json\/wp\/v2\/types\/page"}],"author":[{"embeddable":true,"href":"https:\/\/zgyo.com.tr\/tr\/wp-json\/wp\/v2\/users\/3"}],"replies":[{"embeddable":true,"href":"https:\/\/zgyo.com.tr\/tr\/wp-json\/wp\/v2\/comments?post=8721"}],"version-history":[{"count":7,"href":"https:\/\/zgyo.com.tr\/tr\/wp-json\/wp\/v2\/pages\/8721\/revisions"}],"predecessor-version":[{"id":8743,"href":"https:\/\/zgyo.com.tr\/tr\/wp-json\/wp\/v2\/pages\/8721\/revisions\/8743"}],"wp:featuredmedia":[{"embeddable":true,"href":"https:\/\/zgyo.com.tr\/tr\/wp-json\/wp\/v2\/media\/8722"}],"wp:attachment":[{"href":"https:\/\/zgyo.com.tr\/tr\/wp-json\/wp\/v2\/media?parent=8721"}],"curies":[{"name":"wp","href":"https:\/\/api.w.org\/{rel}","templated":true}]}}